{"id":1314,"date":"2022-05-19T10:00:16","date_gmt":"2022-05-19T10:00:16","guid":{"rendered":"https:\/\/www.conradpuntademita.com\/?page_id=1314"},"modified":"2026-04-24T22:56:48","modified_gmt":"2026-04-24T22:56:48","slug":"ofertas","status":"publish","type":"page","link":"https:\/\/www.conradpuntademita.com\/es\/ofertas\/","title":{"rendered":"Ofertas"},"content":{"rendered":"<section id=\"banner-block_a9ed1fd98ac3533dfb41d04c1c335b82\" class=\"banner gradient-banner full-height-banner full-height single-room\">\n  <div class=\"banner-wrapper\">\n          <img decoding=\"async\" src=\"https:\/\/cdn.conradpuntademita.com\/wp-content\/uploads\/2022\/06\/30152350\/ConradPuntaMita-Spherical-JoeThomas-022022-48-1-1-e1660157877356.webp\" alt=\"ConradPuntaMita-Esf\u00e9rico-JoeThomas-022022-48 (1)\" class=\"banner__img banner__media\">\n      <\/div>\n\n      <div class=\"banner-content\">\n              <h1 class=\"banner-title heading1\">Ofertas Especiales<\/h1>\n      \n              <h3 class=\"banner-subtitle heading5\">Siente la emoci\u00f3n de la aventura<\/h3>\n              \n      \n<\/section>\n\n\n\n<section class=\"wysiwig body-wrapper no-margin-top event-list\" id=\"wysiwig-block_b6b2bd02a4d600093e7e864ba1f11d77\">\n  <p>&nbsp;<\/p>\n<p class=\"title-wrapper\" style=\"text-align: center; margin-top: 20px;\">Un santuario intacto lleno de tradici\u00f3n, sabor local, aventura y experiencia, Conrad Punta de Mita est\u00e1 ubicado entre los acantilados v\u00edrgenes de la costa del Pac\u00edfico de M\u00e9xico. Situado donde la selva se encuentra con el mar, a pasos de las maravillas naturales de los impresionantes paisajes y la serena belleza de la Riviera Nayarit. Aqu\u00ed, permita que la naturaleza sea su patio trasero, descubriendo el tapiz vibrante de la experiencia y de actividades justo afuera de su puerta.<\/p>\n<\/section>\n\n\n<section class=\"wysiwig body-wrapper event-list\" id=\"wysiwig-block_2f60cd9fbfda1fd550dd4d3d627331cd\">\n  <p>&nbsp;<\/p>\n<p style=\"text-align: center;\"><span style=\"font-weight: 400;\">Para Reservar llama al<\/span>\u00a0<a href=\"Tel:1-844-298-4300\"><span style=\"text-decoration: underline;\">1-844-298-4300<\/span><\/a><span style=\"font-weight: 400;\"> o env\u00ede un <\/span><span style=\"font-weight: 400;\">correo electr\u00f3nico a <\/span><a title=\"CPM.reservations@conradhotels.com\" href=\"mailto:CPM.reservations@conradhotels.com\" target=\"_blank\" rel=\"noopener\"><span style=\"text-decoration: underline;\">CPM.reservations@ConradHotels.com<\/span><\/a>.<\/p>\n<\/section>\n\n\n\t<section class=\"media-content body-wrapper not-link\" id=\"banner-block_4cf3d5ce3d1e564caa6b7d7304ff22d5\">\n\t<div class=\"media-content__left\">\n\t\t\t\t<h2 class=\"heading2 a-up\">\n\t\t\tOferta de cr\u00e9dito del resort\t\t\t\t\t<\/h2>\n\t\t\t\t\t\t\t<h4 class=\"media-content__subheading a-up a-delay-1\">TU TERCERA NOCHE CORRE POR NUESTRA CUENTA, ADEM\u00c1S DE UN CR\u00c9DITO DE $200 USD PARA EL RESORT.<\/h4>\n\t\t\n\t\t\n\t\t\n\t\t\t\t<div class=\"media-content__text a-up a-delay-2\"><p>Disfrute de m\u00e1s tiempo en Punta de Mita con su tercera noche por nuestra cuenta, adem\u00e1s de un cr\u00e9dito de 200 USD para disfrutar de experiencias gastron\u00f3micas y de spa durante su estancia.<\/p><\/div>\n\t\t\n\t\t\t\t\t<style>\n\t\t\t.media-content__cta-container {\n\t\t\t\tdisplay: flex;\n\t\t\t\tgap: 10px; \/* Espacio entre botones *\/\n\t\t\t}\n\n\t\t\t.media-content__cta {\n\t\t\t\twhite-space: nowrap; \/* Asegura que no se rompan en l\u00edneas *\/\n\t\t\t}\n\t\t\t<\/style>\n\t\t\t<div class=\"media-content__cta-container\">\n\t\t\t\t<a href=\"https:\/\/www.conradpuntademita.com\/es\/ofertas\/credito-del-resort\/\" target=\"\" class=\"btn a-up a-delay-4 media-content__cta\">Oferta de cr\u00e9dito del resort<\/a>\n\t\t\t\t\n\t\t\t\t\t\t\t\t\t<\/div>\n\t\t\t\t\t<\/div>\n\n\t<div class=\"media-content__right hover-images a-up a-delay-2\">\n\t\t<span class=\"media-content__gradient media-content__gradient-left\"><\/span>\n\t\t<span class=\"media-content__gradient media-content__gradient-right\"><\/span>\n\t\t<span class=\"media-content__gradient media-content__gradient-top\"><\/span>\n\t\t<span class=\"media-content__gradient media-content__gradient-bottom\"><\/span>\n\t\t\t\t\t\t\t<img decoding=\"async\" width=\"1500\" height=\"1000\" src=\"https:\/\/cdn.conradpuntademita.com\/wp-content\/uploads\/2025\/12\/16191939\/CPM-Resort-Credit-Offer-1.jpg\" class=\"hover-image is-hovered\" alt=\"Bandeja de desayuno flotante en piscina privada con vista a la playa tropical, con champ\u00e1n, pasteles y fruta fresca.\" loading=\"lazy\" srcset=\"https:\/\/cdn.conradpuntademita.com\/wp-content\/uploads\/2025\/12\/16191939\/CPM-Resort-Credit-Offer-1.jpg 1500w, https:\/\/cdn.conradpuntademita.com\/wp-content\/uploads\/2025\/12\/16191939\/CPM-Resort-Credit-Offer-1-300x200.jpg 300w, https:\/\/cdn.conradpuntademita.com\/wp-content\/uploads\/2025\/12\/16191939\/CPM-Resort-Credit-Offer-1-1024x683.jpg 1024w, https:\/\/cdn.conradpuntademita.com\/wp-content\/uploads\/2025\/12\/16191939\/CPM-Resort-Credit-Offer-1-768x512.jpg 768w, https:\/\/cdn.conradpuntademita.com\/wp-content\/uploads\/2025\/12\/16191939\/CPM-Resort-Credit-Offer-1-18x12.jpg 18w, https:\/\/cdn.conradpuntademita.com\/wp-content\/uploads\/2025\/12\/16191939\/CPM-Resort-Credit-Offer-1-600x400.jpg 600w\" sizes=\"auto, (max-width: 1500px) 100vw, 1500px\" \/>\t\t\t\t\t<\/div>\n\n\t\t<\/section>\n\n\n<section id=\"offers\" class=\"venues-spaces experience-events body-wrapper\" data-cpt=\"offer\">\n\n\n\n<div id=\"relatedPostIds\" data-ids=\"19182,17842,15463,19399,18717,18550,7489,4742,16524,19103,18907\" style=\"display: none;\"><\/div>\n\n  <div class=\"venues-spaces__items\">\n          \t\n\t<div class=\"loop-event\">\n\t<div class=\"loop-event__link-wrapper\">\n\t\t<a href=\"https:\/\/www.conradpuntademita.com\/es\/ofertas\/verano-de-futbol\/\" class=\"loop-event__link\">\n\t\n\t<div class=\"loop-event__img\">\n\t\t\t\t\t<a href=\"https:\/\/www.conradpuntademita.com\/es\/ofertas\/verano-de-futbol\/\" class=\"foto-hover\">\n\t\t\t\t\t\t\t\t\t<img decoding=\"async\" src=\"https:\/\/cdn.conradpuntademita.com\/wp-content\/uploads\/2026\/04\/09172249\/CPM-Futbol-2026-585x730.jpg\" alt=\"\">\n\t\t\t\n\t\t\t\t<\/a>\n\t\t\t\t\t\t\t\t\n\t<\/div>\n\n\n\n\n\t\t\n\n\t\t<\/a>\n\t\n\n\n\t<\/div>\n\n\t<div class=\"loop-event__info\">\n\n\t<h3 class='loop-event__heading heading3 a-up'>\n\tEscapada de f\u00fatbol de verano 2026\t<\/h3>\n\n\t\t\t\t\t<div class=\"loop-event__text a-up a-delay-1\">\n\t\t\t\t<p>Disfrute de un descuento de 50% en todas las habitaciones, adem\u00e1s de un cr\u00e9dito de $50 USD por d\u00eda para usar en el resort Conrad Punta de Mita. No se requiere estad\u00eda m\u00ednima para estancias entre el 1 de mayo y el 31 de julio de 2026.<\/p>\n\t\t\t<\/div>\n\t\t\n\t<div class=\"loop-event__cta-wrapper\">\n\t\n\t\t<a href=\"https:\/\/www.conradpuntademita.com\/es\/ofertas\/verano-de-futbol\/\" class=\"btn btn-secondary loop-event__cta a-up a-delay-4\">Ver detalles<\/a>\n\t\n\t\t\n\t\t\t<a href=\"https:\/\/www.hilton.com\/en\/book\/reservation\/deeplink\/?&#038;ctyhocn=PVRPMCI&#038;spec_plan=FTWC26&#038;requestedRatesOnly=true&#038;arrivalDate=2026-05-01&#038;departureDate=2026-05-02&#038;flexibleDates=true\" class=\"btn btn-outline loop-event__cta a-up a-delay-3\" target=\"_self\" rel=\"noopener\">\n\t\tReservar ahora\t\t<\/a>\n\t\t\t<\/div>\n\n\t<\/div>\n\t<\/div>\n\t          \t\n\t<div class=\"loop-event\">\n\t<div class=\"loop-event__link-wrapper\">\n\t\t<a href=\"https:\/\/www.conradpuntademita.com\/es\/ofertas\/credito-del-resort\/\" class=\"loop-event__link\">\n\t\n\t<div class=\"loop-event__img\">\n\t\t\t\t\t<a href=\"https:\/\/www.conradpuntademita.com\/es\/ofertas\/credito-del-resort\/\" class=\"foto-hover\">\n\t\t\t\t\t\t\t\t\t<img decoding=\"async\" src=\"https:\/\/cdn.conradpuntademita.com\/wp-content\/uploads\/2025\/12\/15223123\/CPM-Resort-Credit-Offer-585x730.jpg\" alt=\"Mujer relaj\u00e1ndose en la piscina de la azotea con desayuno flotante, champ\u00e1n y vistas panor\u00e1micas al oc\u00e9ano.\">\n\t\t\t\n\t\t\t\t<\/a>\n\t\t\t\t\t\t\t\t\n\t<\/div>\n\n\n\n\n\t\t\n\n\t\t<\/a>\n\t\n\n\n\t<\/div>\n\n\t<div class=\"loop-event__info\">\n\n\t<h3 class='loop-event__heading heading3 a-up'>\n\tOferta de cr\u00e9dito del resort\t<\/h3>\n\n\t\t\t\t\t<div class=\"loop-event__text a-up a-delay-1\">\n\t\t\t\t<p>Disfrute de m\u00e1s tiempo para relajarse con su tercera noche por nuestra cuenta, adem\u00e1s de un cr\u00e9dito de $200 USD para experiencias gastron\u00f3micas y de spa en el Conrad Punta de Mita.<\/p>\n\t\t\t<\/div>\n\t\t\n\t<div class=\"loop-event__cta-wrapper\">\n\t\n\t\t<a href=\"https:\/\/www.conradpuntademita.com\/es\/ofertas\/credito-del-resort\/\" class=\"btn btn-secondary loop-event__cta a-up a-delay-4\">Ver detalles<\/a>\n\t\n\t\t\n\t\t\t<a href=\"https:\/\/www.hilton.com\/en\/book\/reservation\/deeplink\/?&#038;ctyhocn=PVRPMCI&#038;spec_plan=PGAIRO&#038;requestedRatesOnly=true&#038;arrivalDate=2026-01-01&#038;departureDate=2026-01-04&#038;flexibleDates=true\" class=\"btn btn-outline loop-event__cta a-up a-delay-3\" target=\"_self\" rel=\"noopener\">\n\t\tReservar ahora\t\t<\/a>\n\t\t\t<\/div>\n\n\t<\/div>\n\t<\/div>\n\t          \t\n\t<div class=\"loop-event\">\n\t<div class=\"loop-event__link-wrapper\">\n\t\t<a href=\"https:\/\/www.conradpuntademita.com\/es\/ofertas\/venta-de-hilton\/\" class=\"loop-event__link\">\n\t\n\t<div class=\"loop-event__img\">\n\t\t\t\t\t<a href=\"https:\/\/www.conradpuntademita.com\/es\/ofertas\/venta-de-hilton\/\" class=\"foto-hover\">\n\t\t\t\t\t\t\t\t\t<img decoding=\"async\" src=\"https:\/\/cdn.conradpuntademita.com\/wp-content\/uploads\/2025\/09\/16113146\/Sunset-585x730.webp\" alt=\"Playa con vistas al atardecer, palmeras, tumbonas y sombrillas, con vistas a un oc\u00e9ano tranquilo y un cielo dorado.\">\n\t\t\t\n\t\t\t\t<\/a>\n\t\t\t\t\t\t\t\t\n\t<\/div>\n\n\n\n\n\t\t\n\n\t\t<\/a>\n\t\n\n\n\t<\/div>\n\n\t<div class=\"loop-event__info\">\n\n\t<h3 class='loop-event__heading heading3 a-up'>\n\tLa venta de Hilton\t<\/h3>\n\n\t\t\t\t\t<div class=\"loop-event__text a-up a-delay-1\">\n\t\t\t\t<p>Oferta especial de Hilton: reserva antes del 1 de junio y ahorra hasta 201 TP3T en estancias desde ahora hasta el 10 de enero de 2027. <\/p>\n\t\t\t<\/div>\n\t\t\n\t<div class=\"loop-event__cta-wrapper\">\n\t\n\t\t<a href=\"https:\/\/www.conradpuntademita.com\/es\/ofertas\/venta-de-hilton\/\" class=\"btn btn-secondary loop-event__cta a-up a-delay-4\">Ver detalles<\/a>\n\t\n\t\t\n\t\t\t<a href=\"https:\/\/www.hilton.com\/en\/book\/reservation\/deeplink\/?&#038;ctyhocn=PVRPMCI&#038;srpCodes=RPDMRO&#038;arrivalDate=2025-01-01&#038;departureDate=2025-01-02&#038;flexibleDates=true&#038;displayCurrency=USD\" class=\"btn btn-outline loop-event__cta a-up a-delay-3\" target=\"_blank\" rel=\"noopener\">\n\t\tReserva ahora\t\t<\/a>\n\t\t\t<\/div>\n\n\t<\/div>\n\t<\/div>\n\t          \t\n\t<div class=\"loop-event\">\n\t<div class=\"loop-event__link-wrapper\">\n\t\t<a href=\"https:\/\/www.conradpuntademita.com\/es\/ofertas\/captura-el-momento\/\" class=\"loop-event__link\">\n\t\n\t<div class=\"loop-event__img\">\n\t\t\t\t\t<a href=\"https:\/\/www.conradpuntademita.com\/es\/ofertas\/captura-el-momento\/\" class=\"foto-hover\">\n\t\t\t\t\t\t\t\t\t<img decoding=\"async\" src=\"https:\/\/cdn.conradpuntademita.com\/wp-content\/uploads\/2026\/04\/24222432\/CPM-Festive-2026-585x730.jpg\" alt=\"\">\n\t\t\t\n\t\t\t\t<\/a>\n\t\t\t\t\t\t\t\t\n\t<\/div>\n\n\n\n\n\t\t\n\n\t\t<\/a>\n\t\n\n\n\t<\/div>\n\n\t<div class=\"loop-event__info\">\n\n\t<h3 class='loop-event__heading heading3 a-up'>\n\tCaptura el momento\t<\/h3>\n\n\t\t\t\t\t<div class=\"loop-event__text a-up a-delay-1\">\n\t\t\t\t<p>Reserve la temporada festiva en Conrad Punta de Mita con 25% de descuento, cr\u00e9ditos diarios para el resort de hasta $140 USD y alojamiento con vista al mar desde $650 USD ++.<\/p>\n\t\t\t<\/div>\n\t\t\n\t<div class=\"loop-event__cta-wrapper\">\n\t\n\t\t<a href=\"https:\/\/www.conradpuntademita.com\/es\/ofertas\/captura-el-momento\/\" class=\"btn btn-secondary loop-event__cta a-up a-delay-4\">Ver detalles<\/a>\n\t\n\t\t\n\t\t\t<a href=\"https:\/\/www.hilton.com\/en\/book\/reservation\/deeplink?&#038;ctyhocn=PVRPMCI&#038;spec_plan=FESTIV&#038;requestedRatesOnly=true&#038;arrivalDate=2026-12-20&#038;departureDate=2026-12-24&#038;flexibleDates=true\" class=\"btn btn-outline loop-event__cta a-up a-delay-3\" target=\"_self\" rel=\"noopener\">\n\t\tConsulta disponibilidad\t\t<\/a>\n\t\t\t<\/div>\n\n\t<\/div>\n\t<\/div>\n\t          \t\n\t<div class=\"loop-event\">\n\t<div class=\"loop-event__link-wrapper\">\n\t\t<a href=\"https:\/\/www.conradpuntademita.com\/es\/ofertas\/paquete-de-traslado-al-aeropuerto\/\" class=\"loop-event__link\">\n\t\n\t<div class=\"loop-event__img\">\n\t\t\t\t\t<a href=\"https:\/\/www.conradpuntademita.com\/es\/ofertas\/paquete-de-traslado-al-aeropuerto\/\" class=\"foto-hover\">\n\t\t\t\t\t\t\t\t\t<img decoding=\"async\" src=\"https:\/\/cdn.conradpuntademita.com\/wp-content\/uploads\/2026\/03\/01215607\/CPM-Transportation-Package-585x675.jpg\" alt=\"Conrad Punta de Mita\">\n\t\t\t\n\t\t\t\t<\/a>\n\t\t\t\t\t\t\t\t\n\t<\/div>\n\n\n\n\n\t\t\n\n\t\t<\/a>\n\t\n\n\n\t<\/div>\n\n\t<div class=\"loop-event__info\">\n\n\t<h3 class='loop-event__heading heading3 a-up'>\n\tExperiencia de llegada exclusiva\t<\/h3>\n\n\t\t\t\t\t<div class=\"loop-event__text a-up a-delay-1\">\n\t\t\t\t<p>Paquete de traslado al aeropuerto Conrad Punta de Mita: 25% de descuento en alojamientos premium elegibles, incluyendo traslados privados de ida y vuelta en SUV desde el aeropuerto (PVR). Estancia m\u00ednima de 3 noches.<\/p>\n\t\t\t<\/div>\n\t\t\n\t<div class=\"loop-event__cta-wrapper\">\n\t\n\t\t<a href=\"https:\/\/www.conradpuntademita.com\/es\/ofertas\/paquete-de-traslado-al-aeropuerto\/\" class=\"btn btn-secondary loop-event__cta a-up a-delay-4\">Ver detalles<\/a>\n\t\n\t\t\n\t\t\t<a href=\"https:\/\/www.hilton.com\/en\/book\/reservation\/deeplink\/?&#038;ctyhocn=PVRPMCI&#038;spec_plan=NE&#038;requestedRatesOnly=true&#038;arrivalDate=2026-03-01&#038;departureDate=2026-03-04&#038;flexibleDates=true&#038;displayCurrency=USD\" class=\"btn btn-outline loop-event__cta a-up a-delay-3\" target=\"_self\" rel=\"noopener\">\n\t\tReservar ahora\t\t<\/a>\n\t\t\t<\/div>\n\n\t<\/div>\n\t<\/div>\n\t          \t\n\t<div class=\"loop-event\">\n\t<div class=\"loop-event__link-wrapper\">\n\t\t<a href=\"https:\/\/www.conradpuntademita.com\/es\/ofertas\/oferta-familiar\/\" class=\"loop-event__link\">\n\t\n\t<div class=\"loop-event__img\">\n\t\t\t\t\t<a href=\"https:\/\/www.conradpuntademita.com\/es\/ofertas\/oferta-familiar\/\" class=\"foto-hover\">\n\t\t\t\t\t\t\t\t\t<img decoding=\"async\" src=\"https:\/\/cdn.conradpuntademita.com\/wp-content\/uploads\/2026\/02\/12201001\/CPM-Family-Offer-585x730.jpg\" alt=\"\">\n\t\t\t\n\t\t\t\t<\/a>\n\t\t\t\t\t\t\t\t\n\t<\/div>\n\n\n\n\n\t\t\n\n\t\t<\/a>\n\t\n\n\n\t<\/div>\n\n\t<div class=\"loop-event__info\">\n\n\t<h3 class='loop-event__heading heading3 a-up'>\n\tOferta de Tradiciones Familiares\t<\/h3>\n\n\t\t\t\t\t<div class=\"loop-event__text a-up a-delay-1\">\n\t\t\t\t<p>Planifique su escapada a Punta de Mita con la Oferta Tradiciones Familiares en Conrad Punta de Mita, que ofrece 20% de descuento, desayuno para adultos, ni\u00f1os menores de 12 a\u00f1os comen gratis y mucho m\u00e1s.<\/p>\n\t\t\t<\/div>\n\t\t\n\t<div class=\"loop-event__cta-wrapper\">\n\t\n\t\t<a href=\"https:\/\/www.conradpuntademita.com\/es\/ofertas\/oferta-familiar\/\" class=\"btn btn-secondary loop-event__cta a-up a-delay-4\">Ver detalles<\/a>\n\t\n\t\t\n\t\t\t<a href=\"https:\/\/www.hilton.com\/en\/book\/reservation\/deeplink\/?&#038;ctyhocn=PVRPMCI&#038;spec_plan=NU&#038;requestedRatesOnly=true&#038;arrivalDate=2026-01-01&#038;departureDate=2026-01-03&#038;flexibleDates=true&#038;displayCurrency=USD\" class=\"btn btn-outline loop-event__cta a-up a-delay-3\" target=\"_self\" rel=\"noopener\">\n\t\tReservar ahora\t\t<\/a>\n\t\t\t<\/div>\n\n\t<\/div>\n\t<\/div>\n\t          \t\n\t<div class=\"loop-event\">\n\t<div class=\"loop-event__link-wrapper\">\n\t\t<a href=\"https:\/\/www.conradpuntademita.com\/es\/ofertas\/una-noche-con-nosotros-2\/\" class=\"loop-event__link\">\n\t\n\t<div class=\"loop-event__img\">\n\t\t\t\t\t<a href=\"https:\/\/www.conradpuntademita.com\/es\/ofertas\/una-noche-con-nosotros-2\/\" class=\"foto-hover\">\n\t\t\t\t\t\t\t\t\t<img decoding=\"async\" src=\"https:\/\/cdn.conradpuntademita.com\/wp-content\/uploads\/2024\/01\/10160525\/conrad-punta-de-mita-aereal-585x730.jpg\" alt=\"Resort de lujo frente al mar con edificios blancos, piscina sinuosa, palmeras y monta\u00f1as iluminadas por el atardecer en el fondo.\">\n\t\t\t\n\t\t\t\t<\/a>\n\t\t\t\t\t\t\t\t\n\t<\/div>\n\n\n\n\n\t\t\n\n\t\t<\/a>\n\t\n\n\n\t<\/div>\n\n\t<div class=\"loop-event__info\">\n\n\t<h3 class='loop-event__heading heading3 a-up'>\n\tCuarta noche por nuestra cuenta\t<\/h3>\n\n\t\t\t\t\t<div class=\"loop-event__text a-up a-delay-1\">\n\t\t\t\t<p>Esc\u00e1pese a la serena belleza de Conrad Punta de Mita y experimente el lujo como nunca antes. Reserve una estad\u00eda de 3 noches y disfrute de la cuarta noche por nuestra cuenta, adem\u00e1s de un cr\u00e9dito de resort de $250.<\/p>\n\t\t\t<\/div>\n\t\t\n\t<div class=\"loop-event__cta-wrapper\">\n\t\n\t\t<a href=\"https:\/\/www.conradpuntademita.com\/es\/ofertas\/una-noche-con-nosotros-2\/\" class=\"btn btn-secondary loop-event__cta a-up a-delay-4\">Ver detalles<\/a>\n\t\n\t\t\n\t\t\t<a href=\"https:\/\/www.hilton.com\/en\/book\/reservation\/deeplink?&#038;ctyhocn=PVRPMCI&#038;spec_plan=RPSPRO&#038;requestedRatesOnly=true&#038;arrivalDate=2025-02-25&#038;departureDate=2025-03-01&#038;flexibleDates=true\" class=\"btn btn-outline loop-event__cta a-up a-delay-3\" target=\"_self\" rel=\"noopener\">\n\t\tConsulta disponibilidad\t\t<\/a>\n\t\t\t<\/div>\n\n\t<\/div>\n\t<\/div>\n\t          \t\n\t<div class=\"loop-event\">\n\t<div class=\"loop-event__link-wrapper\">\n\t\t<a href=\"https:\/\/www.conradpuntademita.com\/es\/ofertas\/descubre-punta-de-mita\/\" class=\"loop-event__link\">\n\t\n\t<div class=\"loop-event__img\">\n\t\t\t\t\t<a href=\"https:\/\/www.conradpuntademita.com\/es\/ofertas\/descubre-punta-de-mita\/\" class=\"foto-hover\">\n\t\t\t\t\t\t\t\t\t<img decoding=\"async\" src=\"https:\/\/cdn.conradpuntademita.com\/wp-content\/uploads\/2022\/05\/13123545\/ConradPuntaMita-Spherical-JoeThomas-022022-130-585x730.webp\" alt=\"Imagen de algunos \u00e1rboles en la playa con vista al mar.\">\n\t\t\t\n\t\t\t\t<\/a>\n\t\t\t\t\t\t\t\t\n\t<\/div>\n\n\n\n\n\t\t\n\n\t\t<\/a>\n\t\n\n\n\t<\/div>\n\n\t<div class=\"loop-event__info\">\n\n\t<h3 class='loop-event__heading heading3 a-up'>\n\tTarifa Residentes Mexicanos <br> Desde 6200MXN\t<\/h3>\n\n\t\t\t\t\t<div class=\"loop-event__text a-up a-delay-1\">\n\t\t\t\t<p>Los residentes disfrutan de hasta 30% de descuento en alojamiento, desayuno diario, 20% de descuento en comida y bebida y spa, los ni\u00f1os comen gratis y salida tard\u00eda.<\/p>\n\t\t\t<\/div>\n\t\t\n\t<div class=\"loop-event__cta-wrapper\">\n\t\n\t\t<a href=\"https:\/\/www.conradpuntademita.com\/es\/ofertas\/descubre-punta-de-mita\/\" class=\"btn btn-secondary loop-event__cta a-up a-delay-4\">Ver detalles<\/a>\n\t\n\t\t\n\t\t\t<a href=\"https:\/\/www.hilton.com\/en\/book\/reservation\/deeplink\/?&#038;ctyhocn=PVRPMCI&#038;spec_plan=OW&#038;requestedRatesOnly=true&#038;arrivalDate=2024-08-01&#038;departureDate=2024-08-03&#038;flexibleDates=true\" class=\"btn btn-outline loop-event__cta a-up a-delay-3\" target=\"_blank\" rel=\"noopener\">\n\t\tConsulta disponibilidad\t\t<\/a>\n\t\t\t<\/div>\n\n\t<\/div>\n\t<\/div>\n\t          \t\n\t<div class=\"loop-event\">\n\t<div class=\"loop-event__link-wrapper\">\n\t\t<a href=\"https:\/\/www.conradpuntademita.com\/es\/ofertas\/la-mejor-oferta-para-grupos\/\" class=\"loop-event__link\">\n\t\n\t<div class=\"loop-event__img\">\n\t\t\t\t\t<a href=\"https:\/\/www.conradpuntademita.com\/es\/ofertas\/la-mejor-oferta-para-grupos\/\" class=\"foto-hover\">\n\t\t\t\t\t\t\t\t\t<img decoding=\"async\" src=\"https:\/\/cdn.conradpuntademita.com\/wp-content\/uploads\/2022\/05\/15113722\/Mezquite-Sep-up-585x730.webp\" alt=\"Una fotograf\u00eda a\u00e9rea captura un espacio bellamente arreglado y preparado para la celebraci\u00f3n.\">\n\t\t\t\n\t\t\t\t<\/a>\n\t\t\t\t\t\t\t\t\n\t<\/div>\n\n\n\n\n\t\t\n\n\t\t<\/a>\n\t\n\n\n\t<\/div>\n\n\t<div class=\"loop-event__info\">\n\n\t<h3 class='loop-event__heading heading3 a-up'>\n\tLa oferta definitiva para grupos\t<\/h3>\n\n\t\t\t\t\t<div class=\"loop-event__text a-up a-delay-1\">\n\t\t\t\t<p>Organice su pr\u00f3xima reuni\u00f3n en Conrad Punta de Mita y reciba un cr\u00e9dito de 5% para un evento futuro. Esta oferta exclusiva recompensa a los organizadores con valor a\u00f1adido, flexibilidad para cambiar de reserva y un impresionante entorno frente al mar, ideal para reuniones inolvidables.<\/p>\n\t\t\t<\/div>\n\t\t\n\t<div class=\"loop-event__cta-wrapper\">\n\t\n\t\t<a href=\"https:\/\/www.conradpuntademita.com\/es\/ofertas\/la-mejor-oferta-para-grupos\/\" class=\"btn btn-secondary loop-event__cta a-up a-delay-4\">Ver detalles<\/a>\n\t\n\t\t\n\t\t\t<a href=\"mailto:PVRPM_SA@conradhotels.com\" class=\"btn btn-outline loop-event__cta a-up a-delay-3\" target=\"_self\">\n\t\tConsulta disponibilidad\t\t<\/a>\n\t\t\t<\/div>\n\n\t<\/div>\n\t<\/div>\n\t          \t\n\t<div class=\"loop-event\">\n\t<div class=\"loop-event__link-wrapper\">\n\t\t<a href=\"https:\/\/www.conradpuntademita.com\/es\/ofertas\/oferta-de-mitad-de-semana\/\" class=\"loop-event__link\">\n\t\n\t<div class=\"loop-event__img\">\n\t\t\t\t\t<a href=\"https:\/\/www.conradpuntademita.com\/es\/ofertas\/oferta-de-mitad-de-semana\/\" class=\"foto-hover\">\n\t\t\t\t\t\t\t\t\t<img decoding=\"async\" src=\"https:\/\/cdn.conradpuntademita.com\/wp-content\/uploads\/2026\/04\/01191639\/CPM-MidWeek-Offer-585x730.jpg\" alt=\"\">\n\t\t\t\n\t\t\t\t<\/a>\n\t\t\t\t\t\t\t\t\n\t<\/div>\n\n\n\n\n\t\t\n\n\t\t<\/a>\n\t\n\n\n\t<\/div>\n\n\t<div class=\"loop-event__info\">\n\n\t<h3 class='loop-event__heading heading3 a-up'>\n\tGrandes ahorros a mitad de semana\t<\/h3>\n\n\t\t\t\t\t<div class=\"loop-event__text a-up a-delay-1\">\n\t\t\t\t<p>Tarifas grupales entre semana a partir de 199 USD con recepci\u00f3n de bienvenida gratuita, servicio de conserjer\u00eda VIP, traslados al aeropuerto para hasta 5 VIP, comisi\u00f3n de 101 TP3T y un reembolso de 51 TP3T a la cuenta principal.<\/p>\n\t\t\t<\/div>\n\t\t\n\t<div class=\"loop-event__cta-wrapper\">\n\t\n\t\t<a href=\"https:\/\/www.conradpuntademita.com\/es\/ofertas\/oferta-de-mitad-de-semana\/\" class=\"btn btn-secondary loop-event__cta a-up a-delay-4\">Ver detalles<\/a>\n\t\n\t\t\n\t\t\t<a href=\"mailto:PVRPM_SA@conradhotels.com\" class=\"btn btn-outline loop-event__cta a-up a-delay-3\" target=\"_self\">\n\t\tComienza a planificar\t\t<\/a>\n\t\t\t<\/div>\n\n\t<\/div>\n\t<\/div>\n\t          \t\n\t<div class=\"loop-event\">\n\t<div class=\"loop-event__link-wrapper\">\n\t\t<a href=\"https:\/\/www.conradpuntademita.com\/es\/ofertas\/reuniones-de-verano\/\" class=\"loop-event__link\">\n\t\n\t<div class=\"loop-event__img\">\n\t\t\t\t\t<a href=\"https:\/\/www.conradpuntademita.com\/es\/ofertas\/reuniones-de-verano\/\" class=\"foto-hover\">\n\t\t\t\t\t\t\t\t\t<img decoding=\"async\" src=\"https:\/\/cdn.conradpuntademita.com\/wp-content\/uploads\/2025\/07\/16114408\/Conrad-Punta-de-Mita-White-Party-Fireworks-Mezquite-Beach-585x730.webp\" alt=\"Fiesta nocturna en la playa con luces de cadena, fuegos artificiales e invitados vestidos de blanco reunidos alrededor de mesas bajas iluminadas con velas.\">\n\t\t\t\n\t\t\t\t<\/a>\n\t\t\t\t\t\t\t\t\n\t<\/div>\n\n\n\n\n\t\t\n\n\t\t<\/a>\n\t\n\n\n\t<\/div>\n\n\t<div class=\"loop-event__info\">\n\n\t<h3 class='loop-event__heading heading3 a-up'>\n\tReuniones de verano junto al mar\t<\/h3>\n\n\t\t\t\t\t<div class=\"loop-event__text a-up a-delay-1\">\n\t\t\t\t<p>Planifique su escapada a Punta de Mita con la Oferta Tradiciones Familiares en Conrad Punta de Mita, que ofrece 20% de descuento, desayuno para adultos, ni\u00f1os menores de 12 a\u00f1os comen gratis y mucho m\u00e1s.<\/p>\n\t\t\t<\/div>\n\t\t\n\t<div class=\"loop-event__cta-wrapper\">\n\t\n\t\t<a href=\"https:\/\/www.conradpuntademita.com\/es\/ofertas\/reuniones-de-verano\/\" class=\"btn btn-secondary loop-event__cta a-up a-delay-4\">Ver detalles<\/a>\n\t\n\t\t\n\t\t\t<a href=\"mailto:PVRPM_SA@conradhotels.com\" class=\"btn btn-outline loop-event__cta a-up a-delay-3\" target=\"_self\">\n\t\tConsulta ahora\t\t<\/a>\n\t\t\t<\/div>\n\n\t<\/div>\n\t<\/div>\n\t      <\/div>\n\n<\/section>\n\n\n\n<div class=\"wp-block-columns is-layout-flex wp-container-core-columns-is-layout-9d6595d7 wp-block-columns-is-layout-flex\">\n<div class=\"wp-block-column is-layout-flow wp-block-column-is-layout-flow\" style=\"flex-basis:100%\"><\/div>\n<\/div>","protected":false},"excerpt":{"rendered":"","protected":false},"author":2,"featured_media":0,"parent":0,"menu_order":0,"comment_status":"closed","ping_status":"closed","template":"","meta":{"_acf_changed":false,"inline_featured_image":false,"footnotes":""},"categories":[],"class_list":["post-1314","page","type-page","status-publish","hentry"],"acf":[],"featured_image_src":null,"featured_image_src_square":null,"publishpress_future_action":{"enabled":false,"date":"2026-05-07 23:56:02","action":"change-status","newStatus":"draft","terms":[],"taxonomy":"category","extraData":[]},"publishpress_future_workflow_manual_trigger":{"enabledWorkflows":[]},"_links":{"self":[{"href":"https:\/\/www.conradpuntademita.com\/es\/wp-json\/wp\/v2\/pages\/1314","targetHints":{"allow":["GET"]}}],"collection":[{"href":"https:\/\/www.conradpuntademita.com\/es\/wp-json\/wp\/v2\/pages"}],"about":[{"href":"https:\/\/www.conradpuntademita.com\/es\/wp-json\/wp\/v2\/types\/page"}],"author":[{"embeddable":true,"href":"https:\/\/www.conradpuntademita.com\/es\/wp-json\/wp\/v2\/users\/2"}],"replies":[{"embeddable":true,"href":"https:\/\/www.conradpuntademita.com\/es\/wp-json\/wp\/v2\/comments?post=1314"}],"version-history":[{"count":177,"href":"https:\/\/www.conradpuntademita.com\/es\/wp-json\/wp\/v2\/pages\/1314\/revisions"}],"predecessor-version":[{"id":19402,"href":"https:\/\/www.conradpuntademita.com\/es\/wp-json\/wp\/v2\/pages\/1314\/revisions\/19402"}],"wp:attachment":[{"href":"https:\/\/www.conradpuntademita.com\/es\/wp-json\/wp\/v2\/media?parent=1314"}],"wp:term":[{"taxonomy":"category","embeddable":true,"href":"https:\/\/www.conradpuntademita.com\/es\/wp-json\/wp\/v2\/categories?post=1314"}],"curies":[{"name":"wp","href":"https:\/\/api.w.org\/{rel}","templated":true}]}}