{"id":18796,"date":"2026-03-10T14:35:14","date_gmt":"2026-03-10T14:35:14","guid":{"rendered":"https:\/\/www.conradpuntademita.com\/?page_id=18796"},"modified":"2026-03-10T15:07:50","modified_gmt":"2026-03-10T15:07:50","slug":"cosas-que-hacer-en-sayulita","status":"publish","type":"page","link":"https:\/\/www.conradpuntademita.com\/es\/cosas-que-hacer-en-sayulita\/","title":{"rendered":"Cosas que hacer en Sayulita"},"content":{"rendered":"<section id=\"banner-block_e8a44ca585fb8648cfcf85c71d7d4b9c\" class=\"banner gradient-banner full-height-banner full-height single-room\">\n  <div class=\"banner-wrapper\">\n          <video autoplay loop playsinline class=\"banner__video banner__media lazyvid\" muted preload=\"metadata\" data-src=\"https:\/\/cdn.conradpuntademita.com\/wp-content\/uploads\/2024\/09\/17151444\/Mezquitehomepage-1-optimized.mp4\" poster=\"\">\n        <source data-src=\"https:\/\/cdn.conradpuntademita.com\/wp-content\/uploads\/2024\/09\/17151444\/Mezquitehomepage-1-optimized.mp4\" type=\"video\/mp4\">\n      <\/video>\n      <\/div>\n\n      <div class=\"banner-content\">\n              <h1 class=\"banner-title heading1\">Cosas que hacer en Sayulita<\/h1>\n      \n              \n      \n<\/section>\n\n\n\n<div style=\"height:75px\" aria-hidden=\"true\" class=\"wp-block-spacer\"><\/div>\n\n\n\n\t<section class=\"media-content body-wrapper align-center not-link\" id=\"banner-block_572c4e7f60f761c6957a03f1d4e5cf7a\">\n\t<div class=\"media-content__left\">\n\t\t\t\t<h2 class=\"heading2 a-up\">\n\t\t\tDisfruta de las playas de Sayulita\t\t\t\t\t<\/h2>\n\t\t\t\t\n\t\t\n\t\t\n\t\t\t\t<div class=\"media-content__text a-up a-delay-2\"><p>Las mejores actividades en Sayulita comienzan en su soleada costa, donde la cultura surfera, la arena dorada y la energ\u00eda vibrante definen el ritmo relajado del pueblo. Justo al norte de Punta de Mita, Sayulita es conocida por sus atractivas playas, su esp\u00edritu creativo y su ambiente relajado, lo que la convierte en una de las favoritas de los viajeros que buscan aventura y autenticidad. Desde sesiones de surf por la ma\u00f1ana hasta paseos por la playa al atardecer, Sayulita ofrece una combinaci\u00f3n perfecta de belleza natural y encanto costero con un toque t\u00edpicamente nayarita.<\/p><\/div>\n\t\t\n\t\t\t\t\t<style>\n\t\t\t.media-content__cta-container {\n\t\t\t\tdisplay: flex;\n\t\t\t\tgap: 10px; \/* Espacio entre botones *\/\n\t\t\t}\n\n\t\t\t.media-content__cta {\n\t\t\t\twhite-space: nowrap; \/* Asegura que no se rompan en l\u00edneas *\/\n\t\t\t}\n\t\t\t<\/style>\n\t\t\t<div class=\"media-content__cta-container\">\n\t\t\t\t<a href=\"https:\/\/www.conradpuntademita.com\/es\/experiencias-de-camino\/#!\/\" target=\"\" class=\"btn a-up a-delay-4 media-content__cta\">Explora las experiencias de Sayulita<\/a>\n\t\t\t\t\n\t\t\t\t\t\t\t\t\t<\/div>\n\t\t\t\t\t<\/div>\n\n\t<div class=\"media-content__right hover-images a-up a-delay-2\">\n\t\t<span class=\"media-content__gradient media-content__gradient-left\"><\/span>\n\t\t<span class=\"media-content__gradient media-content__gradient-right\"><\/span>\n\t\t<span class=\"media-content__gradient media-content__gradient-top\"><\/span>\n\t\t<span class=\"media-content__gradient media-content__gradient-bottom\"><\/span>\n\t\t\t\t\t\t\t<img decoding=\"async\" width=\"2048\" height=\"2560\" src=\"https:\/\/cdn.conradpuntademita.com\/wp-content\/uploads\/2023\/03\/23205907\/ConradPuntaMita-Spherical-JoeThomas-022022-4-Beach.webp\" class=\"hover-image is-hovered\" alt=\"Una impresionante vista a\u00e9rea de la orilla del mar con una lejana monta\u00f1a verde a la vista.\" loading=\"lazy\" srcset=\"https:\/\/cdn.conradpuntademita.com\/wp-content\/uploads\/2023\/03\/23205907\/ConradPuntaMita-Spherical-JoeThomas-022022-4-Beach.webp 2048w, https:\/\/cdn.conradpuntademita.com\/wp-content\/uploads\/2023\/03\/23205907\/ConradPuntaMita-Spherical-JoeThomas-022022-4-Beach-240x300.jpg 240w, https:\/\/cdn.conradpuntademita.com\/wp-content\/uploads\/2023\/03\/23205907\/ConradPuntaMita-Spherical-JoeThomas-022022-4-Beach-819x1024.webp 819w, https:\/\/cdn.conradpuntademita.com\/wp-content\/uploads\/2023\/03\/23205907\/ConradPuntaMita-Spherical-JoeThomas-022022-4-Beach-768x960.jpg 768w, https:\/\/cdn.conradpuntademita.com\/wp-content\/uploads\/2023\/03\/23205907\/ConradPuntaMita-Spherical-JoeThomas-022022-4-Beach-1229x1536.jpg 1229w, https:\/\/cdn.conradpuntademita.com\/wp-content\/uploads\/2023\/03\/23205907\/ConradPuntaMita-Spherical-JoeThomas-022022-4-Beach-1638x2048.jpg 1638w, https:\/\/cdn.conradpuntademita.com\/wp-content\/uploads\/2023\/03\/23205907\/ConradPuntaMita-Spherical-JoeThomas-022022-4-Beach-10x12.jpg 10w, https:\/\/cdn.conradpuntademita.com\/wp-content\/uploads\/2023\/03\/23205907\/ConradPuntaMita-Spherical-JoeThomas-022022-4-Beach-585x730.jpg 585w\" sizes=\"auto, (max-width: 2048px) 100vw, 2048px\" \/>\t\t\t\t\t<\/div>\n\n\t\t<\/section>\n\n\n\n\t<section class=\"media-content body-wrapper align-center not-link\" id=\"catering\">\n\t<div class=\"media-content__left\">\n\t\t\t\t<h2 class=\"heading2 a-up\">\n\t\t\tPlaya Sayulita y joyas costeras ocultas\t\t\t\t\t<\/h2>\n\t\t\t\t\n\t\t\n\t\t\n\t\t\t\t<div class=\"media-content__text a-up a-delay-2\"><p>La playa de Sayulita es el coraz\u00f3n del pueblo, llena de vida entre surfistas, practicantes de paddleboard y visitantes que disfrutan del ambiente. Su suave oleaje la hace accesible para principiantes, mientras que los surfistas experimentados se acercan a las rompientes cercanas a lo largo de la costa. Sombrillas de colores, caf\u00e9s al aire libre y puestos junto a la playa crean un ambiente animado durante todo el d\u00eda.\r\n<br><\/br>\r\nM\u00e1s all\u00e1 de la playa principal, peque\u00f1as calas y tramos de arena m\u00e1s tranquilos recompensan a quienes buscan explorar. Caminatas cortas y paseos en lancha revelan aguas m\u00e1s tranquilas, ideales para nadar, tomar el sol o simplemente disfrutar del sonido del Pac\u00edfico. Estos descubrimientos costeros se encuentran entre las actividades m\u00e1s gratificantes que hacer en Sayulita, Nayarit, y ofrecen momentos de calma m\u00e1s all\u00e1 del bullicio del pueblo.<\/p><\/div>\n\t\t\n\t\t\t<\/div>\n\n\t<div class=\"media-content__right hover-images a-up a-delay-2\">\n\t\t<span class=\"media-content__gradient media-content__gradient-left\"><\/span>\n\t\t<span class=\"media-content__gradient media-content__gradient-right\"><\/span>\n\t\t<span class=\"media-content__gradient media-content__gradient-top\"><\/span>\n\t\t<span class=\"media-content__gradient media-content__gradient-bottom\"><\/span>\n\t\t\t\t\t\t\t<img decoding=\"async\" width=\"1024\" height=\"768\" src=\"https:\/\/cdn.conradpuntademita.com\/wp-content\/uploads\/2023\/07\/21142747\/25-Beach.webp\" class=\"hover-image is-hovered\" alt=\"Una impresionante vista a\u00e9rea de un balneario, enmarcada por una monta\u00f1a distante.\" loading=\"lazy\" srcset=\"https:\/\/cdn.conradpuntademita.com\/wp-content\/uploads\/2023\/07\/21142747\/25-Beach.webp 1024w, https:\/\/cdn.conradpuntademita.com\/wp-content\/uploads\/2023\/07\/21142747\/25-Beach-300x225.webp 300w, https:\/\/cdn.conradpuntademita.com\/wp-content\/uploads\/2023\/07\/21142747\/25-Beach-768x576.webp 768w, https:\/\/cdn.conradpuntademita.com\/wp-content\/uploads\/2023\/07\/21142747\/25-Beach-16x12.webp 16w, https:\/\/cdn.conradpuntademita.com\/wp-content\/uploads\/2023\/07\/21142747\/25-Beach-735x550.webp 735w\" sizes=\"auto, (max-width: 1024px) 100vw, 1024px\" \/>\t\t\t\t\t<\/div>\n\n\t\t<\/section>\n\n\n\n\t<section class=\"media-content body-wrapper align-center not-link\" id=\"banner-block_a227a9f94b44d5ba6ca1af6f3e9bb896\">\n\t<div class=\"media-content__left\">\n\t\t\t\t<h2 class=\"heading2 a-up\">\n\t\t\tMonta\u00f1a de los Monos: Senderismo cerca de Sayulita\t\t\t\t\t<\/h2>\n\t\t\t\t\n\t\t\n\t\t\n\t\t\t\t<div class=\"media-content__text a-up a-delay-2\"><p>Para los viajeros aventureros, Monkey Mountain es una de las excursiones m\u00e1s memorables cerca de Sayulita. Esta caminata guiada serpentea por un terreno exuberante antes de abrirse a vistas panor\u00e1micas de la costa de Riviera Nayarit. El sendero es de dificultad moderada, lo que lo hace accesible para viajeros activos y, al mismo tiempo, ofrece una sensaci\u00f3n de logro.\r\n<br><\/br>\r\nEn la cima, las vistas panor\u00e1micas abarcan la selva, el oc\u00e9ano y los tejados de los pueblos, un contraste sorprendente con las escenas playeras que se ven a sus pies. La experiencia ofrece una conexi\u00f3n m\u00e1s profunda con el paisaje de la regi\u00f3n y es ampliamente considerada una de las mejores actividades en Sayulita para quienes disfrutan de la naturaleza y la exploraci\u00f3n.<\/p><\/div>\n\t\t\n\t\t\t\t\t<style>\n\t\t\t.media-content__cta-container {\n\t\t\t\tdisplay: flex;\n\t\t\t\tgap: 10px; \/* Espacio entre botones *\/\n\t\t\t}\n\n\t\t\t.media-content__cta {\n\t\t\t\twhite-space: nowrap; \/* Asegura que no se rompan en l\u00edneas *\/\n\t\t\t}\n\t\t\t<\/style>\n\t\t\t<div class=\"media-content__cta-container\">\n\t\t\t\t<a href=\"https:\/\/www.conradpuntademita.com\/es\/ofertas\/\" target=\"\" class=\"btn a-up a-delay-4 media-content__cta\">Comienza tu caminata por la Monta\u00f1a de los Monos<\/a>\n\t\t\t\t\n\t\t\t\t\t\t\t\t\t<\/div>\n\t\t\t\t\t<\/div>\n\n\t<div class=\"media-content__right hover-images a-up a-delay-2\">\n\t\t<span class=\"media-content__gradient media-content__gradient-left\"><\/span>\n\t\t<span class=\"media-content__gradient media-content__gradient-right\"><\/span>\n\t\t<span class=\"media-content__gradient media-content__gradient-top\"><\/span>\n\t\t<span class=\"media-content__gradient media-content__gradient-bottom\"><\/span>\n\t\t\t\t\t\t\t<img decoding=\"async\" width=\"2048\" height=\"1365\" src=\"https:\/\/cdn.conradpuntademita.com\/wp-content\/uploads\/2024\/08\/19230213\/ConradPuntaMita-Spherical-JoeThomas-022022-46-Activities-Hike.jpg\" class=\"hover-image is-hovered\" alt=\"pareja caminando\" loading=\"lazy\" srcset=\"https:\/\/cdn.conradpuntademita.com\/wp-content\/uploads\/2024\/08\/19230213\/ConradPuntaMita-Spherical-JoeThomas-022022-46-Activities-Hike.jpg 2048w, https:\/\/cdn.conradpuntademita.com\/wp-content\/uploads\/2024\/08\/19230213\/ConradPuntaMita-Spherical-JoeThomas-022022-46-Activities-Hike-300x200.jpg 300w, https:\/\/cdn.conradpuntademita.com\/wp-content\/uploads\/2024\/08\/19230213\/ConradPuntaMita-Spherical-JoeThomas-022022-46-Activities-Hike-1024x683.jpg 1024w, https:\/\/cdn.conradpuntademita.com\/wp-content\/uploads\/2024\/08\/19230213\/ConradPuntaMita-Spherical-JoeThomas-022022-46-Activities-Hike-768x512.jpg 768w, https:\/\/cdn.conradpuntademita.com\/wp-content\/uploads\/2024\/08\/19230213\/ConradPuntaMita-Spherical-JoeThomas-022022-46-Activities-Hike-1536x1024.jpg 1536w, https:\/\/cdn.conradpuntademita.com\/wp-content\/uploads\/2024\/08\/19230213\/ConradPuntaMita-Spherical-JoeThomas-022022-46-Activities-Hike-18x12.jpg 18w, https:\/\/cdn.conradpuntademita.com\/wp-content\/uploads\/2024\/08\/19230213\/ConradPuntaMita-Spherical-JoeThomas-022022-46-Activities-Hike-600x400.jpg 600w\" sizes=\"auto, (max-width: 2048px) 100vw, 2048px\" \/>\t\t\t\t\t<\/div>\n\n\t\t<\/section>\n\n\n<section id=\"rfp-form-block_74cfa4288cf304b118bf8da8d2abbb33\" class=\"rfp-form normal-wrapper\">\r\n    <div class=\"container\">\r\n                    <h2 class=\"rfp-form__heading a-up heading2\">Aventura y actividades acu\u00e1ticas<\/h2>\r\n                            <div class=\"rfp-form__content a-up a-delay-1 heading3\"><p style=\"text-align: center;\">La ubicaci\u00f3n de Sayulita a orillas del Pac\u00edfico la convierte en un centro de actividades al aire libre, tanto terrestres como mar\u00edtimas. Quienes buscan actividades en Sayulita, M\u00e9xico, encontrar\u00e1n una variedad de opciones para todos los gustos y gustos.<\/p>\n<ul style=\"text-align: left;\">\n<li>Clases de surf para todos los niveles en la playa de Sayulita<\/li>\n<li>Surf de remo en calas m\u00e1s tranquilas<\/li>\n<li>Snorkel y paseos en barco a islotes cercanos<\/li>\n<li>Excursiones estacionales de avistamiento de ballenas durante los meses de migraci\u00f3n<\/li>\n<\/ul>\n<p>&nbsp;<\/p>\n<p>Estas actividades se organizan f\u00e1cilmente con operadores locales o a trav\u00e9s de <a style=\"text-align: center;\" href=\"https:\/\/www.conradpuntademita.com\/es\/experiencias\/conrad-conserje\/\">asistencia de conserjer\u00eda<\/a><span style=\"text-align: center;\"> en Conrad Punta de Mita, permitiendo a los hu\u00e9spedes explorar con confianza y facilidad.<\/span><\/p>\n<\/div>\r\n         \r\n        <div class=\"form contact-form a-up a-delay-2\">\r\n                    <\/div>\r\n    <\/div>\r\n<\/section>\n\n\n\t<section class=\"media-content body-wrapper align-center not-link\" id=\"banner-block_3c22a105d7a64507e14a164d79754287\">\n\t<div class=\"media-content__left\">\n\t\t\t\t<h2 class=\"heading2 a-up\">\n\t\t\tArte, mercados y cultura de los pueblos\t\t\t\t\t<\/h2>\n\t\t\t\t\n\t\t\n\t\t\n\t\t\t\t<div class=\"media-content__text a-up a-delay-2\"><p>M\u00e1s all\u00e1 de la playa, las coloridas calles de Sayulita invitan a pasear. Los mercados artesanales exhiben joyer\u00eda, textiles y obras de arte hechas a mano, mientras que las galer\u00edas y peque\u00f1as boutiques reflejan el esp\u00edritu creativo del pueblo. Los puestos de comida callejera y los caf\u00e9s informales ofrecen la oportunidad de degustar sabores regionales, desde mariscos frescos hasta antojitos tradicionales mexicanos.\r\n<br><\/br>\r\nM\u00fasica en vivo, festivales locales y un ritmo relajado le dan a Sayulita su personalidad inconfundible. Explorar el pueblo es un recordatorio de que algunos de los momentos de viaje m\u00e1s significativos surgen de un descubrimiento sin prisas, una raz\u00f3n clave por la que Sayulita sigue siendo un lugar favorito entre los visitantes que regresan.<\/p><\/div>\n\t\t\n\t\t\t<\/div>\n\n\t<div class=\"media-content__right hover-images a-up a-delay-2\">\n\t\t<span class=\"media-content__gradient media-content__gradient-left\"><\/span>\n\t\t<span class=\"media-content__gradient media-content__gradient-right\"><\/span>\n\t\t<span class=\"media-content__gradient media-content__gradient-top\"><\/span>\n\t\t<span class=\"media-content__gradient media-content__gradient-bottom\"><\/span>\n\t\t\t\t\t\t\t<img decoding=\"async\" width=\"2000\" height=\"1333\" src=\"https:\/\/cdn.conradpuntademita.com\/wp-content\/uploads\/2022\/05\/31231954\/festive-market-conrad-punta-de-mita.jpg\" class=\"hover-image is-hovered\" alt=\"Invitados en el Mercado Conrad Punta de Mita\" loading=\"lazy\" srcset=\"https:\/\/cdn.conradpuntademita.com\/wp-content\/uploads\/2022\/05\/31231954\/festive-market-conrad-punta-de-mita.jpg 2000w, https:\/\/cdn.conradpuntademita.com\/wp-content\/uploads\/2022\/05\/31231954\/festive-market-conrad-punta-de-mita-300x200.jpg 300w, https:\/\/cdn.conradpuntademita.com\/wp-content\/uploads\/2022\/05\/31231954\/festive-market-conrad-punta-de-mita-1024x682.jpg 1024w, https:\/\/cdn.conradpuntademita.com\/wp-content\/uploads\/2022\/05\/31231954\/festive-market-conrad-punta-de-mita-768x512.jpg 768w, https:\/\/cdn.conradpuntademita.com\/wp-content\/uploads\/2022\/05\/31231954\/festive-market-conrad-punta-de-mita-1536x1024.jpg 1536w, https:\/\/cdn.conradpuntademita.com\/wp-content\/uploads\/2022\/05\/31231954\/festive-market-conrad-punta-de-mita-18x12.jpg 18w, https:\/\/cdn.conradpuntademita.com\/wp-content\/uploads\/2022\/05\/31231954\/festive-market-conrad-punta-de-mita-600x400.jpg 600w\" sizes=\"auto, (max-width: 2000px) 100vw, 2000px\" \/>\t\t\t\t\t<\/div>\n\n\t\t<\/section>\n\n\n\n\t<section class=\"media-content body-wrapper align-center not-link\" id=\"banner-block_d59111a897fe7ab5e19e81070c892398\">\n\t<div class=\"media-content__left\">\n\t\t\t\t<h2 class=\"heading2 a-up\">\n\t\t\tUna base residencial de lujo cerca de Sayulita\t\t\t\t\t<\/h2>\n\t\t\t\t\n\t\t\n\t\t\n\t\t\t\t<div class=\"media-content__text a-up a-delay-2\"><p>Alojarse en Conrad Punta de Mita permite a los hu\u00e9spedes disfrutar de la vibrante energ\u00eda de Sayulita mientras regresan a un remanso de paz y serenidad al final del d\u00eda. Tras un d\u00eda de surf, senderismo o exploraci\u00f3n de pueblos, el resort ofrece un espacio para relajarse, desde cenas frente al mar hasta momentos de tranquilidad junto al mar.\r\n<br><\/br>\r\nPara los viajeros que buscan experimentar Sayulita, Conrad Punta de Mita ofrece el equilibrio ideal: lo suficientemente cerca para excursiones de un d\u00eda sin esfuerzo, pero lo suficientemente remoto para preservar la tranquilidad y la comodidad.<\/p><\/div>\n\t\t\n\t\t\t\t\t<style>\n\t\t\t.media-content__cta-container {\n\t\t\t\tdisplay: flex;\n\t\t\t\tgap: 10px; \/* Espacio entre botones *\/\n\t\t\t}\n\n\t\t\t.media-content__cta {\n\t\t\t\twhite-space: nowrap; \/* Asegura que no se rompan en l\u00edneas *\/\n\t\t\t}\n\t\t\t<\/style>\n\t\t\t<div class=\"media-content__cta-container\">\n\t\t\t\t<a href=\"https:\/\/www.conradpuntademita.com\/es\/habitaciones\/\" target=\"\" class=\"btn a-up a-delay-4 media-content__cta\">Planifique su escapada a Sayulita<\/a>\n\t\t\t\t\n\t\t\t\t\t\t\t\t\t<\/div>\n\t\t\t\t\t<\/div>\n\n\t<div class=\"media-content__right hover-images a-up a-delay-2\">\n\t\t<span class=\"media-content__gradient media-content__gradient-left\"><\/span>\n\t\t<span class=\"media-content__gradient media-content__gradient-right\"><\/span>\n\t\t<span class=\"media-content__gradient media-content__gradient-top\"><\/span>\n\t\t<span class=\"media-content__gradient media-content__gradient-bottom\"><\/span>\n\t\t\t\t\t\t\t<img decoding=\"async\" width=\"4023\" height=\"6046\" src=\"https:\/\/cdn.conradpuntademita.com\/wp-content\/uploads\/2025\/11\/01214508\/Aiden-Jack-2-DayBefore-50.jpg\" class=\"hover-image is-hovered\" alt=\"Pareja abraz\u00e1ndose entre palmeras al atardecer, rodeada de follaje tropical junto al oc\u00e9ano.\" loading=\"lazy\" srcset=\"https:\/\/cdn.conradpuntademita.com\/wp-content\/uploads\/2025\/11\/01214508\/Aiden-Jack-2-DayBefore-50.jpg 4023w, https:\/\/cdn.conradpuntademita.com\/wp-content\/uploads\/2025\/11\/01214508\/Aiden-Jack-2-DayBefore-50-200x300.jpg 200w, https:\/\/cdn.conradpuntademita.com\/wp-content\/uploads\/2025\/11\/01214508\/Aiden-Jack-2-DayBefore-50-681x1024.jpg 681w, https:\/\/cdn.conradpuntademita.com\/wp-content\/uploads\/2025\/11\/01214508\/Aiden-Jack-2-DayBefore-50-768x1154.jpg 768w, https:\/\/cdn.conradpuntademita.com\/wp-content\/uploads\/2025\/11\/01214508\/Aiden-Jack-2-DayBefore-50-1022x1536.jpg 1022w, https:\/\/cdn.conradpuntademita.com\/wp-content\/uploads\/2025\/11\/01214508\/Aiden-Jack-2-DayBefore-50-1363x2048.jpg 1363w, https:\/\/cdn.conradpuntademita.com\/wp-content\/uploads\/2025\/11\/01214508\/Aiden-Jack-2-DayBefore-50-8x12.jpg 8w\" sizes=\"auto, (max-width: 4023px) 100vw, 4023px\" \/>\t\t\t\t\t<\/div>\n\n\t\t<\/section>\n\n\n\n\t<section class=\"media-content body-wrapper align-center not-link\" id=\"banner-block_58d628038a60d8946d55ac2532d2bc10\">\n\t<div class=\"media-content__left\">\n\t\t\t\t<h2 class=\"heading2 a-up\">\n\t\t\tExplora a tu propio ritmo\t\t\t\t\t<\/h2>\n\t\t\t\t\n\t\t\n\t\t\n\t\t\t\t<div class=\"media-content__text a-up a-delay-2\"><p>Ya sea que visites Sayulita por un d\u00eda o la integres en un itinerario m\u00e1s largo por la Riviera Nayarit, el pueblo ofrece una rica mezcla de aventura, cultura y belleza costera. Desde playas y caminatas hasta mercados y calas escondidas, Sayulita recompensa la curiosidad y el esp\u00edritu explorador.<\/p><\/div>\n\t\t\n\t\t\t<\/div>\n\n\t<div class=\"media-content__right hover-images a-up a-delay-2\">\n\t\t<span class=\"media-content__gradient media-content__gradient-left\"><\/span>\n\t\t<span class=\"media-content__gradient media-content__gradient-right\"><\/span>\n\t\t<span class=\"media-content__gradient media-content__gradient-top\"><\/span>\n\t\t<span class=\"media-content__gradient media-content__gradient-bottom\"><\/span>\n\t\t\t\t\t\t\t<img decoding=\"async\" width=\"1920\" height=\"1079\" src=\"https:\/\/cdn.conradpuntademita.com\/wp-content\/uploads\/2024\/05\/15110845\/Marieta_Islands_Aerial_Water_Credit_Riviera_Nayarit.webp\" class=\"hover-image is-hovered\" alt=\"Una fotograf\u00eda a\u00e9rea captura la impresionante belleza de las Islas Marieta.\" loading=\"lazy\" srcset=\"https:\/\/cdn.conradpuntademita.com\/wp-content\/uploads\/2024\/05\/15110845\/Marieta_Islands_Aerial_Water_Credit_Riviera_Nayarit.webp 1920w, https:\/\/cdn.conradpuntademita.com\/wp-content\/uploads\/2024\/05\/15110845\/Marieta_Islands_Aerial_Water_Credit_Riviera_Nayarit-300x169.webp 300w, https:\/\/cdn.conradpuntademita.com\/wp-content\/uploads\/2024\/05\/15110845\/Marieta_Islands_Aerial_Water_Credit_Riviera_Nayarit-1024x575.webp 1024w, https:\/\/cdn.conradpuntademita.com\/wp-content\/uploads\/2024\/05\/15110845\/Marieta_Islands_Aerial_Water_Credit_Riviera_Nayarit-768x432.webp 768w, https:\/\/cdn.conradpuntademita.com\/wp-content\/uploads\/2024\/05\/15110845\/Marieta_Islands_Aerial_Water_Credit_Riviera_Nayarit-1536x863.webp 1536w, https:\/\/cdn.conradpuntademita.com\/wp-content\/uploads\/2024\/05\/15110845\/Marieta_Islands_Aerial_Water_Credit_Riviera_Nayarit-18x10.webp 18w\" sizes=\"auto, (max-width: 1920px) 100vw, 1920px\" \/>\t\t\t\t\t<\/div>\n\n\t\t<\/section>\n\n\n\n<div style=\"height:50px\" aria-hidden=\"true\" class=\"wp-block-spacer\"><\/div>\n\n\n\n<h2 class=\"wp-block-heading has-text-align-center\">Preguntas frecuentes<\/h2>\n\n\n\n<div style=\"height:50px\" aria-hidden=\"true\" class=\"wp-block-spacer\"><\/div>\n\n\n\n<div class=\"wp-block-genesis-blocks-gb-accordion gb-align-center gb-block-accordion\"><details><summary class=\"gb-accordion-title\">\u00bfCu\u00e1les son las mejores cosas para hacer en Sayulita para quienes la visitan por primera vez?<\/summary><div class=\"gb-accordion-text\">\n<p class=\"has-text-align-center\">Las experiencias populares incluyen relajarse en la playa de Sayulita, tomar una lecci\u00f3n de surf, explorar los mercados artesanales y caminar por la Monta\u00f1a de los Monos para disfrutar de vistas panor\u00e1micas.<\/p>\n<\/div><\/details><\/div>\n\n\n\n<div class=\"wp-block-genesis-blocks-gb-accordion gb-align-center gb-block-accordion\"><details><summary class=\"gb-accordion-title\">\u00bfCu\u00e1les playas de Sayulita son mejores para surfear o nadar?<\/summary><div class=\"gb-accordion-text\">\n<p class=\"has-text-align-center\">La playa de Sayulita es ideal para surfistas principiantes, mientras que las calas cercanas ofrecen aguas m\u00e1s tranquilas para nadar y practicar paddleboarding.<\/p>\n<\/div><\/details><\/div>\n\n\n\n<div class=\"wp-block-genesis-blocks-gb-accordion gb-align-center gb-block-accordion\"><details><summary class=\"gb-accordion-title\">\u00bfA qu\u00e9 distancia est\u00e1 Sayulita de Conrad Punta de Mita?<\/summary><div class=\"gb-accordion-text\">\n<p class=\"has-text-align-center\">Sayulita se encuentra a un corto trayecto en auto desde Conrad Punta de Mita, lo que la convierte en una excursi\u00f3n de un d\u00eda f\u00e1cil y popular para los hu\u00e9spedes.<\/p>\n<\/div><\/details><\/div>\n\n\n\n<div class=\"wp-block-genesis-blocks-gb-accordion gb-align-center gb-block-accordion\"><details><summary class=\"gb-accordion-title\">\u00bfHay actividades de aventura cerca de Sayulita m\u00e1s all\u00e1 de la playa?<\/summary><div class=\"gb-accordion-text\">\n<p class=\"has-text-align-center\">S\u00ed. En Sayulita y sus alrededores se pueden practicar senderismo, snorkel, remo y avistamiento de ballenas en temporada.<\/p>\n<\/div><\/details><\/div>\n\n\n\n<div class=\"wp-block-genesis-blocks-gb-accordion gb-align-center gb-block-accordion\"><details><summary class=\"gb-accordion-title\">\u00bfPuede el hotel ayudar a planificar excursiones a Sayulita?<\/summary><div class=\"gb-accordion-text\">\n<p class=\"has-text-align-center\">S\u00ed. El equipo de conserjer\u00eda de Conrad Punta de Mita puede ayudarle con el transporte, actividades guiadas e itinerarios personalizados.<\/p>\n<\/div><\/details><\/div>","protected":false},"excerpt":{"rendered":"<p>Preguntas frecuentes<\/p>","protected":false},"author":1,"featured_media":0,"parent":0,"menu_order":0,"comment_status":"closed","ping_status":"closed","template":"","meta":{"_acf_changed":false,"inline_featured_image":false,"footnotes":""},"categories":[],"class_list":["post-18796","page","type-page","status-publish","hentry"],"acf":[],"featured_image_src":null,"featured_image_src_square":null,"publishpress_future_action":{"enabled":false,"date":"2026-04-28 12:15:50","action":"change-status","newStatus":"draft","terms":[],"taxonomy":"category","extraData":[]},"publishpress_future_workflow_manual_trigger":{"enabledWorkflows":[]},"_links":{"self":[{"href":"https:\/\/www.conradpuntademita.com\/es\/wp-json\/wp\/v2\/pages\/18796","targetHints":{"allow":["GET"]}}],"collection":[{"href":"https:\/\/www.conradpuntademita.com\/es\/wp-json\/wp\/v2\/pages"}],"about":[{"href":"https:\/\/www.conradpuntademita.com\/es\/wp-json\/wp\/v2\/types\/page"}],"author":[{"embeddable":true,"href":"https:\/\/www.conradpuntademita.com\/es\/wp-json\/wp\/v2\/users\/1"}],"replies":[{"embeddable":true,"href":"https:\/\/www.conradpuntademita.com\/es\/wp-json\/wp\/v2\/comments?post=18796"}],"version-history":[{"count":25,"href":"https:\/\/www.conradpuntademita.com\/es\/wp-json\/wp\/v2\/pages\/18796\/revisions"}],"predecessor-version":[{"id":19098,"href":"https:\/\/www.conradpuntademita.com\/es\/wp-json\/wp\/v2\/pages\/18796\/revisions\/19098"}],"wp:attachment":[{"href":"https:\/\/www.conradpuntademita.com\/es\/wp-json\/wp\/v2\/media?parent=18796"}],"wp:term":[{"taxonomy":"category","embeddable":true,"href":"https:\/\/www.conradpuntademita.com\/es\/wp-json\/wp\/v2\/categories?post=18796"}],"curies":[{"name":"wp","href":"https:\/\/api.w.org\/{rel}","templated":true}]}}