{"id":3725,"date":"2022-09-02T19:31:50","date_gmt":"2022-09-02T19:31:50","guid":{"rendered":"https:\/\/www.conradpuntademita.com\/?page_id=3725"},"modified":"2025-12-12T11:24:03","modified_gmt":"2025-12-12T11:24:03","slug":"parejas","status":"publish","type":"page","link":"https:\/\/www.conradpuntademita.com\/es\/parejas\/","title":{"rendered":"parejas"},"content":{"rendered":"<section id=\"banner-block_c5226613ce89b59c23302182865bc845\" class=\"banner gradient-banner full-height-banner full-height\">\n  <div class=\"banner-wrapper\">\n          <img decoding=\"async\" src=\"https:\/\/cdn.conradpuntademita.com\/wp-content\/uploads\/2022\/05\/13122051\/ConradPuntaMita-Spherical-JoeThomas-022022-85-1-e1654005301349.webp\" alt=\"ConradPuntaMita-Spherical-JoeThomas-022022-85\" class=\"banner__img banner__media\">\n      <\/div>\n\n      <div class=\"banner-content\">\n              <h1 class=\"banner-title heading1\">Experiencias en Parejas<\/h1>\n      \n              <h3 class=\"banner-subtitle heading5\">Reconectate en Punta de Mita<\/h3>\n              \n      \n<\/section>\n\n\n<section id=\"responsive-spacer-block_599905a20f7974360cf94e7da772219d\" class=\"responsive-spacer\">\n<\/section>\n<style>\n  #responsive-spacer-block_599905a20f7974360cf94e7da772219d {\n    width: 100%;\n  }\n\n  #responsive-spacer-block_599905a20f7974360cf94e7da772219d {\n    height: 150px;\n  }\n\n  @media (min-width: 769px) {\n    #responsive-spacer-block_599905a20f7974360cf94e7da772219d {\n      height: 90px;\n    }\n  }\n\n  @media (min-width: 1201px) {\n    #responsive-spacer-block_599905a20f7974360cf94e7da772219d {\n      height: 90px;\n    }\n  }\n\n  <\/style>\n\n\n<section class=\"wysiwig body-wrapper event-list\" id=\"wysiwig-block_a02dd3d83c68fcda4f2300e8db4f1bcc\">\n  <p>Ya sea que est\u00e9 planeando una propuesta o simplemente buscando volver a conectarse, hay algo seductor, vinculante e inspirador en los mimos y las aventuras en el para\u00edso.<\/p>\n<\/section>\n\n<section id=\"responsive-spacer-block_e129cf7ce285c20bea8c287f4bfd0060\" class=\"responsive-spacer\">\n<\/section>\n<style>\n  #responsive-spacer-block_e129cf7ce285c20bea8c287f4bfd0060 {\n    width: 100%;\n  }\n\n  #responsive-spacer-block_e129cf7ce285c20bea8c287f4bfd0060 {\n    height: 114px;\n  }\n\n  @media (min-width: 769px) {\n    #responsive-spacer-block_e129cf7ce285c20bea8c287f4bfd0060 {\n      height: 124px;\n    }\n  }\n\n  @media (min-width: 1201px) {\n    #responsive-spacer-block_e129cf7ce285c20bea8c287f4bfd0060 {\n      height: 123px;\n    }\n  }\n\n  <\/style>\n\n\n<section class=\"memory-gallery\" id=\"custom-memory\" >\n  <div class=\"bg-img\" style=\"background-image: url( )\"><\/div>\n  <div class=\"memory-gallery__heading\">\n    \n      <\/div>\n\n\n  <div class=\"memory-gallery__context\">\n          <div class=\"memory-gallery__items\">\n                  <div class=\"a-up a-delay-0 memory-gallery__item memory-gallery__item-1\">\n                      <\/div>\n                  <div class=\"a-up a-delay-1 memory-gallery__item memory-gallery__item-2\">\n                          <img decoding=\"async\" loading=\"lazy\" src=\"https:\/\/cdn.conradpuntademita.com\/wp-content\/uploads\/2022\/05\/13120038\/ConradPuntaMita-Spherical-JoeThomas-022022-91-1.webp\" alt=\"Imagen de carpa con luces de pie en la playa con vista al mar\">\n                      <\/div>\n                  <div class=\"a-up a-delay-2 memory-gallery__item memory-gallery__item-3\">\n                          <img decoding=\"async\" loading=\"lazy\" src=\"https:\/\/cdn.conradpuntademita.com\/wp-content\/uploads\/2022\/04\/13125013\/ConradPuntaMita-Spherical-JoeThomas-022022-131-1.webp\" alt=\"dos hombres, posici\u00f3n, y, tenencia, el suyo, manos, cerca, playa\">\n                      <\/div>\n                  <div class=\"a-up a-delay-3 memory-gallery__item memory-gallery__item-4\">\n                          <img decoding=\"async\" loading=\"lazy\" src=\"https:\/\/cdn.conradpuntademita.com\/wp-content\/uploads\/2022\/05\/13121535\/ConradPuntaMita-Spherical-JoeThomas-022022-80-2-e1653611684786.webp\" alt=\"Una pareja amorosa camina de la mano por un puente forestal, rodeada de naturaleza.\">\n                      <\/div>\n                  <div class=\"a-up a-delay-4 memory-gallery__item memory-gallery__item-5\">\n                      <\/div>\n              <\/div>\n    \n    <div class=\"memory-gallery__context-wrapper a-up a-delay-2\">\n              <div class=\"content memory-gallery__content\">Experimente nuevas actividades y salga de su zona de confort, mientras disfruta de lujosas comodidades que duran desde la ma\u00f1ana hasta la noche. Ponte ese vestido, traje de ba\u00f1o o camisa que no has usado en mucho tiempo y mima tus sentidos, as\u00ed como a ti mismo, con la sensaci\u00f3n de emoci\u00f3n, relajaci\u00f3n y calma que ambos se merecen.<\/div>\n      \n          <\/div>\n  <\/div>\n\n<\/section>\n\n<section id=\"responsive-spacer-block_898f7eb8999df754965d616aaa5c89c5\" class=\"responsive-spacer\">\n<\/section>\n<style>\n  #responsive-spacer-block_898f7eb8999df754965d616aaa5c89c5 {\n    width: 100%;\n  }\n\n  #responsive-spacer-block_898f7eb8999df754965d616aaa5c89c5 {\n    height: 36px;\n  }\n\n  @media (min-width: 769px) {\n    #responsive-spacer-block_898f7eb8999df754965d616aaa5c89c5 {\n      height: 40px;\n    }\n  }\n\n  @media (min-width: 1201px) {\n    #responsive-spacer-block_898f7eb8999df754965d616aaa5c89c5 {\n      height: 48px;\n    }\n  }\n\n  <\/style>\n\n<section id=\"two-columns-block_3e7c9828a6917912b9d4b86bf8b0b9a9\" class=\"two-columns normal-wrapper\">\n  <div class=\"row\">\n          <div class=\"col col-left a-right content\">\n        <h1><em>3 d\u00edas <\/em><\/h1>\n<h1>Itinerario<\/h1>\n                      <\/div>\n              <div class=\"col col-right a-left content\">\n        <p><p>Nade de la mano hasta un tramo de arena escondido, o beba champ\u00e1n mientras observa la puesta de sol desde una mesa hecha solo para dos. Vive lo mejor de Punta de Mita, una verdadera escapada rom\u00e1ntica, donde puedes deleitarte con la aventura e intentar hacerlo todo, o relajarte y no hacer nada.<\/p>\n<\/p>\n      <\/div>\n      <\/div>\n<\/section>\n\n<section id=\"responsive-spacer-block_898f7eb8999df754965d616aaa5c89c5\" class=\"responsive-spacer\">\n<\/section>\n<style>\n  #responsive-spacer-block_898f7eb8999df754965d616aaa5c89c5 {\n    width: 100%;\n  }\n\n  #responsive-spacer-block_898f7eb8999df754965d616aaa5c89c5 {\n    height: 36px;\n  }\n\n  @media (min-width: 769px) {\n    #responsive-spacer-block_898f7eb8999df754965d616aaa5c89c5 {\n      height: 40px;\n    }\n  }\n\n  @media (min-width: 1201px) {\n    #responsive-spacer-block_898f7eb8999df754965d616aaa5c89c5 {\n      height: 48px;\n    }\n  }\n\n  <\/style>\n\n\n\t<section class=\"media-content body-wrapper not-link\" id=\"day-1\">\n\t<div class=\"media-content__left\">\n\t\t\t\t<h2 class=\"heading2 a-up\">\n\t\t\tD\u00eda 1: \t\t\t\t\t<\/h2>\n\t\t\t\t\n\t\t\n\t\t\n\t\t\t\t<div class=\"media-content__text a-up a-delay-2\"><p>Qu\u00e9 mejor manera de comenzar su escapada que con un viaje a Playa del Amor, la &quot;playa del amor&quot; verdaderamente escondida que se encuentra dentro de un cr\u00e1ter hundido en las Islas Marietas. Salta del bote al c\u00e1lido azul del Pac\u00edfico y, despu\u00e9s de nadar juntos a trav\u00e9s de un t\u00fanel natural, sal a un tramo de suave arena blanca que ha sido calificada como una de las playas m\u00e1s pintorescas e impresionantes de M\u00e9xico. Pase la tarde bebiendo agave una vez dentro del resort, donde un experto local lo lleva en un viaje a trav\u00e9s del sabor, la historia y las combinaciones sugeridas de tequila, sotol y mezcal. Lleve las festividades hasta la noche con una mesa privada en Codex, donde puede cenar entre los manglares mientras saborea la compa\u00f1\u00eda de los dem\u00e1s, as\u00ed como los antiguos sabores aztecas, servidos por nuestros talentosos chefs.   <\/p><\/div>\n\t\t\n\t\t\t<\/div>\n\n\t<div class=\"media-content__right hover-images a-up a-delay-2\">\n\t\t<span class=\"media-content__gradient media-content__gradient-left\"><\/span>\n\t\t<span class=\"media-content__gradient media-content__gradient-right\"><\/span>\n\t\t<span class=\"media-content__gradient media-content__gradient-top\"><\/span>\n\t\t<span class=\"media-content__gradient media-content__gradient-bottom\"><\/span>\n\t\t\t\t\t\t\t<img decoding=\"async\" width=\"2400\" height=\"1600\" src=\"https:\/\/cdn.conradpuntademita.com\/wp-content\/uploads\/2023\/04\/14211134\/Marietas_HiddenBeach_2400x1600.webp\" class=\"hover-image is-hovered\" alt=\"Playa Escondida en Islas Marietas\" loading=\"lazy\" srcset=\"https:\/\/cdn.conradpuntademita.com\/wp-content\/uploads\/2023\/04\/14211134\/Marietas_HiddenBeach_2400x1600.webp 2400w, https:\/\/cdn.conradpuntademita.com\/wp-content\/uploads\/2023\/04\/14211134\/Marietas_HiddenBeach_2400x1600-300x200.jpg 300w, https:\/\/cdn.conradpuntademita.com\/wp-content\/uploads\/2023\/04\/14211134\/Marietas_HiddenBeach_2400x1600-1024x683.jpg 1024w, https:\/\/cdn.conradpuntademita.com\/wp-content\/uploads\/2023\/04\/14211134\/Marietas_HiddenBeach_2400x1600-768x512.jpg 768w, https:\/\/cdn.conradpuntademita.com\/wp-content\/uploads\/2023\/04\/14211134\/Marietas_HiddenBeach_2400x1600-1536x1024.jpg 1536w, https:\/\/cdn.conradpuntademita.com\/wp-content\/uploads\/2023\/04\/14211134\/Marietas_HiddenBeach_2400x1600-2048x1365.jpg 2048w, https:\/\/cdn.conradpuntademita.com\/wp-content\/uploads\/2023\/04\/14211134\/Marietas_HiddenBeach_2400x1600-18x12.jpg 18w, https:\/\/cdn.conradpuntademita.com\/wp-content\/uploads\/2023\/04\/14211134\/Marietas_HiddenBeach_2400x1600-600x400.jpg 600w\" sizes=\"auto, (max-width: 2400px) 100vw, 2400px\" \/>\t\t\t\t\t<\/div>\n\n\t\t<\/section>\n\n\n<section id=\"responsive-spacer-block_898f7eb8999df754965d616aaa5c89c5\" class=\"responsive-spacer\">\n<\/section>\n<style>\n  #responsive-spacer-block_898f7eb8999df754965d616aaa5c89c5 {\n    width: 100%;\n  }\n\n  #responsive-spacer-block_898f7eb8999df754965d616aaa5c89c5 {\n    height: 36px;\n  }\n\n  @media (min-width: 769px) {\n    #responsive-spacer-block_898f7eb8999df754965d616aaa5c89c5 {\n      height: 40px;\n    }\n  }\n\n  @media (min-width: 1201px) {\n    #responsive-spacer-block_898f7eb8999df754965d616aaa5c89c5 {\n      height: 48px;\n    }\n  }\n\n  <\/style>\n\n\n\t<section class=\"media-content body-wrapper not-link\" id=\"day-2\">\n\t<div class=\"media-content__left\">\n\t\t\t\t<h2 class=\"heading2 a-up\">\n\t\t\tDia 2: \t\t\t\t\t<\/h2>\n\t\t\t\t\n\t\t\n\t\t\n\t\t\t\t<div class=\"media-content__text a-up a-delay-2\"><p>Apaga el tel\u00e9fono. Relajarse. Duerma hasta tarde y disfrute de un desayuno flotante con vista al mar, disfrutado desde su piscina privada. Pase el d\u00eda en una caba\u00f1a privada contemplando la amplia vista al mar, antes de prepararse para una barbacoa en la playa de Zarandeado con pescado fresco con especias locales, que se cocina directamente sobre la arena. <\/p><\/div>\n\t\t\n\t\t\t<\/div>\n\n\t<div class=\"media-content__right hover-images a-up a-delay-2\">\n\t\t<span class=\"media-content__gradient media-content__gradient-left\"><\/span>\n\t\t<span class=\"media-content__gradient media-content__gradient-right\"><\/span>\n\t\t<span class=\"media-content__gradient media-content__gradient-top\"><\/span>\n\t\t<span class=\"media-content__gradient media-content__gradient-bottom\"><\/span>\n\t\t\t\t\t\t\t<img decoding=\"async\" width=\"1707\" height=\"2560\" src=\"https:\/\/cdn.conradpuntademita.com\/wp-content\/uploads\/2022\/05\/13124144\/DSCF9689-scaled.webp\" class=\"hover-image is-hovered\" alt=\"Imagen de mesa con comida en la piscina.\" loading=\"lazy\" srcset=\"https:\/\/cdn.conradpuntademita.com\/wp-content\/uploads\/2022\/05\/13124144\/DSCF9689-scaled.webp 1707w, https:\/\/cdn.conradpuntademita.com\/wp-content\/uploads\/2022\/05\/13124144\/DSCF9689-200x300.jpg 200w, https:\/\/cdn.conradpuntademita.com\/wp-content\/uploads\/2022\/05\/13124144\/DSCF9689-683x1024.jpg 683w, https:\/\/cdn.conradpuntademita.com\/wp-content\/uploads\/2022\/05\/13124144\/DSCF9689-768x1152.jpg 768w, https:\/\/cdn.conradpuntademita.com\/wp-content\/uploads\/2022\/05\/13124144\/DSCF9689-1024x1536.jpg 1024w, https:\/\/cdn.conradpuntademita.com\/wp-content\/uploads\/2022\/05\/13124144\/DSCF9689-1365x2048.jpg 1365w\" sizes=\"auto, (max-width: 1707px) 100vw, 1707px\" \/>\t\t\t\t\t<\/div>\n\n\t\t<\/section>\n\n\n<section id=\"responsive-spacer-block_898f7eb8999df754965d616aaa5c89c5\" class=\"responsive-spacer\">\n<\/section>\n<style>\n  #responsive-spacer-block_898f7eb8999df754965d616aaa5c89c5 {\n    width: 100%;\n  }\n\n  #responsive-spacer-block_898f7eb8999df754965d616aaa5c89c5 {\n    height: 36px;\n  }\n\n  @media (min-width: 769px) {\n    #responsive-spacer-block_898f7eb8999df754965d616aaa5c89c5 {\n      height: 40px;\n    }\n  }\n\n  @media (min-width: 1201px) {\n    #responsive-spacer-block_898f7eb8999df754965d616aaa5c89c5 {\n      height: 48px;\n    }\n  }\n\n  <\/style>\n\n\n\t<section class=\"media-content body-wrapper not-link\" id=\"day-3\">\n\t<div class=\"media-content__left\">\n\t\t\t\t<h2 class=\"heading2 a-up\">\n\t\t\tD\u00eda 3: \t\t\t\t\t<\/h2>\n\t\t\t\t\n\t\t\n\t\t\n\t\t\t\t<div class=\"media-content__text a-up a-delay-2\"><p>Profundice su v\u00ednculo con una nueva experiencia compartida en una ceremonia purificadora de temezcal, donde el vapor, el cham\u00e1n y las piedras calientes ayudan a restaurar y desintoxicar sus cuerpos. Contin\u00fae el d\u00eda de relajaci\u00f3n con un masaje en pareja de 60 minutos en una nutritiva c\u00fapula selv\u00e1tica con techo de paja, antes de cerrar el d\u00eda de forma rom\u00e1ntica con una fogata \u00edntima y privada en la playa, rematada con una botella de buen vino. <\/p><\/div>\n\t\t\n\t\t\t<\/div>\n\n\t<div class=\"media-content__right hover-images a-up a-delay-2\">\n\t\t<span class=\"media-content__gradient media-content__gradient-left\"><\/span>\n\t\t<span class=\"media-content__gradient media-content__gradient-right\"><\/span>\n\t\t<span class=\"media-content__gradient media-content__gradient-top\"><\/span>\n\t\t<span class=\"media-content__gradient media-content__gradient-bottom\"><\/span>\n\t\t\t\t\t\t\t<img decoding=\"async\" width=\"1300\" height=\"1427\" src=\"https:\/\/cdn.conradpuntademita.com\/wp-content\/uploads\/2022\/06\/30154851\/ConradPuntaMita-Spherical-JoeThomas-022022-124-1-e1653630714888-1.jpg\" class=\"hover-image is-hovered\" alt=\"Una pareja de espaldas en una ceremonia espiritual y rom\u00e1ntica al atardecer\" loading=\"lazy\" srcset=\"https:\/\/cdn.conradpuntademita.com\/wp-content\/uploads\/2022\/06\/30154851\/ConradPuntaMita-Spherical-JoeThomas-022022-124-1-e1653630714888-1.jpg 1300w, https:\/\/cdn.conradpuntademita.com\/wp-content\/uploads\/2022\/06\/30154851\/ConradPuntaMita-Spherical-JoeThomas-022022-124-1-e1653630714888-1-273x300.jpg 273w, https:\/\/cdn.conradpuntademita.com\/wp-content\/uploads\/2022\/06\/30154851\/ConradPuntaMita-Spherical-JoeThomas-022022-124-1-e1653630714888-1-933x1024.jpg 933w, https:\/\/cdn.conradpuntademita.com\/wp-content\/uploads\/2022\/06\/30154851\/ConradPuntaMita-Spherical-JoeThomas-022022-124-1-e1653630714888-1-768x843.jpg 768w\" sizes=\"auto, (max-width: 1300px) 100vw, 1300px\" \/>\t\t\t\t\t<\/div>\n\n\t\t<\/section>\n\n\n<section id=\"responsive-spacer-block_898f7eb8999df754965d616aaa5c89c5\" class=\"responsive-spacer\">\n<\/section>\n<style>\n  #responsive-spacer-block_898f7eb8999df754965d616aaa5c89c5 {\n    width: 100%;\n  }\n\n  #responsive-spacer-block_898f7eb8999df754965d616aaa5c89c5 {\n    height: 36px;\n  }\n\n  @media (min-width: 769px) {\n    #responsive-spacer-block_898f7eb8999df754965d616aaa5c89c5 {\n      height: 40px;\n    }\n  }\n\n  @media (min-width: 1201px) {\n    #responsive-spacer-block_898f7eb8999df754965d616aaa5c89c5 {\n      height: 48px;\n    }\n  }\n\n  <\/style>\n\n<section id=\"venues-spaces-block_0cc2cc550bd9869a16476826f18da30b\" class=\"venues-spaces experience-events body-wrapper\" data-cpt=\"experience\">\n  \n      <h2 class=\"venues-spaces__heading a-up\">Experiencias destacadas<\/h2>\n  \n      <div class=\"venues-spaces__items\">\n                \t\n\t<div class=\"loop-event\">\n\t<div class=\"loop-event__link-wrapper\">\n\t\t<div class=\"loop-event__link\">\n\t\n\t<div class=\"loop-event__img\">\n\t\t\t\t\t<a href=\"https:\/\/www.conradpuntademita.com\/es\/experiencias\/degustacion-de-licores-de-agave\/\" class=\"foto-hover\">\n\t\t\t\t\t\t\t\t\t<img decoding=\"async\" src=\"https:\/\/cdn.conradpuntademita.com\/wp-content\/uploads\/2022\/05\/13120249\/ConradPuntaMita-Spherical-JoeThomas-022022-22-810x790-1-585x730.webp\" alt=\"Chica mano vertiendo vodka en el vaso\">\n\t\t\t\n\t\t\t\t<\/a>\n\t\t\t\t\n\t<\/div>\n\n\n\n\n\t\t\n\n\t\t<\/div>\n\t\n\n\n\t<\/div>\n\n\t<div class=\"loop-event__info\">\n\n\t<h3 class='loop-event__heading heading3 a-up'>\n\tDegustaci\u00f3n de destilados de agave\t<\/h3>\n\n\t\t\t\t\t<div class=\"loop-event__text a-up a-delay-1\">\n\t\t\t\t<p>Nuestro Agave Studio est\u00e1 dedicado al antiguo destilado de agave y a sus m\u00faltiples y tentadoras formas. Nuestro experto en agave le guiar\u00e1 a trav\u00e9s de una cata seleccionada entre nuestras m\u00e1s de 200 botellas de tequila, mezcal, raicilla y sotol. Descubra su historia, procedencia y perfiles de sabor, acompa\u00f1ados de peque\u00f1os bocados. O reserve una cena de cinco platos con maridaje de agave. <\/p>\n\t\t\t<\/div>\n\t\t\n\t<div class=\"loop-event__cta-wrapper\">\n\t\t\t<a class=\"btn btn-secondary loop-event__cta a-up a-delay-2\" href=\"https:\/\/www.conradpuntademita.com\/es\/experiencias\/degustacion-de-licores-de-agave\/\" target=\"_self\">Descubre m\u00e1s<\/a>\n\t\n\t\n\t\t\t\t<\/div>\n\n\t<\/div>\n\t<\/div>\n\t                \t\n\t<div class=\"loop-event\">\n\t<div class=\"loop-event__link-wrapper\">\n\t\t<div class=\"loop-event__link\">\n\t\n\t<div class=\"loop-event__img\">\n\t\t\t\t\t<a href=\"https:\/\/www.conradpuntademita.com\/es\/experiencias\/cena-privada\/\" class=\"foto-hover\">\n\t\t\t\t\t\t\t\t\t<img decoding=\"async\" src=\"https:\/\/cdn.conradpuntademita.com\/wp-content\/uploads\/2022\/05\/13120350\/ConradPuntaMita-Spherical-JoeThomas-022022-92-1-e1653493434636-585x730.webp\" alt=\"Mesa y silla al aire libre con iluminaci\u00f3n de \u00e1rboles.\">\n\t\t\t\n\t\t\t\t<\/a>\n\t\t\t\t\n\t<\/div>\n\n\n\n\n\t\t\n\n\t\t<\/div>\n\t\n\n\n\t<\/div>\n\n\t<div class=\"loop-event__info\">\n\n\t<h3 class='loop-event__heading heading3 a-up'>\n\tCena Privada\t<\/h3>\n\n\t\t\t\t\t<div class=\"loop-event__text a-up a-delay-1\">\n\t\t\t\t<p>Una irresistible combinaci\u00f3n de cocina y romanticismo: Una mesa aislada para dos, situada en los manglares de Codex, y un men\u00fa vanguardista con influencias de recetas ancestrales, elaborado exclusivamente para usted por nuestro chef de cocina. Tambi\u00e9n podemos crear una experiencia gastron\u00f3mica privada en un espacio tranquilo dentro del complejo, desde su terraza privada hasta una tranquila caba\u00f1a con vistas a la puesta de sol. <\/p>\n\t\t\t<\/div>\n\t\t\n\t<div class=\"loop-event__cta-wrapper\">\n\t\t\t<a class=\"btn btn-secondary loop-event__cta a-up a-delay-2\" href=\"\/es\/experiencias\/cena-privada\/\" target=\"_self\">Descubre m\u00e1s<\/a>\n\t\n\t\n\t\t\t\t<\/div>\n\n\t<\/div>\n\t<\/div>\n\t                \t                \t\n\t<div class=\"loop-event\">\n\t<div class=\"loop-event__link-wrapper\">\n\t\t<div class=\"loop-event__link\">\n\t\n\t<div class=\"loop-event__img\">\n\t\t\t\t\t<a href=\"https:\/\/www.conradpuntademita.com\/es\/experiencias\/reservacion-de-cabanas-privadas\/\" class=\"foto-hover\">\n\t\t\t\t\t\t\t\t\t<img decoding=\"async\" src=\"https:\/\/cdn.conradpuntademita.com\/wp-content\/uploads\/2022\/10\/05213212\/Haniiya-Cabana-1200x1800-1-e1665007191173-585x730.webp\" alt=\"pareja, relajante, por, el, piscina\">\n\t\t\t\n\t\t\t\t<\/a>\n\t\t\t\t\n\t<\/div>\n\n\n\n\n\t\t\n\n\t\t<\/div>\n\t\n\n\n\t<\/div>\n\n\t<div class=\"loop-event__info\">\n\n\t<h3 class='loop-event__heading heading3 a-up'>\n\tReserva tu Cabana Privada\t<\/h3>\n\n\t\t\t\t\t<div class=\"loop-event__text a-up a-delay-1\">\n\t\t\t\t<p>Seleccione entre cuatro opciones de caba\u00f1as privadas con servicio de mayordomo y comodidades junto a la piscina en caba\u00f1as personalizadas inspiradas en los huicholes.<\/p>\n\t\t\t<\/div>\n\t\t\n\t<div class=\"loop-event__cta-wrapper\">\n\t\t\t<a class=\"btn btn-secondary loop-event__cta a-up a-delay-2\" href=\"\/es\/experiencias\/reservacion-de-cabanas-privadas\/\" target=\"_self\">Ver Caba\u00f1as<\/a>\n\t\n\t\n\t\t\t\t<\/div>\n\n\t<\/div>\n\t<\/div>\n\t          <\/div>\n  \n  <\/section>\n\n\n<section id=\"responsive-spacer-block_65bacabe6ead991412b2c7d45451b46f\" class=\"responsive-spacer\">\n<\/section>\n<style>\n  #responsive-spacer-block_65bacabe6ead991412b2c7d45451b46f {\n    width: 100%;\n  }\n\n  #responsive-spacer-block_65bacabe6ead991412b2c7d45451b46f {\n    height: 57px;\n  }\n\n  @media (min-width: 769px) {\n    #responsive-spacer-block_65bacabe6ead991412b2c7d45451b46f {\n      height: 72px;\n    }\n  }\n\n  @media (min-width: 1201px) {\n    #responsive-spacer-block_65bacabe6ead991412b2c7d45451b46f {\n      height: 91px;\n    }\n  }\n\n  <\/style>\n\n<section id=\"responsive-spacer-block_65bacabe6ead991412b2c7d45451b46f\" class=\"responsive-spacer\">\n<\/section>\n<style>\n  #responsive-spacer-block_65bacabe6ead991412b2c7d45451b46f {\n    width: 100%;\n  }\n\n  #responsive-spacer-block_65bacabe6ead991412b2c7d45451b46f {\n    height: 57px;\n  }\n\n  @media (min-width: 769px) {\n    #responsive-spacer-block_65bacabe6ead991412b2c7d45451b46f {\n      height: 72px;\n    }\n  }\n\n  @media (min-width: 1201px) {\n    #responsive-spacer-block_65bacabe6ead991412b2c7d45451b46f {\n      height: 91px;\n    }\n  }\n\n  <\/style>\n\n\n<section id=\"offers-module-block_b3aab793ca00a8eaf3d0d35fb193ecfb\" class=\"offers-module\">\n  <div class=\"offers-module__info\">\n\n\n\n          <h2 class=\"offers-module__heading heading2 a-up\">Ofertas especiales<\/h2>\n    \n          <h6 class=\"offers-module__subheading heading3 a-up a-delay-1\">Ofertas \u00fanicas para parejas<\/h6>\n    \n          <p class=\"offers-module__desc content a-up a-delay-2\">\n        Comience su viaje de relajaci\u00f3n y disfrute de los encantos naturales de este santuario. A solo unos pasos de una de las mejores playas de la Riviera Nayarit, Conrad Punta de Mita est\u00e1 rodeado de serenos paisajes con infinitas opciones para relajarse y divertirse.      <\/p>\n    \n        <div class=\"offers-module__btn--wrapper a-up\">\n      <a href=\"\/es\/ofertas\/\" class=\"btn offers-module__btn\" target=\"\">\n        DESCUBRE M\u00c1S      <\/a>\n    <\/div>\n    \n  <\/div>\n      <div class=\"offers-module__grid swiper\">\n      <div class=\"swiper-wrapper offers-module__swiper\">\n        <style>\n\n.loop-offer__content {\n  display: flex;\n  flex-direction: column;\n  flex-grow: 1;\n  justify-content: space-between;\n}\n\n\n\n.swiper-slide {\n    height: auto !important;\n}\n\n<\/style>\n\n<style>\n\n.loop-offer__content {\n  display: flex;\n  flex-direction: column;\n  flex-grow: 1;\n  justify-content: space-between;\n}\n\n\n\n.swiper-slide {\n    height: auto !important;\n}\n\n<\/style>\n\n      <\/div>\n    <\/div>\n  \n  \n\n<\/section>\n\n<section id=\"responsive-spacer-block_be9aa7c2ffda006bfa8487dde8ba6cf8\" class=\"responsive-spacer\">\n<\/section>\n<style>\n  #responsive-spacer-block_be9aa7c2ffda006bfa8487dde8ba6cf8 {\n    width: 100%;\n  }\n\n  #responsive-spacer-block_be9aa7c2ffda006bfa8487dde8ba6cf8 {\n    height: 121px;\n  }\n\n  @media (min-width: 769px) {\n    #responsive-spacer-block_be9aa7c2ffda006bfa8487dde8ba6cf8 {\n      height: 141px;\n    }\n  }\n\n  @media (min-width: 1201px) {\n    #responsive-spacer-block_be9aa7c2ffda006bfa8487dde8ba6cf8 {\n      height: 161px;\n    }\n  }\n\n  <\/style>","protected":false},"excerpt":{"rendered":"","protected":false},"author":4,"featured_media":3589,"parent":0,"menu_order":0,"comment_status":"closed","ping_status":"closed","template":"","meta":{"_acf_changed":false,"inline_featured_image":false,"footnotes":""},"categories":[],"class_list":["post-3725","page","type-page","status-publish","has-post-thumbnail","hentry"],"acf":[],"featured_image_src":"https:\/\/cdn.conradpuntademita.com\/wp-content\/uploads\/2022\/06\/30154851\/ConradPuntaMita-Spherical-JoeThomas-022022-124-1-e1653630714888-1-600x400.jpg","featured_image_src_square":"https:\/\/cdn.conradpuntademita.com\/wp-content\/uploads\/2022\/06\/30154851\/ConradPuntaMita-Spherical-JoeThomas-022022-124-1-e1653630714888-1-600x600.jpg","publishpress_future_action":{"enabled":false,"date":"2026-05-06 13:55:51","action":"change-status","newStatus":"draft","terms":[],"taxonomy":"category","extraData":[]},"publishpress_future_workflow_manual_trigger":{"enabledWorkflows":[]},"_links":{"self":[{"href":"https:\/\/www.conradpuntademita.com\/es\/wp-json\/wp\/v2\/pages\/3725","targetHints":{"allow":["GET"]}}],"collection":[{"href":"https:\/\/www.conradpuntademita.com\/es\/wp-json\/wp\/v2\/pages"}],"about":[{"href":"https:\/\/www.conradpuntademita.com\/es\/wp-json\/wp\/v2\/types\/page"}],"author":[{"embeddable":true,"href":"https:\/\/www.conradpuntademita.com\/es\/wp-json\/wp\/v2\/users\/4"}],"replies":[{"embeddable":true,"href":"https:\/\/www.conradpuntademita.com\/es\/wp-json\/wp\/v2\/comments?post=3725"}],"version-history":[{"count":51,"href":"https:\/\/www.conradpuntademita.com\/es\/wp-json\/wp\/v2\/pages\/3725\/revisions"}],"predecessor-version":[{"id":10372,"href":"https:\/\/www.conradpuntademita.com\/es\/wp-json\/wp\/v2\/pages\/3725\/revisions\/10372"}],"wp:featuredmedia":[{"embeddable":true,"href":"https:\/\/www.conradpuntademita.com\/es\/wp-json\/wp\/v2\/media\/3589"}],"wp:attachment":[{"href":"https:\/\/www.conradpuntademita.com\/es\/wp-json\/wp\/v2\/media?parent=3725"}],"wp:term":[{"taxonomy":"category","embeddable":true,"href":"https:\/\/www.conradpuntademita.com\/es\/wp-json\/wp\/v2\/categories?post=3725"}],"curies":[{"name":"wp","href":"https:\/\/api.w.org\/{rel}","templated":true}]}}