{"id":387,"date":"2022-05-01T15:49:59","date_gmt":"2022-05-01T15:49:59","guid":{"rendered":"https:\/\/www.conradpuntademita.com\/?page_id=387"},"modified":"2025-12-12T11:22:12","modified_gmt":"2025-12-12T11:22:12","slug":"prensa","status":"publish","type":"page","link":"https:\/\/www.conradpuntademita.com\/es\/prensa\/","title":{"rendered":"Prensa"},"content":{"rendered":"<div style=\"height:175px\" aria-hidden=\"true\" class=\"wp-block-spacer\"><\/div>\n\n\n\n<section class=\"wysiwig body-wrapper half-width\" id=\"wysiwig-block_857df3069b36f6f40c07e071c9fe1bc2\">\n  <h1 class=\"heading1\" style=\"text-align: center;\">Prensa<\/h1>\n<p style=\"text-align: center;\">CONTACTO CON LOS MEDIOS:<br \/>\n619.255.7069<br \/>\nconradpuntamita@jpublicrelations.com<\/p>\n<\/section>\n\n\n<section id=\"press-block_57ca8234dfaa8f2ab0b7881b2f3e03d7\" class=\"press body-wrapper\">\n  <div class=\"container\">\n    \n    \n          <div class=\"press-filter general-filter\">\n        <ul class=\"press-links general-links a-up a-delay-1\">\n          <li><a class=\"tab-link cta cta-reverse press-link active\" href=\"#\" data-category=\"all\">Todo<\/a><\/li>\n                      <li>\n              <a class=\"tab-link cta cta-reverse press-link\" href=\"#\" data-category=\"awards\">\n                Premios              <\/a>\n            <\/li>\n                      <li>\n              <a class=\"tab-link cta cta-reverse press-link\" href=\"#\" data-category=\"press\">\n                Complejo              <\/a>\n            <\/li>\n                      <li>\n              <a class=\"tab-link cta cta-reverse press-link\" href=\"#\" data-category=\"featured-on\">\n                Presentado en              <\/a>\n            <\/li>\n                      <li>\n              <a class=\"tab-link cta cta-reverse press-link\" href=\"#\" data-category=\"culinary\">\n                Gastronom\u00eda              <\/a>\n            <\/li>\n                      <li>\n              <a class=\"tab-link cta cta-reverse press-link\" href=\"#\" data-category=\"wellness\">\n                Bienestar              <\/a>\n            <\/li>\n                      <li>\n              <a class=\"tab-link cta cta-reverse press-link\" href=\"#\" data-category=\"meetings\">\n                Eventos              <\/a>\n            <\/li>\n                      <li>\n              <a class=\"tab-link cta cta-reverse press-link\" href=\"#\" data-category=\"weddings\">\n                Bodas              <\/a>\n            <\/li>\n                  <\/ul>\n        <div class=\"press-selector general-selector a-up a-delay-1\">\n          <select class=\"press-select general-select\" jcf>\n            <option value=\"all\" selected>Todo<\/option>\n                          <option value=\"awards\">\n                Premios              <\/option>\n                          <option value=\"press\">\n                Complejo              <\/option>\n                          <option value=\"featured-on\">\n                Presentado en              <\/option>\n                          <option value=\"culinary\">\n                Gastronom\u00eda              <\/option>\n                          <option value=\"wellness\">\n                Bienestar              <\/option>\n                          <option value=\"meetings\">\n                Eventos              <\/option>\n                          <option value=\"weddings\">\n                Bodas              <\/option>\n                      <\/select>\n        <\/div>\n      <\/div>\n    \n          <div class=\"press-grid general-grid\">\n          <article class=\"loop-press\" data-id=\"16820\">\n    <a href=\"https:\/\/www.travelandleisure.com\/conrad-punta-de-mita-hotel-review-11715474\" target=\"_blank\" rel=\"noopener\">\n      <div class=\"loop-press__image\">\n        <a href=\"https:\/\/cdn.conradpuntademita.com\/wp-content\/uploads\/2025\/04\/05181429\/CONRAD-PUNTA-DE-MITA-10134059-400x560.jpg\" class=\"foto-hover\">\n          <img decoding=\"async\" src=\"https:\/\/cdn.conradpuntademita.com\/wp-content\/uploads\/2025\/04\/05181429\/CONRAD-PUNTA-DE-MITA-10134059-400x560.jpg\" srcset=\"https:\/\/cdn.conradpuntademita.com\/wp-content\/uploads\/2025\/04\/05181429\/CONRAD-PUNTA-DE-MITA-10134059-400x560.jpg 2x\" alt=\"Estructura de c\u00fapula circular de arcilla con antorchas encendidas en el exterior, p\u00e9talos de flores en los escalones y paisaje tropical cercano.\">\n        <\/a>\n      <\/div>\n      <div class=\"loop-press__content\">\n        <p class=\"loop-press__date\">04.17.25<\/p>\n        <h6 class=\"loop-press__title heading3\">Viajes + Ocio: Conrad Punta de Mita se destaca en la Riviera Nayarit de M\u00e9xico<\/h6>\n        <p class=\"loop-press__desc\">Uno de los pocos complejos tur\u00edsticos donde los elementos culturales est\u00e1n presentes en casi todos los aspectos de la experiencia del hu\u00e9sped.<\/p>\n      <\/div>\n    <\/a>\n  <\/article>\n    <article class=\"loop-press\" data-id=\"11255\">\n    <a href=\"https:\/\/www.cntraveler.com\/gallery\/mexico-western-top-resorts\" target=\"_blank\" rel=\"noopener\">\n      <div class=\"loop-press__image\">\n        <a href=\"https:\/\/cdn.conradpuntademita.com\/wp-content\/uploads\/2023\/09\/23010437\/ConradPdM_3rd_Nt_Free_Cabanas_StudioCaribe-DSC06709-400x560.jpg\" class=\"foto-hover\">\n          <img decoding=\"async\" src=\"https:\/\/cdn.conradpuntademita.com\/wp-content\/uploads\/2023\/09\/23010437\/ConradPdM_3rd_Nt_Free_Cabanas_StudioCaribe-DSC06709-400x560.jpg\" srcset=\"https:\/\/cdn.conradpuntademita.com\/wp-content\/uploads\/2023\/09\/23010437\/ConradPdM_3rd_Nt_Free_Cabanas_StudioCaribe-DSC06709-400x560.jpg 2x\" alt=\"Un sill\u00f3n bellamente arreglado se ubica elegantemente a la sombra junto a la piscina.\">\n        <\/a>\n      <\/div>\n      <div class=\"loop-press__content\">\n        <p class=\"loop-press__date\">10.01.24<\/p>\n        <h6 class=\"loop-press__title heading3\">Los 20 mejores resorts del oeste de M\u00e9xico: Readers&#039; Choice Awards 2024<\/h6>\n        <p class=\"loop-press__desc\">Conrad Punta de Mita ocupa el puesto 4 entre los 20 mejores resorts del oeste de M\u00e9xico seg\u00fan los Readers&#039; Choice Awards 2024.<\/p>\n      <\/div>\n    <\/a>\n  <\/article>\n    <article class=\"loop-press\" data-id=\"11061\">\n    <a href=\"https:\/\/elitetraveler.com\/travel\/hotel-news\/elite-traveler-top-family-hotel-suites\" target=\"_blank\" rel=\"noopener\">\n      <div class=\"loop-press__image\">\n        <a href=\"https:\/\/cdn.conradpuntademita.com\/wp-content\/uploads\/2022\/05\/13121027\/PENTHOUSE-OCEAN-VIEW-SUITE-5-2-400x560.jpg\" class=\"foto-hover\">\n          <img decoding=\"async\" src=\"https:\/\/cdn.conradpuntademita.com\/wp-content\/uploads\/2022\/05\/13121027\/PENTHOUSE-OCEAN-VIEW-SUITE-5-2-400x560.jpg\" srcset=\"https:\/\/cdn.conradpuntademita.com\/wp-content\/uploads\/2022\/05\/13121027\/PENTHOUSE-OCEAN-VIEW-SUITE-5-2-400x560.jpg 2x\" alt=\"Un balc\u00f3n de la habitaci\u00f3n del hotel con sillas, dos camas de piscina con vista al r\u00edo\">\n        <\/a>\n      <\/div>\n      <div class=\"loop-press__content\">\n        <p class=\"loop-press__date\">09.18.2024<\/p>\n        <h6 class=\"loop-press__title heading3\">Elite Traveler revela las 50 mejores suites de hotel familiar<\/h6>\n        <p class=\"loop-press__desc\">Suite Penthouse con vista al mar en Conrad Punta de Mita, nombrada una de las 50 mejores suites de hoteles familiares por Elite Traveler.<\/p>\n      <\/div>\n    <\/a>\n  <\/article>\n    <article class=\"loop-press\" data-id=\"10395\">\n    <a href=\"https:\/\/meetings.skift.com\/skift-meetings-awards-2024-meet-the-winners\" target=\"_blank\" rel=\"noopener\">\n      <div class=\"loop-press__image\">\n        <a href=\"https:\/\/cdn.conradpuntademita.com\/wp-content\/uploads\/2022\/06\/04003722\/DSC_3993-400x560.jpg\" class=\"foto-hover\">\n          <img decoding=\"async\" src=\"https:\/\/cdn.conradpuntademita.com\/wp-content\/uploads\/2022\/06\/04003722\/DSC_3993-400x560.jpg\" srcset=\"https:\/\/cdn.conradpuntademita.com\/wp-content\/uploads\/2022\/06\/04003722\/DSC_3993-400x560.jpg 2x\" alt=\"Actividades propuestas por el hotel\">\n        <\/a>\n      <\/div>\n      <div class=\"loop-press__content\">\n        <p class=\"loop-press__date\">07.26.2024<\/p>\n        <h6 class=\"loop-press__title heading3\">Premios Skift Meetings 2024<\/h6>\n        <p class=\"loop-press__desc\"> Conrad Punta de Mita ha sido reconocido como el Mejor Hotel (Fuera de EE. UU.) en los premios anuales Skift Meetings.<\/p>\n      <\/div>\n    <\/a>\n  <\/article>\n    <article class=\"loop-press\" data-id=\"10212\">\n    <a href=\"https:\/\/www.travelandleisure.com\/\" target=\"_blank\" rel=\"noopener\">\n      <div class=\"loop-press__image\">\n        <a href=\"https:\/\/cdn.conradpuntademita.com\/wp-content\/uploads\/2023\/11\/23134252\/PVRPMCI_GrandSuite-Terrace2-scaled-e1653492505849-1-400x560.webp\" class=\"foto-hover\">\n          <img decoding=\"async\" src=\"https:\/\/cdn.conradpuntademita.com\/wp-content\/uploads\/2023\/11\/23134252\/PVRPMCI_GrandSuite-Terrace2-scaled-e1653492505849-1-400x560.webp\" srcset=\"https:\/\/cdn.conradpuntademita.com\/wp-content\/uploads\/2023\/11\/23134252\/PVRPMCI_GrandSuite-Terrace2-scaled-e1653492505849-1-400x560.webp 2x\" alt=\"Terraza de lujo frente al mar con piscina privada, tumbonas, palmeras y vistas panor\u00e1micas al mar azul.\">\n        <\/a>\n      <\/div>\n      <div class=\"loop-press__content\">\n        <p class=\"loop-press__date\">06.12.2024<\/p>\n        <h6 class=\"loop-press__title heading3\">Viajes y ocio<\/h6>\n        <p class=\"loop-press__desc\">El servicio de hotel de alta gama que vale la pena desembolsar este a\u00f1o<\/p>\n      <\/div>\n    <\/a>\n  <\/article>\n    <article class=\"loop-press\" data-id=\"8473\">\n    <a href=\"https:\/\/www.travelandleisure.com\/\" target=\"_blank\" rel=\"noopener\">\n      <div class=\"loop-press__image\">\n        <a href=\"https:\/\/cdn.conradpuntademita.com\/wp-content\/uploads\/2024\/01\/25035639\/CONRAD-PUNTA-DE-MITA-10072933-2000x1333-1-400x560.jpg\" class=\"foto-hover\">\n          <img decoding=\"async\" src=\"https:\/\/cdn.conradpuntademita.com\/wp-content\/uploads\/2024\/01\/25035639\/CONRAD-PUNTA-DE-MITA-10072933-2000x1333-1-400x560.jpg\" srcset=\"https:\/\/cdn.conradpuntademita.com\/wp-content\/uploads\/2024\/01\/25035639\/CONRAD-PUNTA-DE-MITA-10072933-2000x1333-1-400x560.jpg 2x\" alt=\"vista del hotel desde el cielo\">\n        <\/a>\n      <\/div>\n      <div class=\"loop-press__content\">\n        <p class=\"loop-press__date\">04.22.2024<\/p>\n        <h6 class=\"loop-press__title heading3\">Viajes y ocio<\/h6>\n        <p class=\"loop-press__desc\">Conrad Punta de Mita incluido en la lista de los 500 mejores hoteles de Travel + Leisure para 2024<\/p>\n      <\/div>\n    <\/a>\n  <\/article>\n    <article class=\"loop-press\" data-id=\"7623\">\n    <a href=\"\" target=\"_blank\">\n      <div class=\"loop-press__image\">\n        <a href=\"https:\/\/cdn.conradpuntademita.com\/wp-content\/uploads\/2023\/11\/23134110\/ConradPuntaMita-Spherical-JoeThomas-022022-130-400x560.webp\" class=\"foto-hover\">\n          <img decoding=\"async\" src=\"https:\/\/cdn.conradpuntademita.com\/wp-content\/uploads\/2023\/11\/23134110\/ConradPuntaMita-Spherical-JoeThomas-022022-130-400x560.webp\" srcset=\"https:\/\/cdn.conradpuntademita.com\/wp-content\/uploads\/2023\/11\/23134110\/ConradPuntaMita-Spherical-JoeThomas-022022-130-400x560.webp 2x\" alt=\"Playa rodeada de palmeras con asientos tipo lounge, tranquilas olas del oc\u00e9ano y monta\u00f1as a lo lejos.\">\n        <\/a>\n      <\/div>\n      <div class=\"loop-press__content\">\n        <p class=\"loop-press__date\">02.07.2024<\/p>\n        <h6 class=\"loop-press__title heading3\">Gu\u00eda de viajes Forbes<\/h6>\n        <p class=\"loop-press__desc\">Gu\u00eda de viajes de Forbes: 2024 4 estrellas<\/p>\n      <\/div>\n    <\/a>\n  <\/article>\n    <article class=\"loop-press\" data-id=\"7622\">\n    <a href=\"\" target=\"_blank\">\n      <div class=\"loop-press__image\">\n        <a href=\"https:\/\/cdn.conradpuntademita.com\/wp-content\/uploads\/2023\/08\/14165038\/ConradPuntaMita-Spherical-JoeThomas-022022-2-1-e1721046400500-400x560.jpg\" class=\"foto-hover\">\n          <img decoding=\"async\" src=\"https:\/\/cdn.conradpuntademita.com\/wp-content\/uploads\/2023\/08\/14165038\/ConradPuntaMita-Spherical-JoeThomas-022022-2-1-e1721046400500-400x560.jpg\" srcset=\"https:\/\/cdn.conradpuntademita.com\/wp-content\/uploads\/2023\/08\/14165038\/ConradPuntaMita-Spherical-JoeThomas-022022-2-1-e1721046400500-400x560.jpg 2x\" alt=\"piscinas de Conrad, grandes actividades\">\n        <\/a>\n      <\/div>\n      <div class=\"loop-press__content\">\n        <p class=\"loop-press__date\">02.01.2024<\/p>\n        <h6 class=\"loop-press__title heading3\">US News &amp; World Report 2024 \u201cMejores hoteles\u201d<\/h6>\n        <p class=\"loop-press__desc\">No. 3 Mejor Hotel en Punta Mita\r\n<br>No. 4 mejor hotel en la costa del Pac\u00edfico\r\n<br>No. 35 Mejor Hotel en M\u00e9xico<\/p>\n      <\/div>\n    <\/a>\n  <\/article>\n    <article class=\"loop-press\" data-id=\"7620\">\n    <a href=\"https:\/\/observer.com\/list\/mexico-most-romantic-hotels\/\" target=\"_blank\" rel=\"noopener\">\n      <div class=\"loop-press__image\">\n        <a href=\"https:\/\/cdn.conradpuntademita.com\/wp-content\/uploads\/2023\/08\/24155430\/ConradPuntaMita-Spherical-JoeThomas-022022-90-Dining-Codex-Private-400x560.jpg\" class=\"foto-hover\">\n          <img decoding=\"async\" src=\"https:\/\/cdn.conradpuntademita.com\/wp-content\/uploads\/2023\/08\/24155430\/ConradPuntaMita-Spherical-JoeThomas-022022-90-Dining-Codex-Private-400x560.jpg\" srcset=\"https:\/\/cdn.conradpuntademita.com\/wp-content\/uploads\/2023\/08\/24155430\/ConradPuntaMita-Spherical-JoeThomas-022022-90-Dining-Codex-Private-400x560.jpg 2x\" alt=\"Una pareja de playa en un sof\u00e1, con las manos entrelazadas, saboreando bebidas junto a la orilla.\">\n        <\/a>\n      <\/div>\n      <div class=\"loop-press__content\">\n        <p class=\"loop-press__date\">02.05.2024<\/p>\n        <h6 class=\"loop-press__title heading3\">Observador<\/h6>\n        <p class=\"loop-press__desc\">Los Hoteles M\u00e1s Rom\u00e1nticos de M\u00e9xico<\/p>\n      <\/div>\n    <\/a>\n  <\/article>\n        <\/div>\n          <div class=\"press-grid__cta\">\n        <button class=\"btn btn-primary\" id=\"load-more-press\" data-page=\"1\">Cargar m\u00e1s<\/button>\n      <\/div>\n      <\/div>\n<\/section>","protected":false},"excerpt":{"rendered":"","protected":false},"author":12,"featured_media":0,"parent":0,"menu_order":0,"comment_status":"closed","ping_status":"closed","template":"","meta":{"_acf_changed":false,"inline_featured_image":false,"footnotes":""},"categories":[],"class_list":["post-387","page","type-page","status-publish","hentry"],"acf":[],"featured_image_src":null,"featured_image_src_square":null,"publishpress_future_action":{"enabled":false,"date":"2026-05-06 16:32:54","action":"change-status","newStatus":"draft","terms":[],"taxonomy":"category","extraData":[]},"publishpress_future_workflow_manual_trigger":{"enabledWorkflows":[]},"_links":{"self":[{"href":"https:\/\/www.conradpuntademita.com\/es\/wp-json\/wp\/v2\/pages\/387","targetHints":{"allow":["GET"]}}],"collection":[{"href":"https:\/\/www.conradpuntademita.com\/es\/wp-json\/wp\/v2\/pages"}],"about":[{"href":"https:\/\/www.conradpuntademita.com\/es\/wp-json\/wp\/v2\/types\/page"}],"author":[{"embeddable":true,"href":"https:\/\/www.conradpuntademita.com\/es\/wp-json\/wp\/v2\/users\/12"}],"replies":[{"embeddable":true,"href":"https:\/\/www.conradpuntademita.com\/es\/wp-json\/wp\/v2\/comments?post=387"}],"version-history":[{"count":23,"href":"https:\/\/www.conradpuntademita.com\/es\/wp-json\/wp\/v2\/pages\/387\/revisions"}],"predecessor-version":[{"id":16819,"href":"https:\/\/www.conradpuntademita.com\/es\/wp-json\/wp\/v2\/pages\/387\/revisions\/16819"}],"wp:attachment":[{"href":"https:\/\/www.conradpuntademita.com\/es\/wp-json\/wp\/v2\/media?parent=387"}],"wp:term":[{"taxonomy":"category","embeddable":true,"href":"https:\/\/www.conradpuntademita.com\/es\/wp-json\/wp\/v2\/categories?post=387"}],"curies":[{"name":"wp","href":"https:\/\/api.w.org\/{rel}","templated":true}]}}