{"id":4483,"date":"2023-01-13T12:38:36","date_gmt":"2023-01-13T12:38:36","guid":{"rendered":"https:\/\/www.conradpuntademita.com\/?page_id=4483"},"modified":"2025-12-12T11:28:34","modified_gmt":"2025-12-12T11:28:34","slug":"preguntas-frecuentes","status":"publish","type":"page","link":"https:\/\/www.conradpuntademita.com\/es\/preguntas-frecuentes\/","title":{"rendered":"Preguntas frecuentes"},"content":{"rendered":"<section id=\"banner-block_5b66b970307e69240053a5ffc5d06dd6\" class=\"banner gradient-banner full-height-banner full-height single-room\">\n  <div class=\"banner-wrapper\">\n          <img decoding=\"async\" src=\"https:\/\/cdn.conradpuntademita.com\/wp-content\/uploads\/2022\/05\/13120844\/ConradPuntadeMita-JoeThomas-357-1-scaled-e1653318552641.webp\" alt=\"ConradPuntadeMita-JoeThomas-357\" class=\"banner__img banner__media\">\n      <\/div>\n\n      <div class=\"banner-content\">\n              <h1 class=\"banner-title heading1\">Preguntas frecuentes<\/h1>\n      \n              \n      \n<\/section>\n\n\n<section id=\"responsive-spacer-block_64f13620c8e6b26770976aa094874a99\" class=\"responsive-spacer\">\n<\/section>\n<style>\n  #responsive-spacer-block_64f13620c8e6b26770976aa094874a99 {\n    width: 100%;\n  }\n\n  #responsive-spacer-block_64f13620c8e6b26770976aa094874a99 {\n    height: 198px;\n  }\n\n  @media (min-width: 769px) {\n    #responsive-spacer-block_64f13620c8e6b26770976aa094874a99 {\n      height: 222px;\n    }\n  }\n\n  @media (min-width: 1201px) {\n    #responsive-spacer-block_64f13620c8e6b26770976aa094874a99 {\n      height: 210px;\n    }\n  }\n\n  <\/style>\n\n\n<div class=\"wp-block-columns is-layout-flex wp-container-core-columns-is-layout-9d6595d7 wp-block-columns-is-layout-flex\"><\/div>\n\n\n\n<div class=\"wp-block-genesis-blocks-gb-accordion gb-align-center gb-block-accordion\"><details><summary class=\"gb-accordion-title\">\u00bfCu\u00e1l es la direcci\u00f3n del hotel?<\/summary><div class=\"gb-accordion-text\">\n<p class=\"has-text-align-center\">Carretera Punta de Mita Sayulita Km 2, Punta de Mita, Nayarit, 63734, M\u00e9xico<\/p>\n<\/div><\/details><\/div>\n\n\n\n<div class=\"wp-block-genesis-blocks-gb-accordion gb-align-center gb-block-accordion gb-font-size-16\"><details><summary class=\"gb-accordion-title\">\u00bfHay servicio de estacionamiento? Si es as\u00ed, \u00bfc\u00f3mo funciona el servicio de estacionamiento?<\/summary><div class=\"gb-accordion-text\">\n<p>Tenemos botones que pueden llevar su auto al estacionamiento del hotel a la hora de su llegada.<\/p>\n<\/div><\/details><\/div>\n\n\n\n<div class=\"wp-block-genesis-blocks-gb-accordion gb-align-center gb-block-accordion\"><details><summary class=\"gb-accordion-title\">\u00bfQu\u00e9 opciones de estacionamiento hay disponibles en el hotel?<\/summary><div class=\"gb-accordion-text\">\n<p>Puedes darle el coche a los botones y ellos lo llevar\u00e1n al parking o lo puedes dejar por tu cuenta<\/p>\n<\/div><\/details><\/div>\n\n\n\n<div class=\"wp-block-genesis-blocks-gb-accordion gb-align-center gb-block-accordion\"><details><summary class=\"gb-accordion-title\">\u00bfPuedo dejar mi coche en el estacionamiento despu\u00e9s de hacer el registro de salida? \u00bfHabr\u00e1 un cargo adicional?<\/summary><div class=\"gb-accordion-text\">\n<p>Servicio de aparcacoches de cortes\u00eda<\/p>\n<\/div><\/details><\/div>\n\n\n\n<div class=\"wp-block-genesis-blocks-gb-accordion gb-align-center gb-block-accordion\"><details><summary class=\"gb-accordion-title\">\u00bfEs Conrad Punta de Mita un resort todo incluido?<\/summary><div class=\"gb-accordion-text\">\n<p>Conrad Punta de Mita no es un resort todo incluido, pero ofrecemos servicios completos para que disfrutes de una maravillosa estad\u00eda en Punta de Mita, M\u00e9xico. Seleccionar\u00a0<a href=\"\/es\/ofertas\/\">paquetes<\/a>\u00a0Incluye desayuno u otras opciones culinarias.<\/p>\n<\/div><\/details><\/div>\n\n\n\n<div class=\"wp-block-genesis-blocks-gb-accordion gb-align-center gb-block-accordion\"><details><summary class=\"gb-accordion-title\">\u00bfHay un aeropuerto cerca?<\/summary><div class=\"gb-accordion-text\">\n<p>Contamos con el Aeropuerto Internacional de Puerto Vallarta \u201cGustavo Diaz Ordaz\u201d a 45 min del hotel<\/p>\n<\/div><\/details><\/div>\n\n\n\n<div class=\"wp-block-genesis-blocks-gb-accordion gb-align-center gb-block-accordion\"><details><summary class=\"gb-accordion-title\">\u00bfC\u00f3mo llego al hotel desde el aeropuerto m\u00e1s cercano?<\/summary><div class=\"gb-accordion-text\">\n<p>El m\u00e1s cercano se encuentra en Nuevo Vallarta empresa de autobuses ETN<\/p>\n<\/div><\/details><\/div>\n\n\n\n<div class=\"wp-block-genesis-blocks-gb-accordion gb-align-center gb-block-accordion\"><details><summary class=\"gb-accordion-title\">\u00bfCu\u00e1l es la mejor manera de moverse por la ciudad?<\/summary><div class=\"gb-accordion-text\">\n<p>En taxi<\/p>\n<\/div><\/details><\/div>\n\n\n\n<div class=\"wp-block-genesis-blocks-gb-accordion gb-align-center gb-block-accordion\"><details><summary class=\"gb-accordion-title\">\u00bfHay servicio de limpieza?<\/summary><div class=\"gb-accordion-text\">\n<p>S\u00ed<\/p>\n<\/div><\/details><\/div>\n\n\n\n<div class=\"wp-block-genesis-blocks-gb-accordion gb-align-center gb-block-accordion\"><details><summary class=\"gb-accordion-title\">\u00bfQu\u00e9 opciones de habitaci\u00f3n hay disponibles en el hotel?<\/summary><div class=\"gb-accordion-text\">\n<p>Tenemos 19 categor\u00edas diferentes como vista parcial al mar, Premier suite frente al mar y Penthouse con vista al mar.<\/p>\n<\/div><\/details><\/div>\n\n\n\n<div class=\"wp-block-genesis-blocks-gb-accordion gb-align-center gb-block-accordion\"><details><summary class=\"gb-accordion-title\">\u00bfPuedo pedir que me env\u00eden hielo a mi habitaci\u00f3n?<\/summary><div class=\"gb-accordion-text\">\n<p>A trav\u00e9s de servicio a la habitaci\u00f3n 24\/7<\/p>\n<\/div><\/details><\/div>\n\n\n\n<div class=\"wp-block-genesis-blocks-gb-accordion gb-align-center gb-block-accordion\"><details><summary class=\"gb-accordion-title\">Me encantan algunos de los art\u00edculos de mi habitaci\u00f3n, \u00bfpuedo comprarlos y llev\u00e1rmelos a casa?<\/summary><div class=\"gb-accordion-text\">\n<p>Almohadas, S\u00e1banas y Edredones<\/p>\n<\/div><\/details><\/div>\n\n\n\n<div class=\"wp-block-genesis-blocks-gb-accordion gb-align-center gb-block-accordion\"><details><summary class=\"gb-accordion-title\">\u00bfHay habitaciones para fumadores? \u00bfY puedo fumar en espacios p\u00fablicos?<\/summary><div class=\"gb-accordion-text\">\n<p>El hotel es libre de humo.<\/p>\n<\/div><\/details><\/div>\n\n\n\n<div class=\"wp-block-genesis-blocks-gb-accordion gb-align-center gb-block-accordion\"><details><summary class=\"gb-accordion-title\">\u00bfTiene servicio a la habitaci\u00f3n?<\/summary><div class=\"gb-accordion-text\">\n<p>24\/7<\/p>\n<\/div><\/details><\/div>\n\n\n\n<div class=\"wp-block-genesis-blocks-gb-accordion gb-align-center gb-block-accordion\"><details><summary class=\"gb-accordion-title\">\u00bfTodas sus habitaciones tienen ba\u00f1o privado?<\/summary><div class=\"gb-accordion-text\">\n<p>S\u00ed<\/p>\n<\/div><\/details><\/div>\n\n\n\n<div class=\"wp-block-genesis-blocks-gb-accordion gb-align-center gb-block-accordion\"><details><summary class=\"gb-accordion-title\">\u00bfHay minibares en las habitaciones?<\/summary><div class=\"gb-accordion-text\">\n<p>S\u00ed<\/p>\n<\/div><\/details><\/div>\n\n\n\n<div class=\"wp-block-genesis-blocks-gb-accordion gb-align-center gb-block-accordion\"><details><summary class=\"gb-accordion-title\">\u00bfQu\u00e9 servicios de habitaci\u00f3n est\u00e1n disponibles en el hotel?<\/summary><div class=\"gb-accordion-text\">\n<p>TV de pantalla plana de 42 pulgadas, Cafetera Nespresso, Aire acondicionado, Wi-Fi, Tetera<\/p>\n<\/div><\/details><\/div>\n\n\n\n<div class=\"wp-block-genesis-blocks-gb-accordion gb-align-center gb-block-accordion\"><details><summary class=\"gb-accordion-title\">\u00bfCu\u00e1les son los horarios habituales de entrada y salida?<\/summary><div class=\"gb-accordion-text\">\n<p>Llegadas 3 PM \/ Salidas 12 PM<\/p>\n<\/div><\/details><\/div>\n\n\n\n<div class=\"wp-block-genesis-blocks-gb-accordion gb-align-center gb-block-accordion\"><details><summary class=\"gb-accordion-title\">\u00bfCu\u00e1ntas habitaciones tiene el hotel?<\/summary><div class=\"gb-accordion-text\">\n<p>324 Habitaciones<\/p>\n<\/div><\/details><\/div>\n\n\n\n<div class=\"wp-block-genesis-blocks-gb-accordion gb-align-center gb-block-accordion\"><details><summary class=\"gb-accordion-title\">\u00bfQu\u00e9 pasa si da\u00f1o la habitaci\u00f3n de invitados?<\/summary><div class=\"gb-accordion-text\">\n<p>Al hu\u00e9sped se le cobra el costo total de la propiedad da\u00f1ada<\/p>\n<\/div><\/details><\/div>\n\n\n\n<div class=\"wp-block-genesis-blocks-gb-accordion gb-align-center gb-block-accordion\"><details><summary class=\"gb-accordion-title\">\u00bfPuedes registrarte temprano?<\/summary><div class=\"gb-accordion-text\">\n<p>Est\u00e1 sujeto a disponibilidad.<\/p>\n<\/div><\/details><\/div>\n\n\n\n<div class=\"wp-block-genesis-blocks-gb-accordion gb-align-center gb-block-accordion\"><details><summary class=\"gb-accordion-title\">\u00bfQu\u00e9 se requiere para hacer el check-in?<\/summary><div class=\"gb-accordion-text\">\n<p>Identificaci\u00f3n oficial y reserva<\/p>\n<\/div><\/details><\/div>\n\n\n\n<div class=\"wp-block-genesis-blocks-gb-accordion gb-align-center gb-block-accordion\"><details><summary class=\"gb-accordion-title\">\u00bfPuedo guardar mi equipaje antes o despu\u00e9s de hacer el check out?<\/summary><div class=\"gb-accordion-text\">\n<p>S\u00ed<\/p>\n<\/div><\/details><\/div>\n\n\n\n<div class=\"wp-block-genesis-blocks-gb-accordion gb-align-center gb-block-accordion\"><details><summary class=\"gb-accordion-title\">\u00bfMe cobrar\u00e1n por una salida anticipada?<\/summary><div class=\"gb-accordion-text\">\n<p>Puede aplicar una sanci\u00f3n<\/p>\n<\/div><\/details><\/div>\n\n\n\n<div class=\"wp-block-genesis-blocks-gb-accordion gb-align-center gb-block-accordion\"><details><summary class=\"gb-accordion-title\">\u00bfPuedo lavar y secar mi ropa en seco?<\/summary><div class=\"gb-accordion-text\">\n<p>Reci\u00e9n lavado \/ no lavado en seco por el momento<\/p>\n<\/div><\/details><\/div>\n\n\n\n<div class=\"wp-block-genesis-blocks-gb-accordion gb-align-center gb-block-accordion\"><details><summary class=\"gb-accordion-title\">\u00bfTienes un servicio de limpieza de zapatos?<\/summary><div class=\"gb-accordion-text\">\n<p>S\u00ed, 24\/7<\/p>\n<\/div><\/details><\/div>\n\n\n\n<div class=\"wp-block-genesis-blocks-gb-accordion gb-align-center gb-block-accordion\"><details><summary class=\"gb-accordion-title\">Si viajo por negocios, \u00bfcon qu\u00e9 tipo de servicios me pueden ayudar?<\/summary><div class=\"gb-accordion-text\">\n<p>Env\u00edos, Escaneo, Copias.<\/p>\n<\/div><\/details><\/div>\n\n\n\n<div class=\"wp-block-genesis-blocks-gb-accordion gb-align-center gb-block-accordion\"><details><summary class=\"gb-accordion-title\">\u00bfTienes un gimnasio o centro de fitness? Si es as\u00ed, \u00bfqu\u00e9 tipo de equipo puedo esperar?<\/summary><div class=\"gb-accordion-text\">\n<p>S\u00ed, cinta de correr el\u00e9ctrica, pesas de gimnasio, equipo b\u00e1sico, etc.<\/p>\n<\/div><\/details><\/div>\n\n\n\n<div class=\"wp-block-genesis-blocks-gb-accordion gb-align-center gb-block-accordion\"><details><summary class=\"gb-accordion-title\">\u00bfD\u00f3nde puedo guardar de forma segura mis objetos de valor?<\/summary><div class=\"gb-accordion-text\">\n<p>Cada habitaci\u00f3n tiene una caja fuerte.<\/p>\n<\/div><\/details><\/div>\n\n\n\n<div class=\"wp-block-genesis-blocks-gb-accordion gb-align-center gb-block-accordion\"><details><summary class=\"gb-accordion-title\">\u00bfPuedo enviar un paquete al hotel?<\/summary><div class=\"gb-accordion-text\">\n<p>S\u00ed<\/p>\n<\/div><\/details><\/div>\n\n\n\n<div class=\"wp-block-genesis-blocks-gb-accordion gb-align-center gb-block-accordion\"><details><summary class=\"gb-accordion-title\">\u00bfPuedo llevar a mi mascota al hotel?<\/summary><div class=\"gb-accordion-text\">\n<p>S\u00ed<\/p>\n<\/div><\/details><\/div>\n\n\n\n<div class=\"wp-block-genesis-blocks-gb-accordion gb-align-center gb-block-accordion\"><details><summary class=\"gb-accordion-title\">\u00bfPuede un tercero pagar mi reserva?<\/summary><div class=\"gb-accordion-text\">\n<p>Puedes reservar a trav\u00e9s de un tercero<\/p>\n<\/div><\/details><\/div>\n\n\n\n<div class=\"wp-block-genesis-blocks-gb-accordion gb-align-center gb-block-accordion\"><details><summary class=\"gb-accordion-title\">\u00bfEl hotel acepta cheques de viajero como forma de pago?<\/summary><div class=\"gb-accordion-text\">\n<p>No<\/p>\n<\/div><\/details><\/div>\n\n\n\n<div class=\"wp-block-genesis-blocks-gb-accordion gb-align-center gb-block-accordion\"><details><summary class=\"gb-accordion-title\">\u00bfCu\u00e1l es la pol\u00edtica de reservas no reembolsables?<\/summary><div class=\"gb-accordion-text\">\n<p>Si cancela por cualquier motivo, intenta modificar esta reserva o no llega en la fecha de entrada especificada, su pago no es reembolsable.<\/p>\n<\/div><\/details><\/div>\n\n\n\n<div class=\"wp-block-genesis-blocks-gb-accordion gb-align-center gb-block-accordion\"><details><summary class=\"gb-accordion-title\">\u00bfSe cargar\u00e1 mi tarjeta de cr\u00e9dito cuando haga mi reserva?<\/summary><div class=\"gb-accordion-text\">\n<p>No<\/p>\n<\/div><\/details><\/div>\n\n\n\n<div class=\"wp-block-genesis-blocks-gb-accordion gb-align-center gb-block-accordion\"><details><summary class=\"gb-accordion-title\">\u00bfCu\u00e1l es su pol\u00edtica de cancelaci\u00f3n?<\/summary><div class=\"gb-accordion-text\">\n<p>Las reservas canceladas 14 d\u00edas antes de la llegada son gratuitas. Se aplicar\u00e1 una penalizaci\u00f3n de una noche por cancelaciones dentro de los 14 d\u00edas posteriores a la llegada.<\/p>\n<\/div><\/details><\/div>\n\n\n\n<div class=\"wp-block-genesis-blocks-gb-accordion gb-align-center gb-block-accordion\"><details><summary class=\"gb-accordion-title\">\u00bfQu\u00e9 tipo de tarjetas de cr\u00e9dito se aceptan en el hotel?<\/summary><div class=\"gb-accordion-text\">\n<p>Visa, Mastercard y American Express<\/p>\n<\/div><\/details><\/div>\n\n\n\n<div class=\"wp-block-genesis-blocks-gb-accordion gb-align-center gb-block-accordion\"><details><summary class=\"gb-accordion-title\">\u00bfEst\u00e1 incluido el desayuno? \u00bfQu\u00e9 tipo de desayuno se sirve en el hotel?<\/summary><div class=\"gb-accordion-text\">\n<p>No est\u00e1 incluido y tenemos buffet o a la carta.<\/p>\n<\/div><\/details><\/div>\n\n\n\n<div class=\"wp-block-genesis-blocks-gb-accordion gb-align-center gb-block-accordion\"><details><summary class=\"gb-accordion-title\">\u00bfLos ni\u00f1os se quedan gratis?<\/summary><div class=\"gb-accordion-text\">\n<p>Los ni\u00f1os de 1 a 4 a\u00f1os entran gratis despu\u00e9s de esa edad tienen que pagar<\/p>\n<\/div><\/details><\/div>\n\n\n\n<div class=\"wp-block-genesis-blocks-gb-accordion gb-align-center gb-block-accordion\"><details><summary class=\"gb-accordion-title\">\u00bfSu hotel ofrece cambio de moneda?<\/summary><div class=\"gb-accordion-text\">\n<p>No<\/p>\n<\/div><\/details><\/div>\n\n\n\n<div class=\"wp-block-genesis-blocks-gb-accordion gb-align-center gb-block-accordion\"><details><summary class=\"gb-accordion-title\">\u00bfHay camas adicionales o extra disponibles?<\/summary><div class=\"gb-accordion-text\">\n<p>S\u00ed<\/p>\n<\/div><\/details><\/div>\n\n\n\n<div class=\"wp-block-genesis-blocks-gb-accordion gb-align-center gb-block-accordion\"><details><summary class=\"gb-accordion-title\">\u00bfHay un l\u00edmite de cu\u00e1nto tiempo puedo quedarme?<\/summary><div class=\"gb-accordion-text\">\n<p>No<\/p>\n<\/div><\/details><\/div>\n\n\n\n<div class=\"wp-block-genesis-blocks-gb-accordion gb-align-center gb-block-accordion\"><details><summary class=\"gb-accordion-title\">\u00bfQu\u00e9 debo hacer y ver durante mi estad\u00eda?<\/summary><div class=\"gb-accordion-text\">\n<p>Tenemos diferentes actividades dentro o fuera del hotel<\/p>\n<\/div><\/details><\/div>\n\n\n\n<div class=\"wp-block-genesis-blocks-gb-accordion gb-align-center gb-block-accordion\"><details><summary class=\"gb-accordion-title\">\u00bfQu\u00e9 atracciones populares est\u00e1n cerca del hotel? \u00bfA qu\u00e9 distancia est\u00e1 el hotel de cada atracci\u00f3n?<\/summary><div class=\"gb-accordion-text\">\n<p>Las Islas Marietas, Sayulita y Puerto Vallarta<\/p>\n<\/div><\/details><\/div>\n\n\n\n<div class=\"wp-block-genesis-blocks-gb-accordion gb-align-center gb-block-accordion\"><details><summary class=\"gb-accordion-title\">\u00bfCu\u00e1les son algunos de los servicios de propiedad en el hotel?<\/summary><div class=\"gb-accordion-text\">\n<p>3 piscinas, gimnasio, spa, sala de juegos, biblioteca,<\/p>\n<\/div><\/details><\/div>\n\n\n\n<div class=\"wp-block-genesis-blocks-gb-accordion gb-align-center gb-block-accordion\"><details><summary class=\"gb-accordion-title\">\u00bfQu\u00e9 opciones de comida y bebida hay disponibles en el hotel? \u00bfEl hotel tiene restaurantes y bares en el lugar?<\/summary><div class=\"gb-accordion-text\">\n<p>4 Restaurantes 7 bares<\/p>\n<\/div><\/details><\/div>\n\n\n\n<div class=\"wp-block-genesis-blocks-gb-accordion gb-align-center gb-block-accordion\"><details><summary class=\"gb-accordion-title\">\u00bfQu\u00e9 idiomas habla el personal del hotel?<\/summary><div class=\"gb-accordion-text\">\n<p>Ingles y Espa\u00f1ol<\/p>\n<\/div><\/details><\/div>\n\n\n\n<div class=\"wp-block-genesis-blocks-gb-accordion gb-align-center gb-block-accordion\"><details><summary class=\"gb-accordion-title\">\u00bfEl hotel tiene conserje?<\/summary><div class=\"gb-accordion-text\">\n<p>S\u00ed<\/p>\n<\/div><\/details><\/div>\n\n\n\n<div class=\"wp-block-genesis-blocks-gb-accordion gb-align-center gb-block-accordion\"><details><summary class=\"gb-accordion-title\">\u00bfQu\u00e9 actividades hay para hacer en el hotel?<\/summary><div class=\"gb-accordion-text\">\n<p>Tenemos diferentes actividades dentro como Zarandeado, Agave studio, Temazcal, etc. o actividades al aire libre como surf, pesca vela, etc.<\/p>\n<\/div><\/details><\/div>\n\n\n\n<div class=\"wp-block-genesis-blocks-gb-accordion gb-align-center gb-block-accordion\"><details><summary class=\"gb-accordion-title\">\u00bfEl restaurante tiene piscina?<\/summary><div class=\"gb-accordion-text\">\n<p>3 piscinas, Familiar, Adultos e Infinity<\/p>\n<\/div><\/details><\/div>","protected":false},"excerpt":{"rendered":"","protected":false},"author":2,"featured_media":0,"parent":0,"menu_order":0,"comment_status":"closed","ping_status":"closed","template":"","meta":{"_acf_changed":false,"inline_featured_image":false,"footnotes":""},"categories":[],"class_list":["post-4483","page","type-page","status-publish","hentry"],"acf":[],"featured_image_src":null,"featured_image_src_square":null,"publishpress_future_action":{"enabled":false,"date":"2026-05-06 17:52:30","action":"change-status","newStatus":"draft","terms":[],"taxonomy":"category","extraData":[]},"publishpress_future_workflow_manual_trigger":{"enabledWorkflows":[]},"_links":{"self":[{"href":"https:\/\/www.conradpuntademita.com\/es\/wp-json\/wp\/v2\/pages\/4483","targetHints":{"allow":["GET"]}}],"collection":[{"href":"https:\/\/www.conradpuntademita.com\/es\/wp-json\/wp\/v2\/pages"}],"about":[{"href":"https:\/\/www.conradpuntademita.com\/es\/wp-json\/wp\/v2\/types\/page"}],"author":[{"embeddable":true,"href":"https:\/\/www.conradpuntademita.com\/es\/wp-json\/wp\/v2\/users\/2"}],"replies":[{"embeddable":true,"href":"https:\/\/www.conradpuntademita.com\/es\/wp-json\/wp\/v2\/comments?post=4483"}],"version-history":[{"count":8,"href":"https:\/\/www.conradpuntademita.com\/es\/wp-json\/wp\/v2\/pages\/4483\/revisions"}],"predecessor-version":[{"id":17797,"href":"https:\/\/www.conradpuntademita.com\/es\/wp-json\/wp\/v2\/pages\/4483\/revisions\/17797"}],"wp:attachment":[{"href":"https:\/\/www.conradpuntademita.com\/es\/wp-json\/wp\/v2\/media?parent=4483"}],"wp:term":[{"taxonomy":"category","embeddable":true,"href":"https:\/\/www.conradpuntademita.com\/es\/wp-json\/wp\/v2\/categories?post=4483"}],"curies":[{"name":"wp","href":"https:\/\/api.w.org\/{rel}","templated":true}]}}