{"id":5720,"date":"2023-06-01T02:29:16","date_gmt":"2023-06-01T02:29:16","guid":{"rendered":"https:\/\/www.conradpuntademita.com\/?page_id=5720"},"modified":"2025-05-09T15:27:31","modified_gmt":"2025-05-09T15:27:31","slug":"verano","status":"publish","type":"page","link":"https:\/\/www.conradpuntademita.com\/es\/verano\/","title":{"rendered":"Verano"},"content":{"rendered":"<section id=\"responsive-spacer-block_45a7ee1729f7eda0777c21ca5a82f1e6\" class=\"responsive-spacer\">\n<\/section>\n<style>\n  #responsive-spacer-block_45a7ee1729f7eda0777c21ca5a82f1e6 {\n    width: 100%;\n  }\n\n  #responsive-spacer-block_45a7ee1729f7eda0777c21ca5a82f1e6 {\n    height: 50px;\n  }\n\n  @media (min-width: 769px) {\n    #responsive-spacer-block_45a7ee1729f7eda0777c21ca5a82f1e6 {\n      height: 50px;\n    }\n  }\n\n  @media (min-width: 1201px) {\n    #responsive-spacer-block_45a7ee1729f7eda0777c21ca5a82f1e6 {\n      height: 50px;\n    }\n  }\n\n  <\/style>\n\n\n<p>\/<\/p>\n\n\n\n<section id=\"banner-block_303873f9cc220d4ab9f1b54f658ae414\" class=\"banner single-room\">\n  <div class=\"banner-wrapper\">\n      <\/div>\n\n      <div class=\"banner-content\">\n              <h2 class=\"banner-title heading1\">La mejor escapada familiar de verano<\/h2>\n      \n              <h3 class=\"banner-subtitle heading5\">Conrad Punta de Mita<\/h3>\n              \n      \n<\/section>\n\n\n<section id=\"responsive-spacer-block_af86827d195927a1fd3e9563c54873f1\" class=\"responsive-spacer\">\n<\/section>\n<style>\n  #responsive-spacer-block_af86827d195927a1fd3e9563c54873f1 {\n    width: 100%;\n  }\n\n  #responsive-spacer-block_af86827d195927a1fd3e9563c54873f1 {\n    height: 25px;\n  }\n\n  @media (min-width: 769px) {\n    #responsive-spacer-block_af86827d195927a1fd3e9563c54873f1 {\n      height: 25px;\n    }\n  }\n\n  @media (min-width: 1201px) {\n    #responsive-spacer-block_af86827d195927a1fd3e9563c54873f1 {\n      height: 25px;\n    }\n  }\n\n  <\/style>\n\n<section id=\"responsive-spacer-block_af86827d195927a1fd3e9563c54873f1\" class=\"responsive-spacer\">\n<\/section>\n<style>\n  #responsive-spacer-block_af86827d195927a1fd3e9563c54873f1 {\n    width: 100%;\n  }\n\n  #responsive-spacer-block_af86827d195927a1fd3e9563c54873f1 {\n    height: 25px;\n  }\n\n  @media (min-width: 769px) {\n    #responsive-spacer-block_af86827d195927a1fd3e9563c54873f1 {\n      height: 25px;\n    }\n  }\n\n  @media (min-width: 1201px) {\n    #responsive-spacer-block_af86827d195927a1fd3e9563c54873f1 {\n      height: 25px;\n    }\n  }\n\n  <\/style>\n\n\n<section class=\"wysiwig body-wrapper event-list\" id=\"wysiwig-block_328184322ba1c5863915f13023f0c6d6\">\n  <p class=\"pb-2\" style=\"text-align: center;\" data-private=\"redact\" data-wt-guid=\"02061275-aa5b-4930-b5a3-bb64b7ff3705\" data-pm-slice=\"1 1 []\">Disfrute de momentos inolvidables en familia en Conrad Punta de Mita. Ubicado en la impresionante Riviera Nayarit, nuestro resort ofrece alojamiento de lujo y una amplia gama de actividades dise\u00f1adas para deleitar a toda la familia. Disfrute del Tuki Kids&#039; Club, de las amenidades adaptadas para ni\u00f1os y descanse en nuestra emocionante piscina familiar con tobog\u00e1n. Con amplias suites y ofertas exclusivas, la escapada familiar de sus sue\u00f1os comienza aqu\u00ed.<\/p>\n<\/section>\n\n<section id=\"responsive-spacer-block_95bdafe01550ee276b445f5a87e1c96c\" class=\"responsive-spacer\">\n<\/section>\n<style>\n  #responsive-spacer-block_95bdafe01550ee276b445f5a87e1c96c {\n    width: 100%;\n  }\n\n  #responsive-spacer-block_95bdafe01550ee276b445f5a87e1c96c {\n    height: 75px;\n  }\n\n  @media (min-width: 769px) {\n    #responsive-spacer-block_95bdafe01550ee276b445f5a87e1c96c {\n      height: 75px;\n    }\n  }\n\n  @media (min-width: 1201px) {\n    #responsive-spacer-block_95bdafe01550ee276b445f5a87e1c96c {\n      height: 75px;\n    }\n  }\n\n  <\/style>\n\n<section id=\"venues-spaces-block_a58eaa378f9bea0117323918e65940e0\" class=\"venues-spaces experience-events body-wrapper\" data-cpt=\"experience\">\n  \n      <h2 class=\"venues-spaces__heading a-up\">Experiencias de Verano<\/h2>\n  \n      <div class=\"venues-spaces__items\">\n                \t\n\t<div class=\"loop-event\">\n\t<div class=\"loop-event__link-wrapper\">\n\t\t<div class=\"loop-event__link\">\n\t\n\t<div class=\"loop-event__img\">\n\t\t\t\t\t<a href=\"https:\/\/www.conradpuntademita.com\/es\/experiencias\/reservacion-de-cabanas-privadas\/\" class=\"foto-hover\">\n\t\t\t\t\t\t\t\t\t<img decoding=\"async\" src=\"https:\/\/cdn.conradpuntademita.com\/wp-content\/uploads\/2022\/10\/05213212\/Haniiya-Cabana-1200x1800-1-e1665007191173-585x730.webp\" alt=\"pareja, relajante, por, el, piscina\">\n\t\t\t\n\t\t\t\t<\/a>\n\t\t\t\t\n\t<\/div>\n\n\n\n\n\t\t\n\n\t\t<\/div>\n\t\n\n\n\t<\/div>\n\n\t<div class=\"loop-event__info\">\n\n\t<h3 class='loop-event__heading heading3 a-up'>\n\tReserva tu Cabana Privada\t<\/h3>\n\n\t\t\t\t\t<div class=\"loop-event__text a-up a-delay-1\">\n\t\t\t\t<p>Seleccione entre cuatro opciones de caba\u00f1as privadas con servicio de mayordomo y comodidades junto a la piscina en caba\u00f1as personalizadas inspiradas en los huicholes.<\/p>\n\t\t\t<\/div>\n\t\t\n\t<div class=\"loop-event__cta-wrapper\">\n\t\t\t<a class=\"btn btn-secondary loop-event__cta a-up a-delay-2\" href=\"\/es\/experiencias\/reservacion-de-cabanas-privadas\/\" target=\"_self\">Ver Caba\u00f1as<\/a>\n\t\n\t\n\t\t\t\t<\/div>\n\n\t<\/div>\n\t<\/div>\n\t                \t\n\t<div class=\"loop-event\">\n\t<div class=\"loop-event__link-wrapper\">\n\t\t<div class=\"loop-event__link\">\n\t\n\t<div class=\"loop-event__img\">\n\t\t\t\t\t<a href=\"https:\/\/www.conradpuntademita.com\/es\/experiencias\/golf-2\/\" class=\"foto-hover\">\n\t\t\t\t\t\t\t\t\t<img decoding=\"async\" src=\"https:\/\/cdn.conradpuntademita.com\/wp-content\/uploads\/2022\/05\/13120631\/carlos-aranda-ocnH0M0CweE-unsplash-585x730.jpg\" alt=\"Campo verde cerca de la playa con dos \u00e1rboles.\">\n\t\t\t\n\t\t\t\t<\/a>\n\t\t\t\t\n\t<\/div>\n\n\n\n\n\t\t\n\n\t\t<\/div>\n\t\n\n\n\t<\/div>\n\n\t<div class=\"loop-event__info\">\n\n\t<h3 class='loop-event__heading heading3 a-up'>\n\tGolf\t<\/h3>\n\n\t\t\t\t\t<div class=\"loop-event__text a-up a-delay-1\">\n\t\t\t\t<p>A solo unos pasos del resort, Higuera Golf Club es un destino de la lista de deseos para muchos golfistas. Dise\u00f1ado por Greg Norman, la obra maestra de 18 hoyos par 72 combina un juego desafiante con impresionantes vistas del Pac\u00edfico mexicano. Nuestro Concierge puede ayudarlo a reservar horarios de salida.<\/p>\n\t\t\t<\/div>\n\t\t\n\t<div class=\"loop-event__cta-wrapper\">\n\t\t\t<a class=\"btn btn-secondary loop-event__cta a-up a-delay-2\" href=\"https:\/\/www.conradpuntademita.com\/es\/experiencias\/golf-2\/\" target=\"_self\">Descubre m\u00e1s<\/a>\n\t\n\t\n\t\t\t\t<\/div>\n\n\t<\/div>\n\t<\/div>\n\t                \t\n\t<div class=\"loop-event\">\n\t<div class=\"loop-event__link-wrapper\">\n\t\t<div class=\"loop-event__link\">\n\t\n\t<div class=\"loop-event__img\">\n\t\t\t\t\t<a href=\"https:\/\/www.conradpuntademita.com\/es\/experiencias\/familia\/\" class=\"foto-hover\">\n\t\t\t\t\t\t\t\t\t<img decoding=\"async\" src=\"https:\/\/cdn.conradpuntademita.com\/wp-content\/uploads\/2022\/05\/13120312\/ConradPuntaMita-Spherical-JoeThomas-022022-117-585x730.jpg\" alt=\"Familia feliz caminando en la piscina\">\n\t\t\t\n\t\t\t\t<\/a>\n\t\t\t\t\n\t<\/div>\n\n\n\n\n\t\t\n\n\t\t<\/div>\n\t\n\n\n\t<\/div>\n\n\t<div class=\"loop-event__info\">\n\n\t<h3 class='loop-event__heading heading3 a-up'>\n\tFamilia\t<\/h3>\n\n\t\t\t\t\t<div class=\"loop-event__text a-up a-delay-1\">\n\t\t\t\t<p>Conrad Punta de Mita tiene una energ\u00eda que lo ha convertido en uno de los mejores resorts familiares de la Riviera Nayarit. Los ni\u00f1os disfrutan de comidas de cortes\u00eda + acceso al Turi Kids Club.<\/p>\n\t\t\t<\/div>\n\t\t\n\t<div class=\"loop-event__cta-wrapper\">\n\t\t\t<a class=\"btn btn-secondary loop-event__cta a-up a-delay-2\" href=\"https:\/\/www.conradpuntademita.com\/es\/familias\/\" target=\"_self\">Descubre m\u00e1s<\/a>\n\t\n\t\n\t\t\t\t<\/div>\n\n\t<\/div>\n\t<\/div>\n\t                \t                \t\n\t<div class=\"loop-event\">\n\t<div class=\"loop-event__link-wrapper\">\n\t\t<div class=\"loop-event__link\">\n\t\n\t<div class=\"loop-event__img\">\n\t\t\t\t\t<a href=\"https:\/\/www.conradpuntademita.com\/es\/experiencias\/deportes-oceanicos\/\" class=\"foto-hover\">\n\t\t\t\t\t\t\t\t\t<img decoding=\"async\" src=\"https:\/\/cdn.conradpuntademita.com\/wp-content\/uploads\/2022\/05\/13120645\/naitian-tony-wang-vjCiYZuEApk-unsplash-585x730.webp\" alt=\"Hombre que sostiene la tabla de surf durante la puesta de sol\">\n\t\t\t\n\t\t\t\t<\/a>\n\t\t\t\t\n\t<\/div>\n\n\n\n\n\t\t\n\n\t\t<\/div>\n\t\n\n\n\t<\/div>\n\n\t<div class=\"loop-event__info\">\n\n\t<h3 class='loop-event__heading heading3 a-up'>\n\tSurf y deportes marinos\t<\/h3>\n\n\t\t\t\t\t<div class=\"loop-event__text a-up a-delay-1\">\n\t\t\t\t<p>En el oeste de M\u00e9xico, consideramos el Pac\u00edfico nuestro patio de recreo. Sea como sea que imagines jugar en el agua (o bajo) - esn\u00f3rquel, stand-up paddleboarding, surf, kayak y m\u00e1s - nuestro equipo puede hacerlo realidad. Hay actividades para todos los niveles, desde principiantes hasta expertos.<\/p>\n\t\t\t<\/div>\n\t\t\n\t<div class=\"loop-event__cta-wrapper\">\n\t\t\t<a class=\"btn btn-secondary loop-event__cta a-up a-delay-2\" href=\"\/es\/experiencias\/deportes-oceanicos\/\" target=\"_self\">Descubre m\u00e1s<\/a>\n\t\n\t\n\t\t\t\t<\/div>\n\n\t<\/div>\n\t<\/div>\n\t                \t\n\t<div class=\"loop-event\">\n\t<div class=\"loop-event__link-wrapper\">\n\t\t<div class=\"loop-event__link\">\n\t\n\t<div class=\"loop-event__img\">\n\t\t\t\t\t<a href=\"https:\/\/www.conradpuntademita.com\/es\/experiencias\/menu-spa-2\/\" class=\"foto-hover\">\n\t\t\t\t\t\t\t\t\t<img decoding=\"async\" src=\"https:\/\/cdn.conradpuntademita.com\/wp-content\/uploads\/2022\/05\/13120705\/PVRPMCI_SPA-Outdoor-pareja-585x730.webp\" alt=\"Spa al aire libre con l\u00e1mpara\">\n\t\t\t\n\t\t\t\t<\/a>\n\t\t\t\t\n\t<\/div>\n\n\n\n\n\t\t\n\n\t\t<\/div>\n\t\n\n\n\t<\/div>\n\n\t<div class=\"loop-event__info\">\n\n\t<h3 class='loop-event__heading heading3 a-up'>\n\tBienestar y Spa\t<\/h3>\n\n\t\t\t\t\t<div class=\"loop-event__text a-up a-delay-1\">\n\t\t\t\t<p>Envuelto por una jungla tranquila e informado por tradiciones huicholes centenarias, Conrad Spa es un lugar de nutrici\u00f3n y curaci\u00f3n para el cuerpo y el alma. Reserve una sesi\u00f3n al aire libre en uno de nuestros &quot;nidos&quot; de tratamiento con c\u00fapula de paja refrescados por la brisa del oc\u00e9ano. O experimente el poder transformador de una ceremonia de temazcal.<\/p>\n\t\t\t<\/div>\n\t\t\n\t<div class=\"loop-event__cta-wrapper\">\n\t\t\t<a class=\"btn btn-secondary loop-event__cta a-up a-delay-2\" href=\"\/es\/bienestar\/\" target=\"_self\">Descubre m\u00e1s<\/a>\n\t\n\t\n\t\t\t\t<\/div>\n\n\t<\/div>\n\t<\/div>\n\t                \t          <\/div>\n  \n  <\/section>\n\n\n<section id=\"two-columns-block_95892d3af717122db2ed25a0e36f214d\" class=\"two-columns normal-wrapper\">\n  <div class=\"row\">\n          <\/div>\n<\/section>\n\n<section id=\"responsive-spacer-block_45a7ee1729f7eda0777c21ca5a82f1e6\" class=\"responsive-spacer\">\n<\/section>\n<style>\n  #responsive-spacer-block_45a7ee1729f7eda0777c21ca5a82f1e6 {\n    width: 100%;\n  }\n\n  #responsive-spacer-block_45a7ee1729f7eda0777c21ca5a82f1e6 {\n    height: 50px;\n  }\n\n  @media (min-width: 769px) {\n    #responsive-spacer-block_45a7ee1729f7eda0777c21ca5a82f1e6 {\n      height: 50px;\n    }\n  }\n\n  @media (min-width: 1201px) {\n    #responsive-spacer-block_45a7ee1729f7eda0777c21ca5a82f1e6 {\n      height: 50px;\n    }\n  }\n\n  <\/style>\n\n\n<section id=\"offers-module-block_48f993c5f751400a076b880f4bc4ddc1\" class=\"offers-module\">\n  <div class=\"offers-module__info\">\n\n\n\n          <h2 class=\"offers-module__heading heading2 a-up\">Ofertas de Verano<\/h2>\n    \n    \n          <p class=\"offers-module__desc content a-up a-delay-2\">\n        Descubre un sinf\u00edn de posibilidades para tu escapada de verano perfecta en nuestro resort. Desde emocionantes paquetes de golf hasta aventuras familiares inolvidables y m\u00e1s, ofrecemos una amplia gama de opciones dise\u00f1adas para crear la experiencia de verano de sus sue\u00f1os.      <\/p>\n    \n    \n  <\/div>\n      <div class=\"offers-module__grid swiper\">\n      <div class=\"swiper-wrapper offers-module__swiper\">\n        <style>\n\n.loop-offer__content {\n  display: flex;\n  flex-direction: column;\n  flex-grow: 1;\n  justify-content: space-between;\n}\n\n\n\n.swiper-slide {\n    height: auto !important;\n}\n\n<\/style>\n\n<style>\n\n.loop-offer__content {\n  display: flex;\n  flex-direction: column;\n  flex-grow: 1;\n  justify-content: space-between;\n}\n\n\n\n.swiper-slide {\n    height: auto !important;\n}\n\n<\/style>\n\n  <article class=\"loop-offer swiper-slide\" data-id=\"4742\">\n    <a href=\"https:\/\/www.hilton.com\/en\/book\/reservation\/deeplink\/?&#038;ctyhocn=PVRPMCI&#038;spec_plan=OW&#038;requestedRatesOnly=true&#038;arrivalDate=2024-08-01&#038;departureDate=2024-08-03&#038;flexibleDates=true\" target=\"_blank\" rel=\"noopener\">\n      <div class=\"loop-offer__image\">\n                  <div class=\"img-a\">\n            <div class=\"gradient-overlay foto-hover\">\n              <img decoding=\"async\" loading=\"lazy\" src=\"https:\/\/cdn.conradpuntademita.com\/wp-content\/uploads\/2022\/05\/13123545\/ConradPuntaMita-Spherical-JoeThomas-022022-130-585x730.webp\" srcset=\"https:\/\/cdn.conradpuntademita.com\/wp-content\/uploads\/2022\/05\/13123545\/ConradPuntaMita-Spherical-JoeThomas-022022-130-1170x1365.jpg\" alt=\"Imagen de algunos \u00e1rboles en la playa con vista al mar.\" class=\"loop-offer__bg\">\n            <\/div>\n          <\/div>\n        \n      <\/div>\n    <\/a>\n\n    <div class=\"loop-offer__content content\">\n      <h6 class=\"loop-offer__title a-up\">\n        Tarifa Residentes Mexicanos <br\/> Desde 6200MXN      <\/h6>\n              <p class=\"loop-offer__excerpt a-up a-delay-1\">Los residentes disfrutan de hasta 30% de descuento en alojamiento, desayuno diario, 20% de descuento en comida y bebida y spa, los ni\u00f1os comen gratis y salida tard\u00eda.<\/p>\n      \n\n\n              <a href=\"https:\/\/www.hilton.com\/en\/book\/reservation\/deeplink\/?&#038;ctyhocn=PVRPMCI&#038;spec_plan=OW&#038;requestedRatesOnly=true&#038;arrivalDate=2024-08-01&#038;departureDate=2024-08-03&#038;flexibleDates=true\" class=\"btn loop-offer__btn  btn-outline\" target=\"_blank\" rel=\"noopener\">\n                        Reservar        <\/a>\n            \n    <\/div>\n  <\/article>\n      <\/div>\n    <\/div>\n  \n  \n\n<\/section>","protected":false},"excerpt":{"rendered":"<p>\/<\/p>","protected":false},"author":8,"featured_media":4757,"parent":0,"menu_order":0,"comment_status":"closed","ping_status":"closed","template":"","meta":{"_acf_changed":false,"inline_featured_image":false,"footnotes":""},"categories":[],"class_list":["post-5720","page","type-page","status-publish","has-post-thumbnail","hentry"],"acf":[],"featured_image_src":"https:\/\/cdn.conradpuntademita.com\/wp-content\/uploads\/2023\/01\/20013432\/ConradPuntadeMita-RaisingtheFree-Pool-600x400.jpg","featured_image_src_square":"https:\/\/cdn.conradpuntademita.com\/wp-content\/uploads\/2023\/01\/20013432\/ConradPuntadeMita-RaisingtheFree-Pool-600x600.jpg","publishpress_future_action":{"enabled":false,"date":"2026-05-06 11:06:29","action":"change-status","newStatus":"draft","terms":[],"taxonomy":"category","extraData":[]},"publishpress_future_workflow_manual_trigger":{"enabledWorkflows":[]},"_links":{"self":[{"href":"https:\/\/www.conradpuntademita.com\/es\/wp-json\/wp\/v2\/pages\/5720","targetHints":{"allow":["GET"]}}],"collection":[{"href":"https:\/\/www.conradpuntademita.com\/es\/wp-json\/wp\/v2\/pages"}],"about":[{"href":"https:\/\/www.conradpuntademita.com\/es\/wp-json\/wp\/v2\/types\/page"}],"author":[{"embeddable":true,"href":"https:\/\/www.conradpuntademita.com\/es\/wp-json\/wp\/v2\/users\/8"}],"replies":[{"embeddable":true,"href":"https:\/\/www.conradpuntademita.com\/es\/wp-json\/wp\/v2\/comments?post=5720"}],"version-history":[{"count":12,"href":"https:\/\/www.conradpuntademita.com\/es\/wp-json\/wp\/v2\/pages\/5720\/revisions"}],"predecessor-version":[{"id":15306,"href":"https:\/\/www.conradpuntademita.com\/es\/wp-json\/wp\/v2\/pages\/5720\/revisions\/15306"}],"wp:featuredmedia":[{"embeddable":true,"href":"https:\/\/www.conradpuntademita.com\/es\/wp-json\/wp\/v2\/media\/4757"}],"wp:attachment":[{"href":"https:\/\/www.conradpuntademita.com\/es\/wp-json\/wp\/v2\/media?parent=5720"}],"wp:term":[{"taxonomy":"category","embeddable":true,"href":"https:\/\/www.conradpuntademita.com\/es\/wp-json\/wp\/v2\/categories?post=5720"}],"curies":[{"name":"wp","href":"https:\/\/api.w.org\/{rel}","templated":true}]}}