{"id":6614,"date":"2023-07-31T17:15:15","date_gmt":"2023-07-31T17:15:15","guid":{"rendered":"https:\/\/www.conradpuntademita.com\/?page_id=6614"},"modified":"2024-06-06T11:07:01","modified_gmt":"2024-06-06T11:07:01","slug":"viajar","status":"publish","type":"page","link":"https:\/\/www.conradpuntademita.com\/es\/viajar\/","title":{"rendered":"Viajar"},"content":{"rendered":"<section id=\"banner-block_0da14179aa023647e9e6fc9d0536ff71\" class=\"banner gradient-banner full-height-banner full-height single-room\">\n  <div class=\"banner-wrapper\">\n          <img fetchpriority=\"high\" src=\"https:\/\/cdn.conradpuntademita.com\/wp-content\/uploads\/2023\/07\/21143805\/15-ActivityPool.webp\" alt=\"Piscina de 15 actividades\" class=\"banner__img banner__media\" width=\"1024\" height=\"683\" loading=\"auto\"  decoding=\"async\">\n      <\/div>\n\n      <div class=\"banner-content\">\n              <h1 class=\"banner-title heading1\">Asesores de viajes<\/h1>\n      \n              \n      \n<\/section>\n\n\n<section id=\"responsive-spacer-block_988a07564fe0c2c96321cae33ffe3fcb\" class=\"responsive-spacer\">\n<\/section>\n<style>\n  #responsive-spacer-block_988a07564fe0c2c96321cae33ffe3fcb {\n    width: 100%;\n  }\n\n  #responsive-spacer-block_988a07564fe0c2c96321cae33ffe3fcb {\n    height: 38px;\n  }\n\n  @media (min-width: 769px) {\n    #responsive-spacer-block_988a07564fe0c2c96321cae33ffe3fcb {\n      height: 60px;\n    }\n  }\n\n  @media (min-width: 1201px) {\n    #responsive-spacer-block_988a07564fe0c2c96321cae33ffe3fcb {\n      height: 84px;\n    }\n  }\n\n  <\/style>\n\n\n<section class=\"wysiwig body-wrapper half-width\" id=\"wysiwig-block_6aa5129546c154c2d86bf5cbc5032a07\">\n  <p class=\"x_MsoNormal\" align=\"center\">Bienvenido a Conrad Punta de Mita, un para\u00edso de lujo y serenidad ubicado a lo largo de las pr\u00edstinas costas de la Riviera Nayarit de M\u00e9xico.<\/p>\n<p>&nbsp;<\/p>\n<p class=\"x_MsoNormal\" align=\"center\">Lo invitamos a profundizar en los espectaculares alojamientos, las exquisitas ofertas culinarias y las experiencias incomparables disponibles para sus clientes.<\/p>\n<p>&nbsp;<\/p>\n<p>&nbsp;<\/p>\n<p style=\"text-align: center;\"><a class=\"btn btn-primary\" href=\"https:\/\/cdn.conradpuntademita.com\/wp-content\/uploads\/2023\/09\/07151337\/Conrad-Punta-de-Mita-Fact-Sheet-2022.pdf\" target=\"_blank\" rel=\"noopener\">Ver folleto<\/a><\/p>\n<p>&nbsp;<\/p>\n<p style=\"text-align: center;\"><a class=\"btn btn-primary\" href=\"https:\/\/visitingmedia.com\/tt8\/?ttid=conrad-punta-de-mita#\/360?group=3&amp;tour=0\" target=\"_blank\" rel=\"noopener\">Ver tour virtual<\/a><\/p>\n<p>&nbsp;<\/p>\n<\/section>\n\n<section id=\"responsive-spacer-block_a92729901abb6cd1fb77eed61707988f\" class=\"responsive-spacer\">\n<\/section>\n<style>\n  #responsive-spacer-block_a92729901abb6cd1fb77eed61707988f {\n    width: 100%;\n  }\n\n  #responsive-spacer-block_a92729901abb6cd1fb77eed61707988f {\n    height: 100px;\n  }\n\n  @media (min-width: 769px) {\n    #responsive-spacer-block_a92729901abb6cd1fb77eed61707988f {\n      height: 50px;\n    }\n  }\n\n  @media (min-width: 1201px) {\n    #responsive-spacer-block_a92729901abb6cd1fb77eed61707988f {\n      height: 50px;\n    }\n  }\n\n  <\/style>\n\n<section id=\"three-col-resort-block_93077df2ab83dd7702e31894c6facede\" class=\"three-col-resort body-wrapper aligncenter\">\n  <div class=\"container\">\n          <h2 class=\"three-col-resort__heading three-col-resort__heading--small a-up heading2\">P\u00f3ngase en contacto con nuestro equipo de ventas<\/h2>\n          <\/div>\n\n      <div class=\"three-col-resort cols\">\n      \n        <article class=\"loop-three-col-resort a-up a-delay-1\" data-id=\"1\">\n          <div class=\"loop-three-col-resort__image\">\n            <img class=\"lazyload\" data-src=\"https:\/\/cdn.conradpuntademita.com\/wp-content\/uploads\/2023\/09\/07145125\/Karen-Achio-JPG-465x600.webp\" data-srcset=\"https:\/\/cdn.conradpuntademita.com\/wp-content\/uploads\/2023\/09\/07145125\/Karen-Achio-JPG-930x1200.webp 2x\" alt=\"Karen Achio\">\n          <\/div>\n          <div class=\"loop-three-col-resort__content\">\n\n                          <h6 class=\"loop-three-col-resort__title heading3\">Karen Achio<\/h6>\n            \n                          <div class=\"loop-three-col-resort__excerpt\"><p>Director Complejo de Ventas de Ocio<br>\r\n<a href=\"mailto:karen.achio@hilton.com\">Karen.Achio@hilton.com<\/a><\/p><\/div>\n            \n            \n                      <\/div>\n        <\/article>\n\n      \n        <article class=\"loop-three-col-resort a-up a-delay-1\" data-id=\"2\">\n          <div class=\"loop-three-col-resort__image\">\n            <img class=\"lazyload\" data-src=\"https:\/\/cdn.conradpuntademita.com\/wp-content\/uploads\/2023\/09\/11172913\/Maria-Nino.webp\" data-srcset=\"https:\/\/cdn.conradpuntademita.com\/wp-content\/uploads\/2023\/09\/11172913\/Maria-Nino.webp 2x\" alt=\"Mar\u00eda Ni\u00f1o\">\n          <\/div>\n          <div class=\"loop-three-col-resort__content\">\n\n                          <h6 class=\"loop-three-col-resort__title heading3\">Mar\u00eda Ni\u00f1o<\/h6>\n            \n                          <div class=\"loop-three-col-resort__excerpt\"><p>Gerente Senior de Ventas Complejo <br>\r\n<a href=\"mailto:maria.nino@hilton.com\">Mar\u00eda.Nino@hilton.com<\/a><\/p><\/div>\n            \n            \n                      <\/div>\n        <\/article>\n\n      \n        <article class=\"loop-three-col-resort a-up a-delay-1\" data-id=\"3\">\n          <div class=\"loop-three-col-resort__image\">\n            <img class=\"lazyload\" data-src=\"https:\/\/cdn.conradpuntademita.com\/wp-content\/uploads\/2023\/09\/11172956\/Foto-frente-465x600.webp\" data-srcset=\"https:\/\/cdn.conradpuntademita.com\/wp-content\/uploads\/2023\/09\/11172956\/Foto-frente-930x1200.webp 2x\" alt=\"Rita Castillo\">\n          <\/div>\n          <div class=\"loop-three-col-resort__content\">\n\n                          <h6 class=\"loop-three-col-resort__title heading3\">Rita Castillo<\/h6>\n            \n                          <div class=\"loop-three-col-resort__excerpt\"><p>Responsable de Ventas de Ocio Complejo <br>\r\n<a href=\"mailto:Rita.Castillo@hilton.com\">Rita.Castillo@hilton.com<\/a><\/p><\/div>\n            \n            \n                      <\/div>\n        <\/article>\n\n          <\/div>\n  \n  <\/section>\n\n\n\n<section class=\"block-content\">\n  <div class=\"block-content-wrapper\">\n    <div class=\"block-content__content content\"><h2 style=\"text-align: center;\">Inclusiones de comodidades Virtuoso:<\/h2>\n<p class=\"x_MsoNormal\" align=\"center\">\n<p class=\"x_MsoNormal\" align=\"center\">Todas las promociones enumeradas se pueden combinar con las siguientes comodidades exclusivas de Virtuoso:<\/p>\n<\/div>\n  <\/div>\n<\/section>\n\n<section id=\"two-columns-block_0424c8d96ec7ebc39ca62042dbe1a8fb\" class=\"two-columns normal-wrapper\">\n  <div class=\"row\">\n          <div class=\"col col-left a-right content\">\n        <ul>\n<li class=\"x_MsoNormal\" style=\"text-align: left;\">Desayuno Buffet Diario para Dos Hu\u00e9spedes (Por Habitaci\u00f3n) en Restaurante \u00c1rbol<\/li>\n<li class=\"x_MsoNormal\" style=\"text-align: left;\">$Cr\u00e9dito del resort de 100 USD<\/li>\n<\/ul>\n                      <\/div>\n              <div class=\"col col-right a-left content\">\n        <p><ul>\n<li>Bienvenida Amenidad Mezcalita<\/li>\n<li class=\"x_MsoNormal\" style=\"text-align: left;\">Upgrade de categor\u00eda de una habitaci\u00f3n, sujeto a disponibilidad a la llegada<\/li>\n<li class=\"x_MsoNormal\" style=\"text-align: left;\">Check-in anticipado\/check-out tard\u00edo, sujeto a disponibilidad<\/li>\n<\/ul>\n<\/p>\n      <\/div>\n      <\/div>\n<\/section>\n\n<section id=\"responsive-spacer-block_78c9c2927ce1f73eb99ff48e3fbd820d\" class=\"responsive-spacer\">\n<\/section>\n<style>\n  #responsive-spacer-block_78c9c2927ce1f73eb99ff48e3fbd820d {\n    width: 100%;\n  }\n\n  #responsive-spacer-block_78c9c2927ce1f73eb99ff48e3fbd820d {\n    height: 90px;\n  }\n\n  @media (min-width: 769px) {\n    #responsive-spacer-block_78c9c2927ce1f73eb99ff48e3fbd820d {\n      height: 130px;\n    }\n  }\n\n  @media (min-width: 1201px) {\n    #responsive-spacer-block_78c9c2927ce1f73eb99ff48e3fbd820d {\n      height: 177px;\n    }\n  }\n\n  <\/style>\n\n\n\t<section class=\"media-content body-wrapper not-link\" id=\"extra-night-on-us\">\n\t<div class=\"media-content__left\">\n\t\t\t\t<h2 class=\"heading2 a-up\">\n\t\t\tUna noche por nuestra cuenta\t\t\t\t\t<\/h2>\n\t\t\t\t\t\t\t<h4 class=\"media-content__subheading a-up a-delay-1\">4ta Noche Gratis<\/h4>\n\t\t\n\t\t\n\t\t\n\t\t\t\t<div class=\"media-content__text a-up a-delay-2\"><p><p>Mejore su estad\u00eda en Conrad Punta de Mita con nuestra oferta exclusiva: reciba una cuarta noche de cortes\u00eda al reservar una escapada de 3 noches. Sum\u00e9rgete en el lujo relajado de Riviera Nayarit, disfrutando de una relajaci\u00f3n prolongada y ahorros excepcionales. Esta promoci\u00f3n por tiempo limitado te invita a ampliar tu retiro costero con un toque de sofisticaci\u00f3n. Aprovecha la oportunidad de vivir el ambiente tranquilo de Conrad Punta de Mita, ya que esta oferta se extiende hasta un m\u00e1ximo de 7 noches consecutivas. Crea recuerdos duraderos de lujo frente a la playa con nuestra promoci\u00f3n elevada pero accesible.<\/p>\r\n\r\n\r\n\r\n<h5><strong>T\u00c9RMINOS Y CONDICIONES<\/strong><\/h5>\r\n<p>Esta promoci\u00f3n es combinable con tus amenidades Virtuoso.<\/p>\r\n<p> Los valores agregados de la suite tambi\u00e9n incluyen: traslados de ida y vuelta al aeropuerto, c\u00f3ctel diario en Tuki (5:30 p. m. a 6:30 p. m.), minibar reabastecido diariamente y 50% de descuento en la caba\u00f1a de la piscina.<\/p>\r\n\r\n<p>Solo se aplican determinadas habitaciones y suites seleccionadas. La oferta requiere reservaciones con tres d\u00edas de anticipaci\u00f3n, una estad\u00eda m\u00ednima de cuatro (4) noches consecutivas y una estad\u00eda m\u00e1xima de siete (7) noches consecutivas. La cuarta noche de cortes\u00eda es intransferible y debe consumirse durante la misma estad\u00eda en la que se obtuvo. El valor de la cuarta noche de estad\u00eda se aplicar\u00e1 como descuento a la tarifa diaria pagada por todas las noches consumidas como un descuento de 25% sobre la tarifa nocturna. Pueden aplicarse cancelaciones y\/o fechas restringidas. A menos que se indique lo contrario, las tarifas cotizadas son por habitaci\u00f3n por noche, en base a ocupaci\u00f3n simple\/doble y no incluyen impuestos, propinas, cargos incidentales ni tarifas del resort (si corresponde). Sujeto a disponibilidad. Esta oferta no se puede combinar con otras promociones, ofertas o descuentos y no es v\u00e1lida para reservas o grupos existentes. Consulte \u201cLRM Extra Night\u201d \/ SRP \u201cPBBOG1\u201d.<\/p>\r\n\r\n<p>&nbsp;<\/p>\r\n<p>&nbsp;<\/p>\r\n<\/p><\/div>\n\t\t\n\t\t\t\t\t<style>\n\t\t\t.media-content__cta-container {\n\t\t\t\tdisplay: flex;\n\t\t\t\tgap: 10px; \/* Espacio entre botones *\/\n\t\t\t}\n\n\t\t\t.media-content__cta {\n\t\t\t\twhite-space: nowrap; \/* Asegura que no se rompan en l\u00edneas *\/\n\t\t\t}\n\t\t\t<\/style>\n\t\t\t<div class=\"media-content__cta-container\">\n\t\t\t\t<a href=\"https:\/\/www.conradpuntademita.com\/es\/ofertas\/una-noche-extra-gratis\/\" target=\"\" class=\"btn a-up a-delay-4 media-content__cta\">Descubre m\u00e1s<\/a>\n\t\t\t\t\n\t\t\t\t\t\t\t\t\t<\/div>\n\t\t\t\t\t<\/div>\n\n\t<div class=\"media-content__right hover-images a-up a-delay-2\">\n\t\t<span class=\"media-content__gradient media-content__gradient-left\"><\/span>\n\t\t<span class=\"media-content__gradient media-content__gradient-right\"><\/span>\n\t\t<span class=\"media-content__gradient media-content__gradient-top\"><\/span>\n\t\t<span class=\"media-content__gradient media-content__gradient-bottom\"><\/span>\n\t\t\t\t\t\t\t<img decoding=\"async\" width=\"2560\" height=\"1707\" src=\"https:\/\/cdn.conradpuntademita.com\/wp-content\/uploads\/2023\/08\/23204929\/ConradPuntadeMita_CompadreButler-scaled.webp\" class=\"hover-image is-hovered\" alt=\"Pareja relaj\u00e1ndose en el jacuzzi de la azotea al atardecer mientras el camarero trae champ\u00e1n, con vistas al oc\u00e9ano.\" loading=\"lazy\" srcset=\"https:\/\/cdn.conradpuntademita.com\/wp-content\/uploads\/2023\/08\/23204929\/ConradPuntadeMita_CompadreButler-scaled.webp 2560w, https:\/\/cdn.conradpuntademita.com\/wp-content\/uploads\/2023\/08\/23204929\/ConradPuntadeMita_CompadreButler-300x200.webp 300w, https:\/\/cdn.conradpuntademita.com\/wp-content\/uploads\/2023\/08\/23204929\/ConradPuntadeMita_CompadreButler-1024x683.webp 1024w, https:\/\/cdn.conradpuntademita.com\/wp-content\/uploads\/2023\/08\/23204929\/ConradPuntadeMita_CompadreButler-768x512.webp 768w, https:\/\/cdn.conradpuntademita.com\/wp-content\/uploads\/2023\/08\/23204929\/ConradPuntadeMita_CompadreButler-1536x1024.webp 1536w, https:\/\/cdn.conradpuntademita.com\/wp-content\/uploads\/2023\/08\/23204929\/ConradPuntadeMita_CompadreButler-2048x1365.webp 2048w, https:\/\/cdn.conradpuntademita.com\/wp-content\/uploads\/2023\/08\/23204929\/ConradPuntadeMita_CompadreButler-18x12.webp 18w, https:\/\/cdn.conradpuntademita.com\/wp-content\/uploads\/2023\/08\/23204929\/ConradPuntadeMita_CompadreButler-600x400.webp 600w\" sizes=\"auto, (max-width: 2560px) 100vw, 2560px\" \/>\t\t\t\t\t<\/div>\n\n\t\t<\/section>\n\n\n<section id=\"responsive-spacer-block_78c9c2927ce1f73eb99ff48e3fbd820d\" class=\"responsive-spacer\">\n<\/section>\n<style>\n  #responsive-spacer-block_78c9c2927ce1f73eb99ff48e3fbd820d {\n    width: 100%;\n  }\n\n  #responsive-spacer-block_78c9c2927ce1f73eb99ff48e3fbd820d {\n    height: 90px;\n  }\n\n  @media (min-width: 769px) {\n    #responsive-spacer-block_78c9c2927ce1f73eb99ff48e3fbd820d {\n      height: 130px;\n    }\n  }\n\n  @media (min-width: 1201px) {\n    #responsive-spacer-block_78c9c2927ce1f73eb99ff48e3fbd820d {\n      height: 177px;\n    }\n  }\n\n  <\/style>\n\n\n\t<section class=\"media-content body-wrapper not-link\" id=\"suites\">\n\t<div class=\"media-content__left\">\n\t\t\t\t<h2 class=\"heading2 a-up\">\n\t\t\tEleve su estancia\t\t\t\t\t<\/h2>\n\t\t\t\t\t\t\t<h4 class=\"media-content__subheading a-up a-delay-1\">Desayuno diario, Traslados al aeropuerto y m\u00e1s.<\/h4>\n\t\t\n\t\t\n\t\t\n\t\t\t\t<div class=\"media-content__text a-up a-delay-2\"><p><p>Reserve su escapada a la suite y disfrute de servicios con un valor de hasta $1,000, que incluyen traslados de ida y vuelta al aeropuerto, desayuno diario y acceso al club infantil.<\/p>\r\n\r\n<p>Nuestras suites, que van desde habitaciones King hasta de 3 dormitorios (con una habitaci\u00f3n comunicada), incluyen amplias salas de estar y balcones. Algunas habitaciones cuentan con cocinas completas, piscinas privadas o duchas al aire libre.<\/p>\r\n\r\n<p>&nbsp;<\/p>\r\n\r\n<p>Todas las reservas de suites incluyen lo siguiente:<\/p>\r\n<ul style=\"padding-left: 20px;\">\r\n  <li>Traslados de lujo de ida y vuelta entre el aeropuerto de Puerto Vallarta y Conrad Punta de Mita<\/li>\r\n  <li>C\u00f3ctel cada atardecer en Tuki<\/li>\r\n  <li>Servicios de conserjer\u00eda personalizados<\/li>\r\n  <li>Acceso a la relajaci\u00f3n del spa durante toda la estad\u00eda<\/li>\r\n  <li>Refrigerador reabastecido diariamente con refrescos, agua y cerveza<\/li>\r\n  <li>Acceso de Medio D\u00eda en Turi Kids Club<\/li>\r\n  <li>Cortes\u00eda nocturna y amenidad<\/li>\r\n  <li>Reservas prioritarias por adelantado para caba\u00f1a con piscina diaria con descuento 50%<\/li>\r\n<\/ul>\r\n\r\n<h5><strong>T\u00c9RMINOS Y CONDICIONES<\/strong><\/h5>\r\n<p>Esta promoci\u00f3n es combinable con tus amenidades Virtuoso.<\/p>\r\n<p> Los valores agregados de la suite incluyen: traslados de ida y vuelta al aeropuerto, c\u00f3ctel diario en Tuki (5:30 p. m. a 6:30 p. m.), minibar reabastecido diariamente y 50% de descuento en la caba\u00f1a de la piscina. Para obtener m\u00e1s informaci\u00f3n sobre las comodidades, haga clic <a href=\"https:\/\/www.conradpuntademita.com\/es\/suites\/#amenities\" target=\"_blank\">aqu\u00ed<\/a>.<\/p><\/p><\/div>\n\t\t\n\t\t\t\t\t<style>\n\t\t\t.media-content__cta-container {\n\t\t\t\tdisplay: flex;\n\t\t\t\tgap: 10px; \/* Espacio entre botones *\/\n\t\t\t}\n\n\t\t\t.media-content__cta {\n\t\t\t\twhite-space: nowrap; \/* Asegura que no se rompan en l\u00edneas *\/\n\t\t\t}\n\t\t\t<\/style>\n\t\t\t<div class=\"media-content__cta-container\">\n\t\t\t\t<a href=\"https:\/\/www.conradpuntademita.com\/es\/suites\/\" target=\"\" class=\"btn a-up a-delay-4 media-content__cta\">Ver Suites<\/a>\n\t\t\t\t\n\t\t\t\t\t\t\t\t\t<\/div>\n\t\t\t\t\t<\/div>\n\n\t<div class=\"media-content__right hover-images a-up a-delay-2\">\n\t\t<span class=\"media-content__gradient media-content__gradient-left\"><\/span>\n\t\t<span class=\"media-content__gradient media-content__gradient-right\"><\/span>\n\t\t<span class=\"media-content__gradient media-content__gradient-top\"><\/span>\n\t\t<span class=\"media-content__gradient media-content__gradient-bottom\"><\/span>\n\t\t\t\t\t\t\t<img decoding=\"async\" width=\"1920\" height=\"888\" src=\"https:\/\/cdn.conradpuntademita.com\/wp-content\/uploads\/2023\/11\/23134252\/PVRPMCI_GrandSuite-Terrace2-scaled-e1653492505849-1.webp\" class=\"hover-image is-hovered\" alt=\"Terraza de lujo frente al mar con piscina privada, tumbonas, palmeras y vistas panor\u00e1micas al mar azul.\" loading=\"lazy\" srcset=\"https:\/\/cdn.conradpuntademita.com\/wp-content\/uploads\/2023\/11\/23134252\/PVRPMCI_GrandSuite-Terrace2-scaled-e1653492505849-1.webp 1920w, https:\/\/cdn.conradpuntademita.com\/wp-content\/uploads\/2023\/11\/23134252\/PVRPMCI_GrandSuite-Terrace2-scaled-e1653492505849-1-300x139.webp 300w, https:\/\/cdn.conradpuntademita.com\/wp-content\/uploads\/2023\/11\/23134252\/PVRPMCI_GrandSuite-Terrace2-scaled-e1653492505849-1-1024x474.webp 1024w, https:\/\/cdn.conradpuntademita.com\/wp-content\/uploads\/2023\/11\/23134252\/PVRPMCI_GrandSuite-Terrace2-scaled-e1653492505849-1-768x355.webp 768w, https:\/\/cdn.conradpuntademita.com\/wp-content\/uploads\/2023\/11\/23134252\/PVRPMCI_GrandSuite-Terrace2-scaled-e1653492505849-1-1536x710.webp 1536w, https:\/\/cdn.conradpuntademita.com\/wp-content\/uploads\/2023\/11\/23134252\/PVRPMCI_GrandSuite-Terrace2-scaled-e1653492505849-1-18x8.webp 18w\" sizes=\"auto, (max-width: 1920px) 100vw, 1920px\" \/>\t\t\t\t\t<\/div>\n\n\t\t<\/section>\n\n\n<section id=\"responsive-spacer-block_78c9c2927ce1f73eb99ff48e3fbd820d\" class=\"responsive-spacer\">\n<\/section>\n<style>\n  #responsive-spacer-block_78c9c2927ce1f73eb99ff48e3fbd820d {\n    width: 100%;\n  }\n\n  #responsive-spacer-block_78c9c2927ce1f73eb99ff48e3fbd820d {\n    height: 90px;\n  }\n\n  @media (min-width: 769px) {\n    #responsive-spacer-block_78c9c2927ce1f73eb99ff48e3fbd820d {\n      height: 130px;\n    }\n  }\n\n  @media (min-width: 1201px) {\n    #responsive-spacer-block_78c9c2927ce1f73eb99ff48e3fbd820d {\n      height: 177px;\n    }\n  }\n\n  <\/style>\n\n<section id=\"three-col-resort-block_62145225bd3933750f28e3cea0751d92\" class=\"three-col-resort body-wrapper alignleft\">\n  <div class=\"container\">\n          <\/div>\n\n  \n  <\/section>\n\n\n\n<figure class=\"wp-block-embed aligncenter is-type-video is-provider-youtube wp-block-embed-youtube wp-embed-aspect-16-9 wp-has-aspect-ratio\"><div class=\"wp-block-embed__wrapper\">\n<iframe loading=\"lazy\" title=\"Video Tour Conrad Punta de Mita\" width=\"960\" height=\"540\" src=\"https:\/\/www.youtube.com\/embed\/B-Y0zALKSdg?feature=oembed\" frameborder=\"0\" allow=\"accelerometer; autoplay; clipboard-write; encrypted-media; gyroscope; picture-in-picture; web-share\" allowfullscreen><\/iframe>\n<\/div><\/figure>\n\n\n<section id=\"responsive-spacer-block_78c9c2927ce1f73eb99ff48e3fbd820d\" class=\"responsive-spacer\">\n<\/section>\n<style>\n  #responsive-spacer-block_78c9c2927ce1f73eb99ff48e3fbd820d {\n    width: 100%;\n  }\n\n  #responsive-spacer-block_78c9c2927ce1f73eb99ff48e3fbd820d {\n    height: 90px;\n  }\n\n  @media (min-width: 769px) {\n    #responsive-spacer-block_78c9c2927ce1f73eb99ff48e3fbd820d {\n      height: 130px;\n    }\n  }\n\n  @media (min-width: 1201px) {\n    #responsive-spacer-block_78c9c2927ce1f73eb99ff48e3fbd820d {\n      height: 177px;\n    }\n  }\n\n  <\/style>","protected":false},"excerpt":{"rendered":"","protected":false},"author":8,"featured_media":0,"parent":0,"menu_order":0,"comment_status":"closed","ping_status":"closed","template":"","meta":{"_acf_changed":false,"inline_featured_image":false,"footnotes":""},"categories":[],"class_list":["post-6614","page","type-page","status-publish","hentry"],"acf":[],"featured_image_src":null,"featured_image_src_square":null,"publishpress_future_action":{"enabled":false,"date":"2026-05-16 16:55:07","action":"change-status","newStatus":"draft","terms":[],"taxonomy":"category","extraData":[]},"publishpress_future_workflow_manual_trigger":{"enabledWorkflows":[]},"_links":{"self":[{"href":"https:\/\/www.conradpuntademita.com\/es\/wp-json\/wp\/v2\/pages\/6614","targetHints":{"allow":["GET"]}}],"collection":[{"href":"https:\/\/www.conradpuntademita.com\/es\/wp-json\/wp\/v2\/pages"}],"about":[{"href":"https:\/\/www.conradpuntademita.com\/es\/wp-json\/wp\/v2\/types\/page"}],"author":[{"embeddable":true,"href":"https:\/\/www.conradpuntademita.com\/es\/wp-json\/wp\/v2\/users\/8"}],"replies":[{"embeddable":true,"href":"https:\/\/www.conradpuntademita.com\/es\/wp-json\/wp\/v2\/comments?post=6614"}],"version-history":[{"count":156,"href":"https:\/\/www.conradpuntademita.com\/es\/wp-json\/wp\/v2\/pages\/6614\/revisions"}],"predecessor-version":[{"id":7431,"href":"https:\/\/www.conradpuntademita.com\/es\/wp-json\/wp\/v2\/pages\/6614\/revisions\/7431"}],"wp:attachment":[{"href":"https:\/\/www.conradpuntademita.com\/es\/wp-json\/wp\/v2\/media?parent=6614"}],"wp:term":[{"taxonomy":"category","embeddable":true,"href":"https:\/\/www.conradpuntademita.com\/es\/wp-json\/wp\/v2\/categories?post=6614"}],"curies":[{"name":"wp","href":"https:\/\/api.w.org\/{rel}","templated":true}]}}