{"id":6702,"date":"2023-08-07T18:39:03","date_gmt":"2023-08-07T18:39:03","guid":{"rendered":"https:\/\/www.conradpuntademita.com\/?page_id=6702"},"modified":"2025-06-02T09:36:13","modified_gmt":"2025-06-02T09:36:13","slug":"comodidades","status":"publish","type":"page","link":"https:\/\/www.conradpuntademita.com\/es\/comodidades\/","title":{"rendered":"Comodidades"},"content":{"rendered":"<section id=\"banner-block_c7ab4c4a2c11dd29f11be1f8050db82e\" class=\"base-banner banner gradient-banner full-height-banner full-height single-room\">\n  <div class=\"banner-wrapper\">\n          <img decoding=\"async\" src=\"https:\/\/cdn.conradpuntademita.com\/wp-content\/uploads\/2023\/07\/21143443\/2-Lobby.webp\" alt=\"2-Lobby\" class=\"banner__img banner__media\">\n      <\/div>\n\n      <div class=\"banner-content\">\n              <h1 class=\"banner-title heading1\">Comodidades<\/h1>\n      \n              \n      \n<\/section>\n\n\n\n<section class=\"wysiwig body-wrapper margin-top-10 block-width-50 half-width\" id=\"wysiwig-block_0082c0ae80ae63c85308b2a618c2588f\">\n  <p style=\"text-align: center;\"><span style=\"font-weight: 400;\">Conrad Punta de Mita ofrece una amplia gama de comodidades y servicios, garantizando que cada hu\u00e9sped disfrute de una estancia verdaderamente inolvidable.<\/span><\/p>\n<\/section>\n\n\n<div style=\"height:25px\" aria-hidden=\"true\" class=\"wp-block-spacer\"><\/div>\n\n\n\n\n\n\t<section class=\"media-content body-wrapper align-center not-link\" id=\"recreation\">\n\t<div class=\"media-content__left\">\n\t\t\t\t<h2 class=\"heading2 a-up\">\n\t\t\tInstalaciones y Programas Recreativos\t\t\t\t\t<\/h2>\n\t\t\t\t\n\t\t\n\t\t\n\t\t\t\t<div class=\"media-content__text a-up a-delay-2\"><p><p>Piscina Infinita Frente al Mar: Sum\u00e9rgete en la magn\u00edfica piscina infinita con vistas a las aguas azules del Oc\u00e9ano Pac\u00edfico, brindando un impresionante tel\u00f3n de fondo para la relajaci\u00f3n y momentos llenos de sol.<\/p>\r\n<br>\r\n<p>Conrad Spa: Sum\u00e9rgete en un santuario de tranquilidad y rejuvenecimiento. Este amplio spa de 10,000 pies cuadrados presenta un dise\u00f1o innovador interior\/exterior, un temazcal tradicional y una variedad de tratamientos indulgentes y terapias dise\u00f1adas para restaurar el equilibrio y el bienestar.<\/p>\r\n<br>\r\n<p>Centro de Fitness: Mantente activo y lleno de energ\u00eda en nuestro completo centro de fitness, que cuenta con equipos de \u00faltima generaci\u00f3n para cardio y entrenamiento de fuerza. Ideal para aquellos hu\u00e9spedes que desean mantener su rutina de ejercicio durante su estancia.<\/p>\r\n<br>\r\n<p>Golf: El Higuera Golf Club, ubicado a pasos del resort, es famoso por ser un destino imperdible para muchos golfistas. Dise\u00f1ado por Greg Norman, la obra maestra de 18 hoyos y par 72 combina un juego desafiante con una experiencia excepcional de golf en medio de impresionantes paisajes naturales.<\/p>\r\n<br>\r\n<p>Actividades de Aventura: Experimenta la emoci\u00f3n del tirolesa, la vela y la observaci\u00f3n de ballenas en temporada, todo a pocos minutos del resort. Crea recuerdos inolvidables mientras exploras las cautivadoras maravillas naturales de la regi\u00f3n.<\/p>\r\n<br><\/p><\/div>\n\t\t\n\t\t\t<\/div>\n\n\t<div class=\"media-content__right hover-images a-up a-delay-2\">\n\t\t<span class=\"media-content__gradient media-content__gradient-left\"><\/span>\n\t\t<span class=\"media-content__gradient media-content__gradient-right\"><\/span>\n\t\t<span class=\"media-content__gradient media-content__gradient-top\"><\/span>\n\t\t<span class=\"media-content__gradient media-content__gradient-bottom\"><\/span>\n\t\t\t\t\t\t\t<img decoding=\"async\" width=\"1024\" height=\"683\" src=\"https:\/\/cdn.conradpuntademita.com\/wp-content\/uploads\/2023\/07\/21143805\/15-ActivityPool.webp\" class=\"hover-image is-hovered\" alt=\"La zona de estar junto a la piscina ofrece una vista espl\u00e9ndida del impresionante mar.\" loading=\"lazy\" srcset=\"https:\/\/cdn.conradpuntademita.com\/wp-content\/uploads\/2023\/07\/21143805\/15-ActivityPool.webp 1024w, https:\/\/cdn.conradpuntademita.com\/wp-content\/uploads\/2023\/07\/21143805\/15-ActivityPool-300x200.webp 300w, https:\/\/cdn.conradpuntademita.com\/wp-content\/uploads\/2023\/07\/21143805\/15-ActivityPool-768x512.webp 768w, https:\/\/cdn.conradpuntademita.com\/wp-content\/uploads\/2023\/07\/21143805\/15-ActivityPool-18x12.webp 18w, https:\/\/cdn.conradpuntademita.com\/wp-content\/uploads\/2023\/07\/21143805\/15-ActivityPool-600x400.webp 600w\" sizes=\"auto, (max-width: 1024px) 100vw, 1024px\" \/>\t\t\t\t\t<\/div>\n\n\t\t<\/section>\n\n\n\n\t<section class=\"media-content body-wrapper align-center not-link\" id=\"banner-block_913b73a1f7109fa12355954706ffbb88\">\n\t<div class=\"media-content__left\">\n\t\t\t\t<h2 class=\"heading2 a-up\">\n\t\t\tServicios\t\t\t\t\t<\/h2>\n\t\t\t\t\n\t\t\n\t\t\n\t\t\t\t<div class=\"media-content__text a-up a-delay-2\"><p><p>Concierge: Nuestro equipo de conserjer\u00eda dedicado est\u00e1 disponible para ayudarte con cualquier solicitud, desde organizar transporte y reservar excursiones locales hasta ofrecer recomendaciones para explorar la zona.<\/p>\r\n<br>\r\n<p>Servicio a la Habitaci\u00f3n: Del\u00e9itate con una variedad de platillos deliciosos desde la comodidad de tu habitaci\u00f3n gracias al conveniente servicio a la habitaci\u00f3n disponible las 24 horas. Ya sea un tranquilo desayuno o un tentempi\u00e9 nocturno, nuestras opciones culinarias est\u00e1n a solo una llamada de distancia.<\/p>\r\n<br>\r\n<p>Servicio de Lavander\u00eda: Disfruta de la comodidad de nuestro servicio de lavander\u00eda, asegur\u00e1ndote de que tu ropa est\u00e9 fresca y lista siempre que la necesites.<\/p>\r\n<br>\r\n<p>Wi-Fi: Mantente conectado durante toda tu estancia con nuestro Wi-Fi de alta velocidad gratuito, que te permite comunicarte f\u00e1cilmente con tus seres queridos o ocuparte de asuntos de negocios sin esfuerzo.<\/p>\r\n<br>\r\n<\/p><\/div>\n\t\t\n\t\t\t<\/div>\n\n\t<div class=\"media-content__right hover-images a-up a-delay-2\">\n\t\t<span class=\"media-content__gradient media-content__gradient-left\"><\/span>\n\t\t<span class=\"media-content__gradient media-content__gradient-right\"><\/span>\n\t\t<span class=\"media-content__gradient media-content__gradient-top\"><\/span>\n\t\t<span class=\"media-content__gradient media-content__gradient-bottom\"><\/span>\n\t\t\t\t\t\t\t<img decoding=\"async\" width=\"2048\" height=\"1365\" src=\"https:\/\/cdn.conradpuntademita.com\/wp-content\/uploads\/2022\/04\/13120301\/ConradPuntaMita-Spherical-JoeThomas-022022-89.webp\" class=\"hover-image is-hovered\" alt=\"Hombre y mujer de pie en la playa por la noche\" loading=\"lazy\" srcset=\"https:\/\/cdn.conradpuntademita.com\/wp-content\/uploads\/2022\/04\/13120301\/ConradPuntaMita-Spherical-JoeThomas-022022-89.webp 2048w, https:\/\/cdn.conradpuntademita.com\/wp-content\/uploads\/2022\/04\/13120301\/ConradPuntaMita-Spherical-JoeThomas-022022-89-300x200.jpg 300w, https:\/\/cdn.conradpuntademita.com\/wp-content\/uploads\/2022\/04\/13120301\/ConradPuntaMita-Spherical-JoeThomas-022022-89-1024x683.jpg 1024w, https:\/\/cdn.conradpuntademita.com\/wp-content\/uploads\/2022\/04\/13120301\/ConradPuntaMita-Spherical-JoeThomas-022022-89-768x512.jpg 768w, https:\/\/cdn.conradpuntademita.com\/wp-content\/uploads\/2022\/04\/13120301\/ConradPuntaMita-Spherical-JoeThomas-022022-89-1536x1024.jpg 1536w, https:\/\/cdn.conradpuntademita.com\/wp-content\/uploads\/2022\/04\/13120301\/ConradPuntaMita-Spherical-JoeThomas-022022-89-600x400.jpg 600w\" sizes=\"auto, (max-width: 2048px) 100vw, 2048px\" \/>\t\t\t\t\t<\/div>\n\n\t\t<\/section>\n\n\n\n<section class=\"block-content\">\n  <div class=\"block-content-wrapper\">\n    <div class=\"block-content__content content\"><p><span style=\"font-weight: 400;\">En Conrad Punta de Mita, cada detalle de tu estancia est\u00e1 cuidadosamente seleccionado para garantizar una experiencia excepcional y sin contratiempos. Desde las lujosas comodidades y las instalaciones recreativas hasta los servicios personalizados, nos esforzamos por superar tus expectativas y crear recuerdos inolvidables durante tu tiempo con nosotros.<\/span><\/p>\n<\/div>\n  <\/div>\n<\/section>","protected":false},"excerpt":{"rendered":"<p>Conrad Punta de Mita ofrece una amplia gama de comodidades y servicios, garantizando que cada hu\u00e9sped disfrute de una estancia verdaderamente inolvidable.<\/p>","protected":false},"author":8,"featured_media":6541,"parent":0,"menu_order":0,"comment_status":"closed","ping_status":"closed","template":"","meta":{"_acf_changed":false,"inline_featured_image":false,"footnotes":""},"categories":[],"class_list":["post-6702","page","type-page","status-publish","has-post-thumbnail","hentry"],"acf":[],"featured_image_src":"https:\/\/cdn.conradpuntademita.com\/wp-content\/uploads\/2023\/07\/21143443\/2-Lobby-600x400.webp","featured_image_src_square":"https:\/\/cdn.conradpuntademita.com\/wp-content\/uploads\/2023\/07\/21143443\/2-Lobby-600x600.webp","publishpress_future_action":{"enabled":false,"date":"2026-05-05 18:43:28","action":"change-status","newStatus":"draft","terms":[],"taxonomy":"category","extraData":[]},"publishpress_future_workflow_manual_trigger":{"enabledWorkflows":[]},"_links":{"self":[{"href":"https:\/\/www.conradpuntademita.com\/es\/wp-json\/wp\/v2\/pages\/6702","targetHints":{"allow":["GET"]}}],"collection":[{"href":"https:\/\/www.conradpuntademita.com\/es\/wp-json\/wp\/v2\/pages"}],"about":[{"href":"https:\/\/www.conradpuntademita.com\/es\/wp-json\/wp\/v2\/types\/page"}],"author":[{"embeddable":true,"href":"https:\/\/www.conradpuntademita.com\/es\/wp-json\/wp\/v2\/users\/8"}],"replies":[{"embeddable":true,"href":"https:\/\/www.conradpuntademita.com\/es\/wp-json\/wp\/v2\/comments?post=6702"}],"version-history":[{"count":11,"href":"https:\/\/www.conradpuntademita.com\/es\/wp-json\/wp\/v2\/pages\/6702\/revisions"}],"predecessor-version":[{"id":18401,"href":"https:\/\/www.conradpuntademita.com\/es\/wp-json\/wp\/v2\/pages\/6702\/revisions\/18401"}],"wp:featuredmedia":[{"embeddable":true,"href":"https:\/\/www.conradpuntademita.com\/es\/wp-json\/wp\/v2\/media\/6541"}],"wp:attachment":[{"href":"https:\/\/www.conradpuntademita.com\/es\/wp-json\/wp\/v2\/media?parent=6702"}],"wp:term":[{"taxonomy":"category","embeddable":true,"href":"https:\/\/www.conradpuntademita.com\/es\/wp-json\/wp\/v2\/categories?post=6702"}],"curies":[{"name":"wp","href":"https:\/\/api.w.org\/{rel}","templated":true}]}}