{"id":8076,"date":"2024-03-20T19:39:42","date_gmt":"2024-03-20T19:39:42","guid":{"rendered":"https:\/\/www.conradpuntademita.com\/?page_id=8076"},"modified":"2025-10-09T15:28:40","modified_gmt":"2025-10-09T15:28:40","slug":"transferencia-de-aeropuerto","status":"publish","type":"page","link":"https:\/\/www.conradpuntademita.com\/es\/transferencia-de-aeropuerto\/","title":{"rendered":"Solicitud de traslado al aeropuerto"},"content":{"rendered":"<section id=\"banner-block_f3d2805c873bf3352d6e043bfd08e932\" class=\"banner gradient-banner full-height-banner full-height single-room\">\n  <div class=\"banner-wrapper\">\n          <img decoding=\"async\" src=\"https:\/\/cdn.conradpuntademita.com\/wp-content\/uploads\/2023\/11\/23133846\/IMG_6118-2-1-1-e1653630835108.webp\" alt=\"IMG_6118-2-1-1-e1653630835108\" class=\"banner__img banner__media\">\n      <\/div>\n\n      <div class=\"banner-content\">\n              <h1 class=\"banner-title heading1\">Traslados Privados<\/h1>\n      \n              \n      \n<\/section>\n\n\n\n<section class=\"wysiwig body-wrapper margin-top-10 half-width\" id=\"wysiwig-block_7bc8779dbebda2ba349c08095e3b1e47\">\n  <p style=\"text-align: center;\">Viajar desde el Aeropuerto Internacional de Puerto Vallarta se hace sin problemas con el transporte privado de nuestro resort. Nuestro anfitri\u00f3n lo recibir\u00e1 al salir de la terminal del aeropuerto y lo acompa\u00f1ar\u00e1 a nuestro veh\u00edculo de lujo para el viaje de 40 minutos hasta Conrad Punta de Mita. El transporte privado es proporcionado por nuestra empresa externa exclusiva.<\/p>\n<p style=\"text-align: center;\">\n<p style=\"text-align: center;\">\nPara obtener ayuda para coordinar el transporte privado, proporci\u00f3nenos los siguientes detalles:<\/p>\n<p style=\"text-align: center;\">\n<p style=\"text-align: center;margin-top:120px\">\n\n<div class=\"wpcf7 no-js\" id=\"wpcf7-f8108-o1\" lang=\"en-US\" dir=\"ltr\" data-wpcf7-id=\"8108\">\n<div class=\"screen-reader-response\"><p role=\"status\" aria-live=\"polite\" aria-atomic=\"true\"><\/p> <ul><\/ul><\/div>\n<form action=\"\/es\/wp-json\/wp\/v2\/pages\/8076#wpcf7-f8108-o1\" method=\"post\" class=\"wpcf7-form init\" aria-label=\"Formulario de contacto\" novalidate=\"novalidate\" data-status=\"init\" data-trp-original-action=\"\/es\/wp-json\/wp\/v2\/pages\/8076#wpcf7-f8108-o1\">\n<fieldset class=\"hidden-fields-container\"><input type=\"hidden\" name=\"_wpcf7\" value=\"8108\" \/><input type=\"hidden\" name=\"_wpcf7_version\" value=\"6.1.4\" \/><input type=\"hidden\" name=\"_wpcf7_locale\" value=\"en_US\" \/><input type=\"hidden\" name=\"_wpcf7_unit_tag\" value=\"wpcf7-f8108-o1\" \/><input type=\"hidden\" name=\"_wpcf7_container_post\" value=\"0\" \/><input type=\"hidden\" name=\"_wpcf7_posted_data_hash\" value=\"\" \/><input type=\"hidden\" name=\"_wpcf7cf_hidden_group_fields\" value=\"[]\" \/><input type=\"hidden\" name=\"_wpcf7cf_hidden_groups\" value=\"[]\" \/><input type=\"hidden\" name=\"_wpcf7cf_visible_groups\" value=\"[]\" \/><input type=\"hidden\" name=\"_wpcf7cf_repeaters\" value=\"[]\" \/><input type=\"hidden\" name=\"_wpcf7cf_steps\" value=\"{}\" \/><input type=\"hidden\" name=\"_wpcf7cf_options\" value=\"{&quot;form_id&quot;:8108,&quot;conditions&quot;:[{&quot;then_field&quot;:&quot;group-arrival&quot;,&quot;and_rules&quot;:[{&quot;if_field&quot;:&quot;transfer_selection&quot;,&quot;operator&quot;:&quot;equals&quot;,&quot;if_value&quot;:&quot;Round Trip&quot;}]},{&quot;then_field&quot;:&quot;group-arrival&quot;,&quot;and_rules&quot;:[{&quot;if_field&quot;:&quot;transfer_selection&quot;,&quot;operator&quot;:&quot;equals&quot;,&quot;if_value&quot;:&quot;One Way: Airport to Hotel&quot;}]},{&quot;then_field&quot;:&quot;group-departure&quot;,&quot;and_rules&quot;:[{&quot;if_field&quot;:&quot;transfer_selection&quot;,&quot;operator&quot;:&quot;equals&quot;,&quot;if_value&quot;:&quot;Round Trip&quot;}]},{&quot;then_field&quot;:&quot;group-departure&quot;,&quot;and_rules&quot;:[{&quot;if_field&quot;:&quot;transfer_selection&quot;,&quot;operator&quot;:&quot;equals&quot;,&quot;if_value&quot;:&quot;One Way: Hotel to Airport&quot;}]}],&quot;settings&quot;:{&quot;animation&quot;:&quot;yes&quot;,&quot;animation_intime&quot;:200,&quot;animation_outtime&quot;:200,&quot;conditions_ui&quot;:&quot;normal&quot;,&quot;notice_dismissed&quot;:false,&quot;notice_dismissed_rollback-cf7-5.9.5&quot;:true,&quot;notice_dismissed_update-cf7-6.0&quot;:true}}\" \/><input type=\"hidden\" name=\"_wpcf7_recaptcha_response\" value=\"\" \/>\n<\/fieldset>\n<div class=\"rfp-form\">\n\t<div class=\"contact-form\">\n\t\t<div class=\"form-row\">\n\t\t\t<div class=\"form-col\">\n\t\t\t\t<p><label for=\"name_reservation\" class=\"sr-only\">Nombre en la reserva de habitaci\u00f3n<\/label><span class=\"wpcf7-form-control-wrap\" data-name=\"name_reservation\"><input size=\"40\" maxlength=\"400\" class=\"wpcf7-form-control wpcf7-text wpcf7-validates-as-required form-control\" id=\"name_reservation\" aria-required=\"true\" aria-invalid=\"false\" placeholder=\"Nombre en la reserva de habitaci\u00f3n*\" value=\"\" type=\"text\" name=\"name_reservation\" \/><\/span>\n\t\t\t\t<\/p>\n\t\t\t<\/div>\n\t\t\t<div class=\"form-col\">\n\t\t\t\t<p><label for=\"email\" class=\"sr-only\">Direcci\u00f3n de correo electr\u00f3nico<\/label><span class=\"wpcf7-form-control-wrap\" data-name=\"email\"><input size=\"40\" maxlength=\"400\" class=\"wpcf7-form-control wpcf7-email wpcf7-validates-as-required wpcf7-text wpcf7-validates-as-email form-control\" id=\"email\" aria-required=\"true\" aria-invalid=\"false\" placeholder=\"Direcci\u00f3n de correo electr\u00f3nico*\" value=\"\" type=\"email\" name=\"email\" \/><\/span>\n\t\t\t\t<\/p>\n\t\t\t<\/div>\n\t\t\t<div class=\"form-col form-col-2\">\n\t\t\t\t<p><label for=\"transfer_selection\" class=\"sr-only\">Selecci\u00f3n de transferencia<\/label><span class=\"wpcf7-form-control-wrap\" data-name=\"transfer_selection\"><select class=\"wpcf7-form-control wpcf7-select wpcf7-validates-as-required form-control jcf-select\" id=\"transfer_selection\" aria-required=\"true\" aria-invalid=\"false\" name=\"transfer_selection\"><option value=\"\">-Por favor, elija una opci\u00f3n-<\/option><option value=\"Round Trip\">Ida y vuelta<\/option><option value=\"One Way: Airport to Hotel\">Ida: aeropuerto al hotel<\/option><option value=\"One Way: Hotel to Airport\">Ida: hotel al aeropuerto<\/option><\/select><\/span>\n\t\t\t\t<\/p>\n\t\t\t<\/div>\n\t\t\t<div class=\"form-col form-col-2\">\n\t\t\t\t<p><label for=\"vehicle_choice\" class=\"sr-only\">Veh\u00edculo de tu elecci\u00f3n<\/label><span class=\"wpcf7-form-control-wrap\" data-name=\"vehicle\"><select class=\"wpcf7-form-control wpcf7-select wpcf7-validates-as-required form-control jcf-select\" id=\"vehicle\" aria-required=\"true\" aria-invalid=\"false\" name=\"vehicle\"><option value=\"\">-Por favor, elija una opci\u00f3n-<\/option><option value=\"Luxury SUV for 1-6 guests ($374 Roundtrip or $225 for arrival and $149 for departure)\">SUV de lujo para 1-6 invitados ($374 ida y vuelta o $225 para llegada y $149 para salida)<\/option><option value=\"2 Luxury SUVs for 7-12 guests ($748 roundtrip or $450 for arrival and $298 for departure)\">2 SUV de lujo para 7-12 invitados ($748 ida y vuelta o $450 para llegada y $298 para salida)<\/option><option value=\"Luxury Sprinter Van for 7-12 Guests ($748 roundtrip or $450 for arrival and $298 for departure)\">Furgoneta Sprinter de lujo para 7-12 invitados ($748 ida y vuelta o $450 para llegada y $298 para salida)<\/option><\/select><\/span>\n\t\t\t\t<\/p>\n\t\t\t<\/div>\n\t\t\t<div class=\"form-col form-col-2\">\n\t\t\t\t<p><label for=\"full_guests\" class=\"sr-only\">nombre de los invitados<\/label><span class=\"wpcf7-form-control-wrap\" data-name=\"full_guests\"><textarea cols=\"40\" rows=\"4\" maxlength=\"2000\" class=\"wpcf7-form-control wpcf7-textarea wpcf7-validates-as-required form-control\" id=\"full_guests\" aria-required=\"true\" aria-invalid=\"false\" placeholder=\"Nombre de los invitados (indique las edades de los ni\u00f1os):*\" name=\"full_guests\"><\/textarea><\/span>\n\t\t\t\t<\/p>\n\t\t\t<\/div>\n\t\t\t<div class=\"form-col\">\n\t\t\t\t<div data-id=\"group-arrival\" data-orig_data_id=\"group-arrival\"  class=\"\" data-class=\"wpcf7cf_group\">\n\t\t\t\t\t<p><label for=\"arrival_date\" class=\"sr-only\">Fecha de llegada<\/label><span class=\"wpcf7-form-control-wrap\" data-name=\"arrival_date\"><input class=\"wpcf7-form-control wpcf7-date wpcf7-validates-as-required wpcf7-validates-as-date form-control\" id=\"arrival_date\" aria-required=\"true\" aria-invalid=\"false\" placeholder=\"Fecha de llegada*\" value=\"\" type=\"date\" name=\"arrival_date\" \/><\/span>\n\t\t\t\t\t<\/p>\n\t\t\t\t<\/div>\n\t\t\t<\/div>\n\t\t\t<div class=\"form-col\">\n\t\t\t\t<div data-id=\"group-departure\" data-orig_data_id=\"group-departure\"  class=\"\" data-class=\"wpcf7cf_group\">\n\t\t\t\t\t<p><label for=\"departure_date\" class=\"sr-only\">Fecha de salida<\/label><span class=\"wpcf7-form-control-wrap\" data-name=\"departure_date\"><input class=\"wpcf7-form-control wpcf7-date wpcf7-validates-as-required wpcf7-validates-as-date form-control\" id=\"departure_date\" aria-required=\"true\" aria-invalid=\"false\" placeholder=\"Fecha de salida*\" value=\"\" type=\"date\" name=\"departure_date\" \/><\/span>\n\t\t\t\t\t<\/p>\n\t\t\t\t<\/div>\n\t\t\t<\/div>\n\t\t\t<div class=\"form-col\">\n\t\t\t\t<div data-id=\"group-arrival\" data-orig_data_id=\"group-arrival\"  class=\"\" data-class=\"wpcf7cf_group\">\n\t\t\t\t\t<p><label for=\"arrival_airline\" class=\"sr-only\">Aerol\u00ednea de llegada<\/label><span class=\"wpcf7-form-control-wrap\" data-name=\"arrival_airline\"><input size=\"40\" maxlength=\"400\" class=\"wpcf7-form-control wpcf7-text wpcf7-validates-as-required form-control\" id=\"arrival_airline\" aria-required=\"true\" aria-invalid=\"false\" placeholder=\"Aerol\u00ednea de llegada*\" value=\"\" type=\"text\" name=\"arrival_airline\" \/><\/span>\n\t\t\t\t\t<\/p>\n\t\t\t\t<\/div>\n\t\t\t<\/div>\n\t\t\t<div class=\"form-col\">\n\t\t\t\t<div data-id=\"group-departure\" data-orig_data_id=\"group-departure\"  class=\"\" data-class=\"wpcf7cf_group\">\n\t\t\t\t\t<p><label for=\"departure_airline\" class=\"sr-only\">Aerol\u00ednea de salida<\/label><span class=\"wpcf7-form-control-wrap\" data-name=\"departure_airline\"><input size=\"40\" maxlength=\"400\" class=\"wpcf7-form-control wpcf7-text wpcf7-validates-as-required form-control\" id=\"departure_airline\" aria-required=\"true\" aria-invalid=\"false\" placeholder=\"Aerol\u00ednea de salida*\" value=\"\" type=\"text\" name=\"departure_airline\" \/><\/span>\n\t\t\t\t\t<\/p>\n\t\t\t\t<\/div>\n\t\t\t<\/div>\n\t\t\t<div class=\"form-col\">\n\t\t\t\t<div data-id=\"group-arrival\" data-orig_data_id=\"group-arrival\"  class=\"\" data-class=\"wpcf7cf_group\">\n\t\t\t\t\t<p><label for=\"airline_flight\" class=\"sr-only\">N\u00famero de vuelo de llegada<\/label><span class=\"wpcf7-form-control-wrap\" data-name=\"airline_flight\"><input size=\"40\" maxlength=\"400\" class=\"wpcf7-form-control wpcf7-text wpcf7-validates-as-required form-control\" id=\"airline_flight\" aria-required=\"true\" aria-invalid=\"false\" placeholder=\"N\u00famero de vuelo de llegada*\" value=\"\" type=\"text\" name=\"airline_flight\" \/><\/span>\n\t\t\t\t\t<\/p>\n\t\t\t\t<\/div>\n\t\t\t<\/div>\n\t\t\t<div class=\"form-col\">\n\t\t\t\t<div data-id=\"group-departure\" data-orig_data_id=\"group-departure\"  class=\"\" data-class=\"wpcf7cf_group\">\n\t\t\t\t\t<p><label for=\"departure_flight\" class=\"sr-only\">N\u00famero de vuelo de salida<\/label><span class=\"wpcf7-form-control-wrap\" data-name=\"departure_flight\"><input size=\"40\" maxlength=\"400\" class=\"wpcf7-form-control wpcf7-text wpcf7-validates-as-required form-control\" id=\"departure_flight\" aria-required=\"true\" aria-invalid=\"false\" placeholder=\"N\u00famero de vuelo de salida*\" value=\"\" type=\"text\" name=\"departure_flight\" \/><\/span>\n\t\t\t\t\t<\/p>\n\t\t\t\t<\/div>\n\t\t\t<\/div>\n\t\t\t<div class=\"form-col\">\n\t\t\t\t<div data-id=\"group-arrival\" data-orig_data_id=\"group-arrival\"  class=\"\" data-class=\"wpcf7cf_group\">\n\t\t\t\t\t<p><label for=\"arrival_time\" class=\"sr-only\">Hora de llegada y desde<\/label><span class=\"wpcf7-form-control-wrap\" data-name=\"arrival_time\"><input size=\"40\" maxlength=\"400\" class=\"wpcf7-form-control wpcf7-text wpcf7-validates-as-required form-control\" id=\"arrival_time\" aria-required=\"true\" aria-invalid=\"false\" placeholder=\"Hora de llegada y desde*\" value=\"\" type=\"text\" name=\"arrival_time\" \/><\/span>\n\t\t\t\t\t<\/p>\n\t\t\t\t<\/div>\n\t\t\t<\/div>\n\t\t\t<div class=\"form-col\">\n\t\t\t\t<div data-id=\"group-departure\" data-orig_data_id=\"group-departure\"  class=\"\" data-class=\"wpcf7cf_group\">\n\t\t\t\t\t<p><label for=\"departure_time\" class=\"sr-only\">Hora de salida del vuelo<\/label><span class=\"wpcf7-form-control-wrap\" data-name=\"departure_time\"><input size=\"40\" maxlength=\"400\" class=\"wpcf7-form-control wpcf7-text wpcf7-validates-as-required form-control\" id=\"departure_time\" aria-required=\"true\" aria-invalid=\"false\" placeholder=\"Hora de salida del vuelo*\" value=\"\" type=\"text\" name=\"departure_time\" \/><\/span>\n\t\t\t\t\t<\/p>\n\t\t\t\t<\/div>\n\t\t\t<\/div>\n\t\t\t<div class=\"form-col form-col-2\">\n\t\t\t\t<p><label for=\"car_seats\" class=\"sr-only\">Asientos elevados o elevados para el autom\u00f3vil, si es necesario<\/label><span class=\"wpcf7-form-control-wrap\" data-name=\"car_seats\"><input size=\"40\" maxlength=\"400\" class=\"wpcf7-form-control wpcf7-text wpcf7-validates-as-required form-control\" id=\"car_seats\" aria-required=\"true\" aria-invalid=\"false\" placeholder=\"Asientos elevados o elevados para el autom\u00f3vil, si es necesario*\" value=\"\" type=\"text\" name=\"car_seats\" \/><\/span>\n\t\t\t\t<\/p>\n\t\t\t<\/div>\n\t\t\t<div class=\"form-col form-col-2\">\n\t\t\t\t<p><label for=\"cellphone\" class=\"sr-only\">Tel\u00e9fono de contacto<\/label><span class=\"wpcf7-form-control-wrap\" data-name=\"phone\"><input size=\"40\" maxlength=\"400\" class=\"wpcf7-form-control wpcf7-text wpcf7-validates-as-required form-control\" id=\"cellphone\" aria-required=\"true\" aria-invalid=\"false\" placeholder=\"Tel\u00e9fono de contacto*\" value=\"\" type=\"text\" name=\"phone\" \/><\/span>\n\t\t\t\t<\/p>\n\t\t\t<\/div>\n\t\t<\/div>\n\t\t<div class=\"form-col\">\n\t\t\t<p><strong><em>**<\/em><\/strong><em> Recomendamos salir del resort al menos 3 horas antes de su vuelo de salida, debido a regulaciones de la aerol\u00ednea (2 horas antes del vuelo), m\u00e1s el tiempo de transporte desde el resort al aeropuerto (1 hora aproximadamente).<\/em>\n\t\t\t<\/p>\n\t\t\t<p>&nbsp;\n\t\t\t<\/p>\n\t\t\t<h6>Pol\u00edtica de Cancelaci\u00f3n de Transporte:\n\t\t\t<\/h6>\n\t\t\t<ul>\n\t\t\t\t<li>\n\t\t\t\t\t<p>Hasta 24 horas antes de la llegada, sin penalizaci\u00f3n\n\t\t\t\t\t<\/p>\n\t\t\t\t<\/li>\n\t\t\t\t<li>\n\t\t\t\t\t<p>Hasta 12 horas antes de la llegada, penalizaci\u00f3n 50%\n\t\t\t\t\t<\/p>\n\t\t\t\t<\/li>\n\t\t\t\t<li>\n\t\t\t\t\t<p>No presentarse, penalizaci\u00f3n 100%\n\t\t\t\t\t<\/p>\n\t\t\t\t<\/li>\n\t\t\t\t<li>\n\t\t\t\t\t<p>Los cargos de transporte se aplican al folio de su habitaci\u00f3n y se pagan al momento del check-out.\n\t\t\t\t\t<\/p>\n\t\t\t\t<\/li>\n\t\t\t<\/ul>\n\t\t\t<p><span id=\"wpcf7-69f20c715a3ce-wrapper\" class=\"wpcf7-form-control-wrap website-wrap\" style=\"display:none !important; visibility:hidden !important;\"><label for=\"wpcf7-69f20c715a3ce-field\" class=\"hp-message\">Por favor, deja este campo vac\u00edo.<\/label><input id=\"wpcf7-69f20c715a3ce-field\"  class=\"wpcf7-form-control wpcf7-text\" type=\"text\" name=\"website\" value=\"\" size=\"40\" tabindex=\"-1\" autocomplete=\"new-password\" \/><\/span>\n\t\t\t<\/p>\n\t\t<\/div>\n\t\t<div class=\"form-col form-checkbox\">\n\t\t\t<p><span class=\"wpcf7-form-control-wrap\" data-name=\"terms\"><span class=\"wpcf7-form-control wpcf7-acceptance\"><span class=\"wpcf7-list-item\"><label><input type=\"checkbox\" name=\"terms\" value=\"1\" id=\"agree_terms\" aria-invalid=\"false\" \/><span class=\"wpcf7-list-item-label\">Entiendo lo siguiente*: He le\u00eddo y entiendo la pol\u00edtica de cancelaci\u00f3n. Las solicitudes, modificaciones y actualizaciones deber\u00e1n realizarse con al menos 24 horas de antelaci\u00f3n. Se enviar\u00e1 una copia de este formulario a la direcci\u00f3n de correo electr\u00f3nico ingresada anteriormente. Si no recibe un correo electr\u00f3nico, por favor p\u00f3ngase en contacto <a\n            href=\"mailto:Conradconcierge.puntademita@conradhotels.com\"\n            target=\"_blank\">Conradconcierge.puntademita@conradhotels.com<\/a> para confirmar su reserva.<\/span><\/label><\/span><\/span><\/span>\n\t\t\t<\/p>\n\t\t<\/div>\n\t\t<div class=\"form-submit\">\n\t\t\t<p><input class=\"wpcf7-form-control wpcf7-submit has-spinner btn btn-primary\" id=\"rfp-submit\" type=\"submit\" value=\"Reserva ahora\" \/>\n\t\t\t<\/p>\n\t\t<\/div>\n\t<\/div>\n<\/div><div class=\"wpcf7-response-output\" aria-hidden=\"true\"><\/div>\n<input type=\"hidden\" name=\"trp-form-language\" value=\"es\"\/><\/form>\n<\/div>\n<\/p>\n<\/section>","protected":false},"excerpt":{"rendered":"","protected":false},"author":2,"featured_media":0,"parent":0,"menu_order":0,"comment_status":"closed","ping_status":"closed","template":"","meta":{"_acf_changed":false,"inline_featured_image":false,"footnotes":""},"categories":[],"class_list":["post-8076","page","type-page","status-publish","hentry"],"acf":[],"featured_image_src":null,"featured_image_src_square":null,"publishpress_future_action":{"enabled":false,"date":"2026-05-06 13:49:37","action":"change-status","newStatus":"draft","terms":[],"taxonomy":"category","extraData":[]},"publishpress_future_workflow_manual_trigger":{"enabledWorkflows":[]},"_links":{"self":[{"href":"https:\/\/www.conradpuntademita.com\/es\/wp-json\/wp\/v2\/pages\/8076","targetHints":{"allow":["GET"]}}],"collection":[{"href":"https:\/\/www.conradpuntademita.com\/es\/wp-json\/wp\/v2\/pages"}],"about":[{"href":"https:\/\/www.conradpuntademita.com\/es\/wp-json\/wp\/v2\/types\/page"}],"author":[{"embeddable":true,"href":"https:\/\/www.conradpuntademita.com\/es\/wp-json\/wp\/v2\/users\/2"}],"replies":[{"embeddable":true,"href":"https:\/\/www.conradpuntademita.com\/es\/wp-json\/wp\/v2\/comments?post=8076"}],"version-history":[{"count":32,"href":"https:\/\/www.conradpuntademita.com\/es\/wp-json\/wp\/v2\/pages\/8076\/revisions"}],"predecessor-version":[{"id":18183,"href":"https:\/\/www.conradpuntademita.com\/es\/wp-json\/wp\/v2\/pages\/8076\/revisions\/18183"}],"wp:attachment":[{"href":"https:\/\/www.conradpuntademita.com\/es\/wp-json\/wp\/v2\/media?parent=8076"}],"wp:term":[{"taxonomy":"category","embeddable":true,"href":"https:\/\/www.conradpuntademita.com\/es\/wp-json\/wp\/v2\/categories?post=8076"}],"curies":[{"name":"wp","href":"https:\/\/api.w.org\/{rel}","templated":true}]}}